{"id":82,"date":"2023-10-28T22:13:54","date_gmt":"2023-10-28T20:13:54","guid":{"rendered":"https:\/\/www.labklima.sk\/?post_type=product&#038;p=82"},"modified":"2026-02-16T15:22:10","modified_gmt":"2026-02-16T14:22:10","slug":"invertorova-split-systema-electrolux-eacs-i-24hvi-n8_19y","status":"publish","type":"product","link":"https:\/\/www.labklima.sk\/cz\/produkt\/invertorova-split-systema-electrolux-eacs-i-24hvi-n8_19y\/","title":{"rendered":"Tepeln\u00e9 \u010derpadlo Electrolux Viking EACS\/I-24HVI\/N8_19Y"},"content":{"rendered":"<p><strong>Informace o v\u00fdrobku<\/strong><\/p>\n<p>D\u011blen\u00fd invertorov\u00fd syst\u00e9m Electrolux HVI Super DC Inverter pracuje efektivn\u011b v m\u00edstnostech r\u016fzn\u00fdch velikost\u00ed. Pokro\u010dil\u00e1 regulace proud\u011bn\u00ed vzduchu 7 re\u017eim\u016f horizont\u00e1ln\u00edch \u017ealuzi\u00ed a 7 re\u017eim\u016f vertik\u00e1ln\u00edch \u017ealuzi\u00ed vytv\u00e1\u0159\u00ed to nejpohodln\u011bj\u0161\u00ed vnit\u0159n\u00ed prost\u0159ed\u00ed. Funkce pam\u011bti zabra\u0148uje op\u011btovn\u00e9mu nastaven\u00ed klimatizace p\u0159i jej\u00edm dal\u0161\u00edm zapnut\u00ed.<\/p>\n<p><a href=\"https:\/\/www.labklima.sk\/wp-content\/uploads\/2023\/11\/electrolux_manual_air_conditioner_hav_22y_6l.pdf\"><img decoding=\"async\" class=\"alignleft wp-image-198 size-full\" src=\"https:\/\/www.labklima.sk\/wp-content\/uploads\/2023\/11\/pdf-files.png\" alt=\"\" width=\"64\" height=\"64\" \/><\/a><\/p>\n<p><a href=\"https:\/\/www.labklima.sk\/wp-content\/uploads\/2024\/07\/HVI-1.pdf\">PDF<br \/>\nSt\u00e1hnout PDF<\/a><\/p>\n<p><a href=\"https:\/\/www.labklima.sk\/wp-content\/uploads\/2023\/11\/electrolux_manual_air_conditioner_hav_22y_7l.pdf\"><img decoding=\"async\" class=\"alignleft wp-image-198 size-full\" src=\"https:\/\/www.labklima.sk\/wp-content\/uploads\/2023\/11\/pdf-files.png\" alt=\"\" width=\"64\" height=\"64\" \/><\/a><\/p>\n<p><a href=\"https:\/\/www.labklima.sk\/wp-content\/uploads\/2024\/07\/HVI-2.pdf\">PDF<br \/>\nSt\u00e1hnout PDF<\/a><\/p>","protected":false},"excerpt":{"rendered":"<div class=\"div_highlights\">\n<ul class=\"_highlights\">\n<li>Technologie m\u011bni\u010d\u016f<\/li>\n<li>N\u00edzk\u00e1 hladina hluku pouh\u00fdch 22 dB<\/li>\n<li>A+++<\/li>\n<li>Funkce I-Feel<\/li>\n<li>Efektivn\u00ed plocha do: 70 m\u00b2<\/li>\n<li>Dal\u0161\u00ed za\u0159\u00edzen\u00ed WiFi<\/li>\n<li>Vysok\u00e1 \u00fa\u010dinnost oh\u0159evu -30 \u00b0C<\/li>\n<li>Ve\u013ekos\u0165 vonkaj\u0161ej jednotky (\u0160xVxD): 980\u00d7790\u00d7427 mm<\/li>\n<li>Hmotnost: 16,5\/65 kg<\/li>\n<li>Ve\u013ekos\u0165 vn\u00fatornej jednotky: 1101\u00d7327\u00d7249 mm<\/li>\n<\/ul>\n<\/div>\n<div class=\"stock-product\">\n<p class=\"stock in-stock wd-style-bordered\"><span style=\"color: #000000;\">skladem<\/span><\/p>\n<\/div>","protected":false},"featured_media":725,"template":"","meta":[],"product_cat":[41,37],"product_tag":[],"_links":{"self":[{"href":"https:\/\/www.labklima.sk\/cz\/wp-json\/wp\/v2\/product\/82"}],"collection":[{"href":"https:\/\/www.labklima.sk\/cz\/wp-json\/wp\/v2\/product"}],"about":[{"href":"https:\/\/www.labklima.sk\/cz\/wp-json\/wp\/v2\/types\/product"}],"wp:featuredmedia":[{"embeddable":true,"href":"https:\/\/www.labklima.sk\/cz\/wp-json\/wp\/v2\/media\/725"}],"wp:attachment":[{"href":"https:\/\/www.labklima.sk\/cz\/wp-json\/wp\/v2\/media?parent=82"}],"wp:term":[{"taxonomy":"product_cat","embeddable":true,"href":"https:\/\/www.labklima.sk\/cz\/wp-json\/wp\/v2\/product_cat?post=82"},{"taxonomy":"product_tag","embeddable":true,"href":"https:\/\/www.labklima.sk\/cz\/wp-json\/wp\/v2\/product_tag?post=82"}],"curies":[{"name":"wp","href":"https:\/\/api.w.org\/{rel}","templated":true}]}}