{"id":777,"date":"2023-11-24T10:39:44","date_gmt":"2023-11-24T09:39:44","guid":{"rendered":"https:\/\/www.labklima.sk\/?post_type=product&#038;p=777"},"modified":"2025-02-03T11:53:30","modified_gmt":"2025-02-03T10:53:30","slug":"invertorova-split-systema-electrolux-eacs-i-12htp-hc-n8-eec","status":"publish","type":"product","link":"https:\/\/www.labklima.sk\/cz\/produkt\/invertorova-split-systema-electrolux-eacs-i-12htp-hc-n8-eec\/","title":{"rendered":"Invertorov\u00fd splitov\u00fd syst\u00e9m ELECTROLUX EACS\/I-12HTP\/HC\/\/N8 EEC"},"content":{"rendered":"<p><strong>Informace o v\u00fdrobku<\/strong><br \/>\nD\u00edky invertorov\u00e9 technologii pou\u017eit\u00e9 v kompresoru klimatizace HTP je nastaven\u00e9 \u00farovn\u011b teploty dosa\u017eeno rychleji a je udr\u017eov\u00e1na efektivn\u011bji. Trval\u00fd cyklus provozu invertoru bez p\u0159est\u00e1vek - v\u00fdsledkem je, \u017ee okoln\u00ed teplota z\u016fst\u00e1v\u00e1 stabiln\u00ed. Neust\u00e1le reguluje teplotu vzduchu pracuj\u00edc\u00edho p\u0159i optim\u00e1ln\u00edm n\u00edzk\u00e9m v\u00fdkonu.<\/p>\n<p>\u00daspory energie a finan\u010dn\u00edch prost\u0159edk\u016f je dosa\u017eeno modern\u00edm typem chladiva R32. Uvol\u0148uje v\u00edce energie a sni\u017euje spot\u0159ebu elektrick\u00e9 energie. P\u0159ep\u011bt\u00ed v obvodu nemaj\u00ed vliv na v\u00fdkon klimatizace. \u0160irok\u00fd rozsah provozn\u00edho nap\u011bt\u00ed umo\u017e\u0148uje HTP z\u016fstat funk\u010dn\u00ed p\u0159i 165-265 V, vyhnout se poruch\u00e1m a p\u0159epl\u00e1cen\u00ed.<\/p>\n<p>Klimatizace HTP se star\u00e1 nejen o p\u0159\u00edjemnou teplotu prost\u0159ed\u00ed, ale tak\u00e9 o vynikaj\u00edc\u00ed kvalitu vzduchu. Je vybavena spolehliv\u00fdm dvouf\u00e1zov\u00fdm filtrem, kter\u00fd se skl\u00e1d\u00e1 z fotokatalytick\u00e9ho a uhl\u00edkov\u00e9ho stupn\u011b \u010di\u0161t\u011bn\u00ed, a bipol\u00e1rn\u00edm ioniz\u00e1torem. Krom\u011b toho je p\u0159\u00edtomna speci\u00e1ln\u00ed ultrafialov\u00e1 steriliza\u010dn\u00ed funkce, kter\u00e1 ni\u010d\u00ed strukturu bakteri\u00ed a vir\u016f.<\/p>\n<p>\u0158ada HTP je navr\u017eena tak, abyste ignorovali jej\u00ed pr\u00e1ci a v\u0161imli si pouze skv\u011bl\u00e9ho v\u00fdsledku d\u00edky funkc\u00edm:<\/p>\n<p><strong>Technologie jemn\u00e9ho v\u011btru<\/strong><br \/>\nJemn\u00e9 proud\u011bn\u00ed vzduchu p\u016fsob\u00ed jemn\u011b a rovnom\u011brn\u011b se \u0161\u00ed\u0159\u00ed d\u00edky jedine\u010dn\u00e9 konstrukci perforovan\u00fdch \u017ealuzi\u00ed. M\u016f\u017eete si vybrat jednu ze sedmi rychlost\u00ed.<\/p>\n<p><strong>Re\u017eimy ECO a NIGHT<\/strong><br \/>\nPokud je zvolen re\u017eim ECO, klimatizace automaticky nastav\u00ed teplotu na \u00farove\u0148 nastavenou v\u00fdrobcem pro co nejv\u011bt\u0161\u00ed \u00fasporu energie. Re\u017eim NIGHT Sleep automaticky zvol\u00ed optim\u00e1ln\u00ed teplotu pro sp\u00e1nek a udr\u017euje ji po dobu 8 hodin.<\/p>\n<p><strong>Tich\u00fd provoz<\/strong><br \/>\nHlu\u010dnost klimatizace nep\u0159esahuje 22 dB, co\u017e odpov\u00edd\u00e1 \u0161um\u011bn\u00ed strom\u016f a lidsk\u00e9mu \u0161epotu.<\/p>\n<p><strong>Pohodln\u00e9 ovl\u00e1d\u00e1n\u00ed<\/strong><br \/>\nD\u00e1lkov\u00e9 ovl\u00e1d\u00e1n\u00ed z va\u0161eho obl\u00edben\u00e9ho k\u0159esla prost\u0159ednictv\u00edm pokro\u010dil\u00e9ho ovlada\u010de s roz\u0161\u00ed\u0159enou funk\u010dnost\u00ed velk\u00e9ho intuitivn\u00edho displeje.<\/p>\n<p><a href=\"https:\/\/www.labklima.sk\/wp-content\/uploads\/2023\/11\/electrolux_product_manual_htp_hc_6l.pdf\"><img decoding=\"async\" class=\"alignleft wp-image-198 size-full\" src=\"https:\/\/www.labklima.sk\/wp-content\/uploads\/2023\/11\/pdf-files.png\" alt=\"\" width=\"64\" height=\"64\" \/><\/a><\/p>\n<p><a href=\"https:\/\/www.labklima.sk\/wp-content\/uploads\/2023\/11\/electrolux_product_manual_htp_hc_6l.pdf\">PDF<br \/>\nSt\u00e1hnout PDF<\/a><\/p>\n<p><a href=\"https:\/\/www.labklima.sk\/wp-content\/uploads\/2023\/11\/electrolux_product_manual_htp_hc_7l.pdf\"><img decoding=\"async\" class=\"alignleft wp-image-198 size-full\" src=\"https:\/\/www.labklima.sk\/wp-content\/uploads\/2023\/11\/pdf-files.png\" alt=\"\" width=\"64\" height=\"64\" \/><\/a><\/p>\n<p><a href=\"https:\/\/www.labklima.sk\/wp-content\/uploads\/2023\/11\/electrolux_product_manual_htp_hc_7l.pdf\">PDF<br \/>\nSt\u00e1hnout PDF<\/a><\/p>","protected":false},"excerpt":{"rendered":"<div class=\"div_highlights\">\n<ul class=\"_highlights\">\n<li>Efektivn\u00ed plocha a\u017e 34 m2<\/li>\n<li>Technologie m\u011bni\u010d\u016f<\/li>\n<li>Wi-Fi<\/li>\n<li>Vn\u011bj\u0161\u00ed rozm\u011bry jednotky (Vx\u0160xH): 790\u00d7275\u00d7192 mm<\/li>\n<li>A++\/ A+++<\/li>\n<li>Velikost vnit\u0159n\u00ed jednotky (Vx\u0160xH): 777 \u00d7 498 \u00d7 290 mm<\/li>\n<li>7 \u00farovn\u00ed rychlosti<\/li>\n<li>Dal\u0161\u00ed za\u0159\u00edzen\u00ed WiFi<\/li>\n<li>Min. provozn\u00ed teplota vzduchu pro venkovn\u00ed jednotku -20 \u00b0\u0421<\/li>\n<li>Hmotnost: 8,5\/10,5 kg<\/li>\n<li>Sterilizace UV z\u00e1\u0159en\u00edm<\/li>\n<li>Funkce ionizace vzduchu<\/li>\n<\/ul>\n<\/div>\n<div class=\"stock-product\">\n<p class=\"stock in-stock wd-style-bordered\"><span style=\"color: #ff0000;\">Nen\u00ed skladem<\/span><\/p>\n<\/div>","protected":false},"featured_media":850,"template":"","meta":[],"product_cat":[42],"product_tag":[],"_links":{"self":[{"href":"https:\/\/www.labklima.sk\/cz\/wp-json\/wp\/v2\/product\/777"}],"collection":[{"href":"https:\/\/www.labklima.sk\/cz\/wp-json\/wp\/v2\/product"}],"about":[{"href":"https:\/\/www.labklima.sk\/cz\/wp-json\/wp\/v2\/types\/product"}],"wp:featuredmedia":[{"embeddable":true,"href":"https:\/\/www.labklima.sk\/cz\/wp-json\/wp\/v2\/media\/850"}],"wp:attachment":[{"href":"https:\/\/www.labklima.sk\/cz\/wp-json\/wp\/v2\/media?parent=777"}],"wp:term":[{"taxonomy":"product_cat","embeddable":true,"href":"https:\/\/www.labklima.sk\/cz\/wp-json\/wp\/v2\/product_cat?post=777"},{"taxonomy":"product_tag","embeddable":true,"href":"https:\/\/www.labklima.sk\/cz\/wp-json\/wp\/v2\/product_tag?post=777"}],"curies":[{"name":"wp","href":"https:\/\/api.w.org\/{rel}","templated":true}]}}