{"id":770,"date":"2023-11-24T09:54:41","date_gmt":"2023-11-24T08:54:41","guid":{"rendered":"https:\/\/www.labklima.sk\/?post_type=product&#038;p=770"},"modified":"2025-10-21T17:48:19","modified_gmt":"2025-10-21T15:48:19","slug":"invertorova-split-systema-electrolux-eacs-i-09htp-hc-n8-eec","status":"publish","type":"product","link":"https:\/\/www.labklima.sk\/cz\/produkt\/invertorova-split-systema-electrolux-eacs-i-09htp-hc-n8-eec\/","title":{"rendered":"Invertorov\u00fd split syst\u00e9m ELECTROLUX HTP DC Series"},"content":{"rendered":"<p><strong>Informace o v\u00fdrobku<\/strong><br \/>\nD\u00edky invertorov\u00e9 technologii pou\u017eit\u00e9 v kompresoru klimatizace HTP je nastaven\u00e1 teplota dosa\u017eena rychleji a udr\u017eov\u00e1na efektivn\u011bji. Nep\u0159etr\u017eit\u00fd cyklus provozu invertoru bez p\u0159eru\u0161en\u00ed vede ke stabiln\u00ed teplot\u011b v m\u00edstnosti. Klimatizace neust\u00e1le reguluje teplotu vzduchu p\u0159i optim\u00e1ln\u00ed n\u00edzk\u00e9 spot\u0159eb\u011b energie.<\/p>\n<p>\u00daspory energie a pen\u011bz je dosa\u017eeno d\u00edky modern\u00edmu typu chladiva R32. Uvol\u0148uje v\u00edce energie a sni\u017euje spot\u0159ebu elektrick\u00e9 energie. Kol\u00eds\u00e1n\u00ed nap\u011bt\u00ed v obvodu nem\u00e1 vliv na v\u00fdkon klimatizace. \u0160irok\u00fd rozsah provozn\u00edho nap\u011bt\u00ed umo\u017e\u0148uje provoz HTP p\u0159i nap\u011bt\u00ed 165-265 V, \u010d\u00edm\u017e se p\u0159edch\u00e1z\u00ed poruch\u00e1m a p\u0159eb\u00edjen\u00ed.<\/p>\n<p>Klimatizace HTP zaji\u0161\u0165uje nejen p\u0159\u00edjemnou teplotu v m\u00edstnosti, ale tak\u00e9 vynikaj\u00edc\u00ed kvalitu vzduchu. Je vybavena spolehliv\u00fdm dvoustup\u0148ov\u00fdm filtrem, kter\u00fd se skl\u00e1d\u00e1 z fotokatalytick\u00e9ho a uhl\u00edkov\u00e9ho stupn\u011b \u010di\u0161t\u011bn\u00ed, a tak\u00e9 bipol\u00e1rn\u00edm ioniz\u00e1torem. Krom\u011b toho m\u00e1 speci\u00e1ln\u00ed ultrafialovou steriliza\u010dn\u00ed funkci, kter\u00e1 ni\u010d\u00ed strukturu bakteri\u00ed a vir\u016f.<\/p>\n<p>\u0158ada HTP je navr\u017eena tak, abyste si nev\u0161imli jej\u00ed pr\u00e1ce, ale pouze vynikaj\u00edc\u00edho v\u00fdsledku d\u00edky t\u011bmto vlastnostem:<\/p>\n<p><strong>Jemn\u00e1 v\u011btrn\u00e1 technologie<\/strong><br \/>\nD\u00edky jedine\u010dn\u00e9 konstrukci perforovan\u00fdch lamel je proud\u011bn\u00ed vzduchu jemn\u00e9 a rovnom\u011brn\u00e9. M\u016f\u017eete si vybrat ze sedmi rychlost\u00ed.<\/p>\n<p><strong>Re\u017eimy ECO a NIGHT<\/strong><br \/>\nKdy\u017e je zvolen re\u017eim ECO, klimatizace automaticky nastav\u00ed teplotu na tov\u00e1rn\u00ed nastaven\u00ed pro co nejv\u011bt\u0161\u00ed \u00fasporu energie. Re\u017eim sp\u00e1nku NIGHT automaticky zvol\u00ed optim\u00e1ln\u00ed teplotu pro sp\u00e1nek a udr\u017euje ji po dobu 8 hodin.<\/p>\n<p><strong>Tich\u00fd provoz<\/strong><br \/>\nHlu\u010dnost klimatizace nep\u0159esahuje 22 dB, co\u017e odpov\u00edd\u00e1 hluku strom\u016f a lidsk\u00e9mu \u0161epotu.<\/p>\n<p><strong>Pohodln\u00e9 ovl\u00e1d\u00e1n\u00ed<\/strong><br \/>\nD\u00e1lkov\u00e9 ovl\u00e1d\u00e1n\u00ed z va\u0161eho obl\u00edben\u00e9ho k\u0159esla pomoc\u00ed pokro\u010dil\u00e9ho ovlada\u010de s roz\u0161\u00ed\u0159en\u00fdmi funkcemi a velk\u00fdm intuitivn\u00edm displejem.<\/p>\n<p><a href=\"https:\/\/www.labklima.sk\/wp-content\/uploads\/2023\/11\/electrolux_product_manual_htp_hc_6l.pdf\"><img decoding=\"async\" class=\"alignleft wp-image-198 size-full\" src=\"https:\/\/www.labklima.sk\/wp-content\/uploads\/2023\/11\/pdf-files.png\" alt=\"\" width=\"64\" height=\"64\" \/><\/a><\/p>\n<p><a href=\"https:\/\/www.labklima.sk\/wp-content\/uploads\/2023\/11\/electrolux_product_manual_htp_hc_6l.pdf\">PDF<br \/>\nSt\u00e1hnout PDF<\/a><\/p>\n<p><a href=\"https:\/\/www.labklima.sk\/wp-content\/uploads\/2023\/11\/electrolux_product_manual_htp_hc_7l.pdf\"><img decoding=\"async\" class=\"alignleft wp-image-198 size-full\" src=\"https:\/\/www.labklima.sk\/wp-content\/uploads\/2023\/11\/pdf-files.png\" alt=\"\" width=\"64\" height=\"64\" \/><\/a><\/p>\n<p><a href=\"https:\/\/www.labklima.sk\/wp-content\/uploads\/2023\/11\/electrolux_product_manual_htp_hc_7l.pdf\">PDF<br \/>\nSt\u00e1hnout PDF<\/a><\/p>","protected":false},"excerpt":{"rendered":"<div class=\"div_highlights\">\n<ul class=\"_highlights\">\n<li>Efektivn\u00ed plocha a\u017e 26 m2<\/li>\n<li>Technologie m\u011bni\u010d\u016f<\/li>\n<li>Wi-Fi<\/li>\n<li>Velikost venkovn\u00ed jednotky (Vx\u0160xH):<br \/>\n790 \u00d7 275 \u00d7 192 mm<\/li>\n<li>A++\/ A+++<\/li>\n<li>Velikost vnit\u0159n\u00ed jednotky (Vx\u0160xH):<br \/>\n777 \u00d7 498 \u00d7 290 mm<\/li>\n<li>7 \u00farovn\u00ed rychlosti<\/li>\n<li>Dal\u0161\u00ed za\u0159\u00edzen\u00ed WiFi<\/li>\n<li>Min. provozn\u00ed teplota vzduchu pro venkovn\u00ed jednotku -20 \u00b0\u0421<\/li>\n<li>Hmotnost: 8\/22 kg<\/li>\n<li>Sterilizace UV z\u00e1\u0159en\u00edm<\/li>\n<li>Funkce ionizace vzduchu<\/li>\n<li>Dva filtry pro \u010di\u0161t\u011bn\u00ed vzduchu<\/li>\n<\/ul>\n<\/div>\n<div class=\"stock-product\">\n<p class=\"stock in-stock wd-style-bordered\"><span style=\"color: #ff0000;\">Objedn\u00e1vka<\/span><\/p>\n<\/div>","protected":false},"featured_media":850,"template":"","meta":[],"product_cat":[42],"product_tag":[],"_links":{"self":[{"href":"https:\/\/www.labklima.sk\/cz\/wp-json\/wp\/v2\/product\/770"}],"collection":[{"href":"https:\/\/www.labklima.sk\/cz\/wp-json\/wp\/v2\/product"}],"about":[{"href":"https:\/\/www.labklima.sk\/cz\/wp-json\/wp\/v2\/types\/product"}],"wp:featuredmedia":[{"embeddable":true,"href":"https:\/\/www.labklima.sk\/cz\/wp-json\/wp\/v2\/media\/850"}],"wp:attachment":[{"href":"https:\/\/www.labklima.sk\/cz\/wp-json\/wp\/v2\/media?parent=770"}],"wp:term":[{"taxonomy":"product_cat","embeddable":true,"href":"https:\/\/www.labklima.sk\/cz\/wp-json\/wp\/v2\/product_cat?post=770"},{"taxonomy":"product_tag","embeddable":true,"href":"https:\/\/www.labklima.sk\/cz\/wp-json\/wp\/v2\/product_tag?post=770"}],"curies":[{"name":"wp","href":"https:\/\/api.w.org\/{rel}","templated":true}]}}