{"id":67,"date":"2023-10-27T09:09:45","date_gmt":"2023-10-27T07:09:45","guid":{"rendered":"https:\/\/www.labklima.sk\/?post_type=product&#038;p=67"},"modified":"2025-11-24T18:52:51","modified_gmt":"2025-11-24T17:52:51","slug":"tepelneho-cerpadla-electrolux-emhp-10v-n8-eec-ehb-100-n8-eec","status":"publish","type":"product","link":"https:\/\/www.labklima.sk\/cz\/produkt\/tepelneho-cerpadla-electrolux-emhp-10v-n8-eec-ehb-100-n8-eec\/","title":{"rendered":"Tepeln\u00e9ho \u010derpadla Electrolux typ vzduch - voda"},"content":{"rendered":"<p><strong>Informace o v\u00fdrobku<\/strong><\/p>\n<p>Technick\u00e9 p\u0159ednosti syst\u00e9mu tepeln\u00e9ho \u010derpadla EHB-EMHP jsou navr\u017eeny tak, aby poskytovaly v\u00fdjime\u010dnou energetickou \u00fa\u010dinnost. Jednotka je p\u0159ipravena \u010derpat 3-5 kW tepla za cenu 1 kW, co\u017e potvrzuje t\u0159\u00eddu \u00fa\u010dinnosti A+++ a v ka\u017edodenn\u00ed praxi znamen\u00e1 v\u00edce ne\u017e 500 hodnot %.<\/p>\n<p>Technologie DC Inverter pom\u00e1h\u00e1 inteligentn\u011b \u0159\u00eddit provoz a v\u00fdkon syst\u00e9mu. Tepeln\u00e9 \u010derpadlo rychle a p\u0159esn\u011b reaguje na zm\u011bny teploty chladic\u00edho m\u00e9dia nebo okoln\u00edho vzduchu a optimalizuje sv\u00e9 funkce podle aktu\u00e1ln\u00edch podm\u00ednek: prioritn\u00ed zdroj dod\u00e1vky tepl\u00e9 vody v dom\u011b, p\u0159\u00eddavn\u00e1 topn\u00e1 za\u0159\u00edzen\u00ed, provoz podle po\u017eadavk\u016f stanoven\u00fdch u\u017eivatelem.<\/p>\n<p>Vysokou spolehlivost zaru\u010duj\u00ed detaily a komponenty od renomovan\u00fdch v\u00fdrobc\u016f: modern\u00ed invertorov\u00fd stejnosm\u011brn\u00fd kompresor od Mitsubishi Electric, invertorov\u00fd bezkart\u00e1\u010dov\u00fd stejnosm\u011brn\u00fd motor ventil\u00e1toru a ob\u011bhov\u00e9 \u010derpadlo vody od Wilo.<\/p>\n<p>EHB-EMHP lze snadno integrovat do \u0159et\u011bzce dom\u00e1c\u00edch topn\u00fdch za\u0159\u00edzen\u00ed, v\u010detn\u011b a\u017e 6 za\u0159\u00edzen\u00ed s d\u00e1lkov\u00fdm ovl\u00e1d\u00e1n\u00edm a odd\u011blen\u00fdmi klimatick\u00fdmi z\u00f3nami. Syst\u00e9m m\u016f\u017eete tak\u00e9 pozd\u011bji upgradovat a p\u0159idat nov\u00e9 spot\u0159ebi\u010de pro v\u011bt\u0161\u00ed nez\u00e1vislost a funk\u010dnost. Termostaty M-KIT pro p\u0159esn\u00e9 sledov\u00e1n\u00ed teploty a \u0159\u00edzen\u00ed klimatu v cel\u00e9m dom\u011b nebo sm\u011b\u0161ovac\u00ed stanice pro p\u0159ipojen\u00ed podlahov\u00e9ho vyt\u00e1p\u011bn\u00ed.<\/p>\n<p>Ekologick\u00e9 chladivo R32 pou\u017e\u00edvan\u00e9 v syst\u00e9mu EHB-EMHP \u0161et\u0159\u00ed nejen finan\u010dn\u00ed prost\u0159edky, ale i p\u0159\u00edrodn\u00ed zdroje. M\u00e1 extr\u00e9mn\u011b n\u00edzk\u00fd faktor GWP (potenci\u00e1l glob\u00e1ln\u00edho oteplov\u00e1n\u00ed) 675 (pr\u016fm\u011brn\u00fd faktor je vypo\u010d\u00edt\u00e1n na 2088) a absolutn\u011b nulov\u00fd ODP (potenci\u00e1l po\u0161kozov\u00e1n\u00ed ozonov\u00e9 vrstvy).<\/p>\n<p><strong>Pro je\u0161t\u011b v\u011bt\u0161\u00ed pohodl\u00ed a bezpe\u010dnost vyu\u017eijte n\u00e1sleduj\u00edc\u00ed funkce:<\/strong><\/p>\n<p><strong>Jednoduch\u00e9 dotykov\u00e9 ovl\u00e1d\u00e1n\u00ed<\/strong><br \/>\nIntuitivn\u00ed LCD displej s autodiagnostikou provozn\u00edch parametr\u016f, zobrazen\u00edm chybov\u00fdch k\u00f3d\u016f a d\u011btskou pojistkou.<\/p>\n<p><strong>\u0160irok\u00fd provozn\u00ed rozsah<\/strong><br \/>\nSyst\u00e9m tepeln\u00e9ho \u010derpadla je \u00fa\u010dinn\u00fd p\u0159i venkovn\u00edm vyt\u00e1p\u011bn\u00ed od -25 \u00b0C do +35 \u00b0C a p\u0159i venkovn\u00edm chlazen\u00ed od -5 \u00b0C do +46 \u00b0C. Je schopen oh\u0159\u00edvat vodu a\u017e do +65 \u00b0C.<\/p>\n<p><strong>Skute\u010dn\u011b tich\u00fd provoz<\/strong><br \/>\nTento faktor je d\u016fle\u017eit\u00fd, pokud je za\u0159\u00edzen\u00ed v provozu nep\u0159etr\u017eit\u011b, ve dne i v noci. Spolehliv\u00e9 a inteligentn\u011b navr\u017een\u00e9 detaily: n\u00edzkohlu\u010dn\u00e1 invertorov\u00e1 \u010derpadla a optimalizovan\u00fd hydraulick\u00fd okruh - vnit\u0159n\u00ed hluk 38 a\u017e 43 dB(A), co\u017e je srovnateln\u00e9 se \u0161um\u011bn\u00edm strom\u016f nebo pta\u010d\u00edch k\u0159\u00eddel.<\/p>\n<p><strong>Denn\u00ed a t\u00fddenn\u00ed pl\u00e1n<\/strong><br \/>\nFunkce pl\u00e1nov\u00e1n\u00ed (denn\u00ed a t\u00fddenn\u00ed) usnad\u0148uj\u00ed spr\u00e1vu za\u0159\u00edzen\u00ed. Oba periodick\u00e9 pl\u00e1ny nelze synchronizovat a pou\u017e\u00edvaj\u00ed se samostatn\u011b. V r\u00e1mci denn\u00edho pl\u00e1nu lze nastavit a\u017e 6 ud\u00e1lost\u00ed.<\/p>\n<p><strong>Automatick\u00e9 p\u0159ep\u00edn\u00e1n\u00ed teploty<\/strong><br \/>\nModern\u00ed automatika z\u00e1visl\u00e1 na po\u010das\u00ed p\u0159ep\u00edn\u00e1 stupe\u0148 vody p\u0159i zv\u00fd\u0161en\u00ed nebo sn\u00ed\u017een\u00ed stupn\u011b venkovn\u00edho vzduchu. T\u00edm se rychle p\u0159izp\u016fsobuje po\u010das\u00ed a udr\u017euje optim\u00e1ln\u00ed pom\u011br mezi vnit\u0159n\u00ed a venkovn\u00ed teplotou. K dispozici je 32 pevn\u00fdch a 1 individu\u00e1ln\u00ed bod nastaven\u00ed po\u010das\u00ed a teploty.<\/p>\n<p><strong>Funkce omezen\u00ed v\u00fdkonu<\/strong><br \/>\nSyst\u00e9m tepeln\u00e9ho \u010derpadla lze pou\u017e\u00edt s r\u016fzn\u00fdmi zdroji energie. K dispozici je osm r\u016fzn\u00fdch \u00farovn\u00ed v\u00fdkonu. Postup v\u00fdb\u011bru je jednoduch\u00fd a vy\u017eaduje kr\u00e1tk\u00e9 nastaven\u00ed pomoc\u00ed kabelov\u00e9ho d\u00e1lkov\u00e9ho ovl\u00e1d\u00e1n\u00ed.<\/p>\n<p><strong>Pr\u00e1zdninov\u00fd re\u017eim<\/strong><br \/>\nAbyste zabr\u00e1nili zamrznut\u00ed v chladn\u00e9m podneb\u00ed nebo ro\u010dn\u00edm obdob\u00ed, zv\u00fd\u0161ili spolehlivost syst\u00e9mu a u\u0161et\u0159ili energii - p\u0159i odjezdu se aktivuje re\u017eim Holiday away. M\u016f\u017ee to b\u00fdt re\u017eim vyt\u00e1p\u011bn\u00ed a\/nebo re\u017eim HWS - udr\u017eov\u00e1n\u00ed teploty vody<\/p>\n<p><a href=\"https:\/\/www.labklima.sk\/wp-content\/uploads\/2023\/11\/Electrolux_Heat_pump_Manual_EMHP_EHB_EEC.pdf\"><img decoding=\"async\" class=\"alignleft wp-image-198 size-full\" src=\"https:\/\/www.labklima.sk\/wp-content\/uploads\/2023\/11\/pdf-files.png\" alt=\"\" width=\"64\" height=\"64\" \/><\/a><\/p>\n<p><a href=\"https:\/\/www.labklima.sk\/wp-content\/uploads\/2023\/11\/Electrolux_Heat_pump_Manual_EMHP_EHB_EEC.pdf\">PDF<br \/>\nSt\u00e1hnout PDF<\/a><\/p>","protected":false},"excerpt":{"rendered":"<div class=\"div_highlights\">\n<ul class=\"_highlights\">\n<li>\u00da\u010dinn\u00e9 pro m\u00edstnosti do: 130 m\u00b2<\/li>\n<li>Technologie m\u011bni\u010d\u016f<\/li>\n<li>Nap\u00e1jen\u00ed, V\/Ph\/Hz: 220-240\/1\/50<\/li>\n<li>A+++<\/li>\n<li>Vn\u011bj\u0161\u00ed rozm\u011bry jednotky (Vx\u0160xH): 865\u00d71118\u00d7523 mm<\/li>\n<li>Dotykov\u00e9 ovl\u00e1d\u00e1n\u00ed<\/li>\n<li>Velikost vnit\u0159n\u00ed jednotky (Vx\u0160xH): 790 \u00d7 420 \u00d7 270 mm<\/li>\n<li>Pr\u00e1zdninov\u00fd re\u017eim<\/li>\n<li>Hmotnost vnit\u0159n\u00ed jednotky (netto\/brutto): 37\/43 kg<\/li>\n<li>Wi-Fi<\/li>\n<li>Hmotnost venkovn\u00ed jednotky (netto\/brutto): 75\/88 kg<\/li>\n<li>Min. provozn\u00ed teplota vzduchu -25 \u00b0C<\/li>\n<\/ul>\n<\/div>\n<div class=\"stock-product\">\n<p class=\"stock in-stock wd-style-bordered\"><span style=\"color: #000000;\">skladem<\/span><\/p>\n<\/div>","protected":false},"featured_media":44,"template":"","meta":[],"product_cat":[41,20],"product_tag":[],"_links":{"self":[{"href":"https:\/\/www.labklima.sk\/cz\/wp-json\/wp\/v2\/product\/67"}],"collection":[{"href":"https:\/\/www.labklima.sk\/cz\/wp-json\/wp\/v2\/product"}],"about":[{"href":"https:\/\/www.labklima.sk\/cz\/wp-json\/wp\/v2\/types\/product"}],"wp:featuredmedia":[{"embeddable":true,"href":"https:\/\/www.labklima.sk\/cz\/wp-json\/wp\/v2\/media\/44"}],"wp:attachment":[{"href":"https:\/\/www.labklima.sk\/cz\/wp-json\/wp\/v2\/media?parent=67"}],"wp:term":[{"taxonomy":"product_cat","embeddable":true,"href":"https:\/\/www.labklima.sk\/cz\/wp-json\/wp\/v2\/product_cat?post=67"},{"taxonomy":"product_tag","embeddable":true,"href":"https:\/\/www.labklima.sk\/cz\/wp-json\/wp\/v2\/product_tag?post=67"}],"curies":[{"name":"wp","href":"https:\/\/api.w.org\/{rel}","templated":true}]}}