{"id":483,"date":"2023-11-17T10:33:03","date_gmt":"2023-11-17T09:33:03","guid":{"rendered":"https:\/\/www.labklima.sk\/?post_type=product&#038;p=483"},"modified":"2025-02-04T09:18:47","modified_gmt":"2025-02-04T08:18:47","slug":"termoregulator-electrolux-eta-16-avantgarde","status":"publish","type":"product","link":"https:\/\/www.labklima.sk\/cz\/produkt\/termoregulator-electrolux-eta-16-avantgarde\/","title":{"rendered":"Termoregulace Electrolux ETA-16 Avantgarde"},"content":{"rendered":"<p><strong>Informace o v\u00fdrobku<\/strong><\/p>\n<p>Termostat ETB je v\u0161estrann\u00e9 \u0159e\u0161en\u00ed s intuitivn\u011b jednoduch\u00fdm rozhran\u00edm a designem, kter\u00fd dokonale zapadne do ka\u017ed\u00e9ho interi\u00e9ru. Vestav\u011bn\u00e9 \u010didlo teploty vzduchu, podsv\u00edcen\u00fd LCD displej, mo\u017enost nastaven\u00ed teplotn\u00ed chodby v\u00e1m umo\u017en\u00ed ovl\u00e1dat za\u0159\u00edzen\u00ed co nejefektivn\u011bji a nejsnadn\u011bji. Za\u0159\u00edzen\u00ed m\u00e1 \u0161irok\u00fd rozsah provozn\u00ed teploty od +5 \u00b0C do +40 \u00b0C a umo\u017e\u0148uje tak\u00e9 nastavit teplotu s p\u0159esnost\u00ed na 1 \u00b0C.<\/p>","protected":false},"excerpt":{"rendered":"<div class=\"div_highlights\">\n<ul class=\"_highlights\">\n<li>Komfortn\u00ed vyt\u00e1p\u011bn\u00ed 150 W\/m\u00b2<\/li>\n<li>Typ topn\u00e9ho prvku: topn\u00fd kabel<\/li>\n<li>T\u0159\u00edda odolnosti proti prachu a vlhkosti: IP20<\/li>\n<li>Nap\u011bt\u00ed 220-240 V<\/li>\n<li>Mechanick\u00fd LCD displej s podsv\u00edcen\u00edm<\/li>\n<li>Sn\u00edma\u010d teploty vzduchu a podlahy<\/li>\n<li>Denn\u00ed a t\u00fddenn\u00ed pl\u00e1n<\/li>\n<li>P\u0159esnost m\u011b\u0159en\u00ed teploty - 0,5 \u00b0C<\/li>\n<\/ul>\n<\/div>\n<div class=\"stock-product\">\n<p class=\"stock in-stock wd-style-bordered\"><span style=\"color: #000000;\">skladem<\/span><\/p>\n<\/div>","protected":false},"featured_media":480,"template":"","meta":[],"product_cat":[96],"product_tag":[],"_links":{"self":[{"href":"https:\/\/www.labklima.sk\/cz\/wp-json\/wp\/v2\/product\/483"}],"collection":[{"href":"https:\/\/www.labklima.sk\/cz\/wp-json\/wp\/v2\/product"}],"about":[{"href":"https:\/\/www.labklima.sk\/cz\/wp-json\/wp\/v2\/types\/product"}],"wp:featuredmedia":[{"embeddable":true,"href":"https:\/\/www.labklima.sk\/cz\/wp-json\/wp\/v2\/media\/480"}],"wp:attachment":[{"href":"https:\/\/www.labklima.sk\/cz\/wp-json\/wp\/v2\/media?parent=483"}],"wp:term":[{"taxonomy":"product_cat","embeddable":true,"href":"https:\/\/www.labklima.sk\/cz\/wp-json\/wp\/v2\/product_cat?post=483"},{"taxonomy":"product_tag","embeddable":true,"href":"https:\/\/www.labklima.sk\/cz\/wp-json\/wp\/v2\/product_tag?post=483"}],"curies":[{"name":"wp","href":"https:\/\/api.w.org\/{rel}","templated":true}]}}