{"id":332,"date":"2023-11-09T12:07:58","date_gmt":"2023-11-09T11:07:58","guid":{"rendered":"https:\/\/www.labklima.sk\/?post_type=product&#038;p=332"},"modified":"2025-04-16T09:51:52","modified_gmt":"2025-04-16T07:51:52","slug":"vykurovacie-rohoze-electrolux-eem-2-150-1","status":"publish","type":"product","link":"https:\/\/www.labklima.sk\/cz\/produkt\/vykurovacie-rohoze-electrolux-eem-2-150-1\/","title":{"rendered":"Topn\u00e9 roho\u017ee Electrolux"},"content":{"rendered":"<p><strong>Informace o v\u00fdrobku<\/strong><\/p>\n<p>V s\u00e9rii EEM je tenk\u00fd dvouvodi\u010dov\u00fd topn\u00fd kabel pevn\u011b uchycen v modern\u00edm textiln\u00edm podkladu, kter\u00fd dokonale absorbuje roztok lepidla na dla\u017edice a tvo\u0159\u00ed jednu monolitickou strukturu bez vzduchov\u00fdch bublin.<\/p>\n<p>Obj\u00edmka spojuj\u00edc\u00ed topnou \u010d\u00e1st roho\u017ee a instala\u010dn\u00ed vodi\u010d m\u00e1 t\u00e9m\u011b\u0159 stejn\u00fd pr\u016fm\u011br jako topn\u00fd kabel: ide\u00e1ln\u00ed pro instalaci s minim\u00e1ln\u00edm zv\u00fd\u0161en\u00edm \u00farovn\u011b podlahy. Pro maxim\u00e1ln\u00ed bezpe\u010dnost a dlouhodob\u00fd provoz je k dispozici vysoce kvalitn\u00ed dvojit\u00e1 izolace topn\u00fdch \u017eil, kter\u00e1 odol\u00e1v\u00e1 poruchov\u00e9mu nap\u011bt\u00ed a\u017e 4 000 V. Optim\u00e1ln\u00ed v\u00fdkon topn\u00fdch roho\u017e\u00ed Electrolux EEM p\u0159isp\u00edv\u00e1 k vytvo\u0159en\u00ed co nejp\u0159\u00edjemn\u011bj\u0161\u00edho mikroklimatu v such\u00fdch nebo vlhk\u00fdch m\u00edstnostech - tam, kde je to pot\u0159eba.<\/p>\n<p><a href=\"https:\/\/www.labklima.sk\/wp-content\/uploads\/2023\/11\/electrolux_manual_radiator_eoh_m_5xxx_ecc3-1.pdf\"><img decoding=\"async\" class=\"alignleft wp-image-198 size-full\" src=\"https:\/\/www.labklima.sk\/wp-content\/uploads\/2023\/11\/pdf-files.png\" alt=\"\" width=\"64\" height=\"64\" \/><\/a><\/p>\n<p><a href=\"https:\/\/www.labklima.sk\/wp-content\/uploads\/2023\/11\/electrolux_manual_warm_floor_eefm_eem_2_150_eec_gb_al_pl_ro_bg_gr_cz.pdf\">PDF<br \/>\nSt\u00e1hnout PDF<\/a><\/p>","protected":false},"excerpt":{"rendered":"<div class=\"div_highlights\">\n<ul class=\"_highlights\">\n<li>Max. Vyt\u00e1p\u011bn\u00e1 plocha do: 1 m\u00b2<\/li>\n<li>Komfortn\u00ed vyt\u00e1p\u011bn\u00ed 150 W\/m\u00b2<\/li>\n<li>Hmotnost 0,95 kg<\/li>\n<li>Typ topn\u00e9ho t\u011blesa:<br \/>\nTopn\u00fd kabel<\/li>\n<li>Nap\u011bt\u00ed 220-240 V<\/li>\n<li>Ochrana proti elektromagnetick\u00e9mu z\u00e1\u0159en\u00ed<br \/>\nz\u00e1\u0159en\u00ed<\/li>\n<li>Rychl\u00e1 doba oh\u0159evu<\/li>\n<li>Pokl\u00e1dka bez pot\u011bru<\/li>\n<li>Jednosm\u011brn\u00e9 p\u0159ipojen\u00ed k<br \/>\nenergetickou s\u00ed\u0165.<\/li>\n<\/ul>\n<\/div>\n<div class=\"stock-product\">\n<p class=\"stock in-stock wd-style-bordered\"><span style=\"color: #ff0000;\">Nen\u00ed skladem<\/span><\/p>\n<\/div>","protected":false},"featured_media":331,"template":"","meta":[],"product_cat":[87,88],"product_tag":[],"_links":{"self":[{"href":"https:\/\/www.labklima.sk\/cz\/wp-json\/wp\/v2\/product\/332"}],"collection":[{"href":"https:\/\/www.labklima.sk\/cz\/wp-json\/wp\/v2\/product"}],"about":[{"href":"https:\/\/www.labklima.sk\/cz\/wp-json\/wp\/v2\/types\/product"}],"wp:featuredmedia":[{"embeddable":true,"href":"https:\/\/www.labklima.sk\/cz\/wp-json\/wp\/v2\/media\/331"}],"wp:attachment":[{"href":"https:\/\/www.labklima.sk\/cz\/wp-json\/wp\/v2\/media?parent=332"}],"wp:term":[{"taxonomy":"product_cat","embeddable":true,"href":"https:\/\/www.labklima.sk\/cz\/wp-json\/wp\/v2\/product_cat?post=332"},{"taxonomy":"product_tag","embeddable":true,"href":"https:\/\/www.labklima.sk\/cz\/wp-json\/wp\/v2\/product_tag?post=332"}],"curies":[{"name":"wp","href":"https:\/\/api.w.org\/{rel}","templated":true}]}}