{"id":321,"date":"2023-11-08T17:41:23","date_gmt":"2023-11-08T16:41:23","guid":{"rendered":"https:\/\/www.labklima.sk\/?post_type=product&#038;p=321"},"modified":"2025-04-02T15:13:13","modified_gmt":"2025-04-02T13:13:13","slug":"elektricke-krby-electrolux-efp-w-2000s","status":"publish","type":"product","link":"https:\/\/www.labklima.sk\/cz\/produkt\/elektricke-krby-electrolux-efp-w-2000s\/","title":{"rendered":"Elektrick\u00e9 krby Electrolux EFP\/W - 2000S"},"content":{"rendered":"<p><strong>Informace o v\u00fdrobku<\/strong><\/p>\n<p>V tomto elektrick\u00e9m krbu se modern\u00ed designov\u00e9 trendy harmonicky snoub\u00ed s jedine\u010dn\u00fdm autorsk\u00fdm stylem. Zrcadlov\u00fd \u010deln\u00ed panel je m\u00f3dn\u00edm akcentem, kter\u00fd vypad\u00e1 luxusn\u011b v ka\u017ed\u00e9m interi\u00e9ru, a d\u00edky dekorativn\u00edmu palivu - \"obl\u00e1zk\u016fm\" je dosa\u017eeno maxim\u00e1ln\u00ed \u00farovn\u011b komfortu a pohodl\u00ed. Dva stupn\u011b topn\u00e9ho v\u00fdkonu pro v\u00e1s vytvo\u0159\u00ed optim\u00e1ln\u00ed klima. Krb je vybaven syst\u00e9mem ochrany proti p\u0159eh\u0159\u00e1t\u00ed, kter\u00fd zaji\u0161\u0165uje jeho bezpe\u010dnost p\u0159i pou\u017e\u00edv\u00e1n\u00ed, a d\u00edky d\u00e1lkov\u00e9mu ovl\u00e1d\u00e1n\u00ed je ovl\u00e1d\u00e1n\u00ed spot\u0159ebi\u010de jednoduch\u00e9 a snadn\u00e9.<\/p>\n<p><a href=\"https:\/\/www.labklima.sk\/wp-content\/uploads\/2023\/11\/electrolux_manual_radiator_eoh_m_5xxx_ecc3.pdf\"><img decoding=\"async\" class=\"alignleft wp-image-198 size-full\" src=\"https:\/\/www.labklima.sk\/wp-content\/uploads\/2023\/11\/pdf-files.png\" alt=\"\" width=\"64\" height=\"64\" \/><\/a><\/p>\n<p><a href=\"https:\/\/www.labklima.sk\/wp-content\/uploads\/2023\/11\/electrolux_manual_radiator_eoh_m_5xxx_ecc3.pdf\">PDF<br \/>\nSt\u00e1hnout PDF<\/a><\/p>","protected":false},"excerpt":{"rendered":"<div class=\"div_highlights\">\n<ul class=\"_highlights\">\n<li>Spot\u0159eba energie v re\u017eimu<br \/>\n\"bez oh\u0159evu\": 10 Wt<\/li>\n<li>Max. p\u0159\u00edkon, 2 kW<\/li>\n<li>Hmotnost 18,0 kg<\/li>\n<li>Velikost jednotky (Vx\u0160xH):<br \/>\n900x560x107 mm<\/li>\n<li>Nap\u011bt\u00ed 220-240 V<\/li>\n<li>Zrcadlov\u00fd p\u0159edn\u00ed panel<\/li>\n<li>Palivo z b\u00edl\u00e9ho kamene<\/li>\n<li>Skute\u010dn\u00fd efekt ohn\u011b<\/li>\n<li>Dva re\u017eimy nap\u00e1jen\u00ed<\/li>\n<li>Barva Zrcadlov\u00fd bronz<\/li>\n<\/ul>\n<\/div>\n<div class=\"stock-product\">\n<p class=\"stock in-stock wd-style-bordered\"><span style=\"color: #ff0000;\">Nen\u00ed skladem<\/span><\/p>\n<\/div>","protected":false},"featured_media":329,"template":"","meta":[],"product_cat":[83],"product_tag":[],"_links":{"self":[{"href":"https:\/\/www.labklima.sk\/cz\/wp-json\/wp\/v2\/product\/321"}],"collection":[{"href":"https:\/\/www.labklima.sk\/cz\/wp-json\/wp\/v2\/product"}],"about":[{"href":"https:\/\/www.labklima.sk\/cz\/wp-json\/wp\/v2\/types\/product"}],"wp:featuredmedia":[{"embeddable":true,"href":"https:\/\/www.labklima.sk\/cz\/wp-json\/wp\/v2\/media\/329"}],"wp:attachment":[{"href":"https:\/\/www.labklima.sk\/cz\/wp-json\/wp\/v2\/media?parent=321"}],"wp:term":[{"taxonomy":"product_cat","embeddable":true,"href":"https:\/\/www.labklima.sk\/cz\/wp-json\/wp\/v2\/product_cat?post=321"},{"taxonomy":"product_tag","embeddable":true,"href":"https:\/\/www.labklima.sk\/cz\/wp-json\/wp\/v2\/product_tag?post=321"}],"curies":[{"name":"wp","href":"https:\/\/api.w.org\/{rel}","templated":true}]}}