{"id":319,"date":"2023-11-08T17:40:59","date_gmt":"2023-11-08T16:40:59","guid":{"rendered":"https:\/\/www.labklima.sk\/?post_type=product&#038;p=319"},"modified":"2025-02-04T09:13:21","modified_gmt":"2025-02-04T08:13:21","slug":"elektricke-krby-electrolux-efp-w-1250uls","status":"publish","type":"product","link":"https:\/\/www.labklima.sk\/cz\/produkt\/elektricke-krby-electrolux-efp-w-1250uls\/","title":{"rendered":"Elektrick\u00e9 krby Electrolux EFP\/W - 1250ULS"},"content":{"rendered":"<p><strong>Informace o v\u00fdrobku<\/strong><\/p>\n<p>EFP\/W-1250ULS EEC je extra \u0161irok\u00fd n\u00e1st\u011bnn\u00fd krb s ploch\u00fdm \u010deln\u00edm panelem a t\u011blem ULTRA-Slim o tlou\u0161\u0165ce pouh\u00fdch 9,5 cm. Stane se jasn\u00fdm akcentem v interi\u00e9ru. Model se dod\u00e1v\u00e1 se dv\u011bma druhy dekorativn\u00edch paliv: b\u00edl\u00e9 kameny dod\u00e1vaj\u00ed krbu modern\u00ed hi-tech vzhled a klasick\u00e9 palivov\u00e9 d\u0159evo pro milovn\u00edky tradi\u010dn\u00edho stylu. V chladn\u00fdch dnech m\u016f\u017eete krb p\u0159epnout do re\u017eimu topen\u00ed volbou po\u017eadovan\u00e9ho stupn\u011b v\u00fdkonu. Zajist\u011bte si bezpe\u010dnost: t\u011blo krbu se nezah\u0159\u00edv\u00e1, za\u0159\u00edzen\u00ed je chr\u00e1n\u011bno p\u0159ed p\u0159eh\u0159\u00e1t\u00edm.<\/p>\n<p><a href=\"https:\/\/www.labklima.sk\/wp-content\/uploads\/2023\/11\/electrolux_manual_radiator_eoh_m_5xxx_ecc3.pdf\"><img decoding=\"async\" class=\"alignleft wp-image-198 size-full\" src=\"https:\/\/www.labklima.sk\/wp-content\/uploads\/2023\/11\/pdf-files.png\" alt=\"\" width=\"64\" height=\"64\" \/><\/a><\/p>\n<p><a href=\"https:\/\/www.labklima.sk\/wp-content\/uploads\/2023\/11\/electrolux_manual_radiator_eoh_m_5xxx_ecc3.pdf\">PDF<br \/>\nSt\u00e1hnout PDF<\/a><\/p>","protected":false},"excerpt":{"rendered":"<div class=\"div_highlights\">\n<ul class=\"_highlights\">\n<li>Max. p\u0159\u00edkon, 2 kW<\/li>\n<li>Velikost jednotky (Vx\u0160xH):<br \/>\n900x560x107 mm<\/li>\n<li>Nap\u011bt\u00ed 220-240 V<\/li>\n<li>Spot\u0159eba energie v re\u017eimu<br \/>\n\"bez oh\u0159evu\": 6 Wt<\/li>\n<li>Hmotnost 16,9 kg<\/li>\n<li>Zvuk praskaj\u00edc\u00edho d\u0159eva<\/li>\n<li>Dva druhy paliva<\/li>\n<li>Skute\u010dn\u00fd efekt ohn\u011b<\/li>\n<li>Barva \u010dern\u00e1<\/li>\n<\/ul>\n<\/div>\n<div class=\"stock-product\">\n<p class=\"stock in-stock wd-style-bordered\"><span style=\"color: #ff0000;\">Nen\u00ed skladem<\/span><\/p>\n<\/div>","protected":false},"featured_media":324,"template":"","meta":[],"product_cat":[83],"product_tag":[],"_links":{"self":[{"href":"https:\/\/www.labklima.sk\/cz\/wp-json\/wp\/v2\/product\/319"}],"collection":[{"href":"https:\/\/www.labklima.sk\/cz\/wp-json\/wp\/v2\/product"}],"about":[{"href":"https:\/\/www.labklima.sk\/cz\/wp-json\/wp\/v2\/types\/product"}],"wp:featuredmedia":[{"embeddable":true,"href":"https:\/\/www.labklima.sk\/cz\/wp-json\/wp\/v2\/media\/324"}],"wp:attachment":[{"href":"https:\/\/www.labklima.sk\/cz\/wp-json\/wp\/v2\/media?parent=319"}],"wp:term":[{"taxonomy":"product_cat","embeddable":true,"href":"https:\/\/www.labklima.sk\/cz\/wp-json\/wp\/v2\/product_cat?post=319"},{"taxonomy":"product_tag","embeddable":true,"href":"https:\/\/www.labklima.sk\/cz\/wp-json\/wp\/v2\/product_tag?post=319"}],"curies":[{"name":"wp","href":"https:\/\/api.w.org\/{rel}","templated":true}]}}