{"id":308,"date":"2023-11-08T14:34:14","date_gmt":"2023-11-08T13:34:14","guid":{"rendered":"https:\/\/www.labklima.sk\/?post_type=product&#038;p=308"},"modified":"2025-02-04T09:11:20","modified_gmt":"2025-02-04T08:11:20","slug":"olejove-radiatory-electrolux-eoh-m-5157n-eu","status":"publish","type":"product","link":"https:\/\/www.labklima.sk\/cz\/produkt\/olejove-radiatory-electrolux-eoh-m-5157n-eu\/","title":{"rendered":"Olejov\u00e9 radi\u00e1tory Electrolux"},"content":{"rendered":"<p><strong>Informace o v\u00fdrobku<\/strong><\/p>\n<p>Origin\u00e1ln\u00ed neho\u0159lav\u00fd povlak Space Suit zaji\u0161\u0165uje rovnom\u011brn\u011bj\u0161\u00ed rozlo\u017een\u00ed tepla po cel\u00e9m p\u0159edn\u00edm panelu a snadno se \u010dist\u00ed od ne\u010distot. Textiln\u00ed potah a hladk\u00e9 tvary umo\u017e\u0148uj\u00ed, aby p\u0159\u00edstroj organicky zapadl do interi\u00e9r\u016f v modern\u00edm, neoklasick\u00e9m i skandin\u00e1vsk\u00e9m stylu.<\/p>\n<p>\u0158ada olejov\u00fdch radi\u00e1tor\u016f Electrolux kombinuje modern\u00ed design a prakti\u010dnost. Jasn\u00e9 a jednoduch\u00e9 linie, dokonal\u00e1 kombinace lakoni\u010dnosti a modern\u00edho stylu.<\/p>\n<p>Chladi\u010de oleje Electrolux EOH\/M byly vyvinuty na z\u00e1klad\u011b d\u016fkladn\u00e9ho pr\u016fzkumu preferenc\u00ed spot\u0159ebitel\u016f. Tato \u0159ada nen\u00ed vyrobena pouze v designov\u00e9m \u0159e\u0161en\u00ed. \u0158ada \"EOH\/M\" obsahuje technologii \"MAX time heat\", kter\u00e1 umo\u017e\u0148uje pou\u017e\u00edvat za\u0159\u00edzen\u00ed v re\u017eimu oh\u0159evu po dobu v\u00edce ne\u017e 45 dn\u00ed nep\u0159etr\u017eit\u00e9ho provozu.<\/p>\n<p>Modern\u00ed technologie a nejnov\u011bj\u0161\u00ed v\u00fdvoj spole\u010dnosti Electrolux zaru\u010duj\u00ed vysokou kvalitu a spolehliv\u00fd provoz olejov\u00fdch radi\u00e1tor\u016f.<\/p>\n<p><a href=\"https:\/\/www.labklima.sk\/wp-content\/uploads\/2023\/11\/electrolux_manual_radiator_eoh_m_5xxx_ecc.pdf\"><img decoding=\"async\" class=\"alignleft wp-image-198 size-full\" src=\"https:\/\/www.labklima.sk\/wp-content\/uploads\/2023\/11\/pdf-files.png\" alt=\"\" width=\"64\" height=\"64\" \/><\/a><\/p>\n<p><a href=\"https:\/\/www.labklima.sk\/wp-content\/uploads\/2023\/11\/electrolux_manual_radiator_eoh_m_5xxx_ecc.pdf\">PDF<br \/>\nSt\u00e1hnout PDF<\/a><\/p>","protected":false},"excerpt":{"rendered":"<div class=\"div_highlights\">\n<ul class=\"_highlights\">\n<li>Max. P\u0159\u00edkon 1,5 kW<\/li>\n<li>Po\u010det re\u017eim\u016f vyt\u00e1p\u011bn\u00ed 3<\/li>\n<li>Efektivn\u00ed plocha a\u017e 20 m2<\/li>\n<li>Velikost jednotky (Vx\u0160xH):<br \/>\n370x655x150 mm<\/li>\n<li>Nap\u011bt\u00ed 220-240 V<\/li>\n<li>Hmotnost 7,4 kg<\/li>\n<li>Technologie MAX time heat<\/li>\n<li>\u0158\u00eddic\u00ed syst\u00e9m Easy Manage<\/li>\n<li>Tich\u00fd provoz<\/li>\n<li>Integrovan\u00fd bezpe\u010dnostn\u00ed syst\u00e9m<\/li>\n<\/ul>\n<\/div>\n<div class=\"stock-product\">\n<p class=\"stock in-stock wd-style-bordered\"><span style=\"color: #ff0000;\">Nen\u00ed skladem<\/span><\/p>\n<\/div>","protected":false},"featured_media":306,"template":"","meta":[],"product_cat":[102,82],"product_tag":[],"_links":{"self":[{"href":"https:\/\/www.labklima.sk\/cz\/wp-json\/wp\/v2\/product\/308"}],"collection":[{"href":"https:\/\/www.labklima.sk\/cz\/wp-json\/wp\/v2\/product"}],"about":[{"href":"https:\/\/www.labklima.sk\/cz\/wp-json\/wp\/v2\/types\/product"}],"wp:featuredmedia":[{"embeddable":true,"href":"https:\/\/www.labklima.sk\/cz\/wp-json\/wp\/v2\/media\/306"}],"wp:attachment":[{"href":"https:\/\/www.labklima.sk\/cz\/wp-json\/wp\/v2\/media?parent=308"}],"wp:term":[{"taxonomy":"product_cat","embeddable":true,"href":"https:\/\/www.labklima.sk\/cz\/wp-json\/wp\/v2\/product_cat?post=308"},{"taxonomy":"product_tag","embeddable":true,"href":"https:\/\/www.labklima.sk\/cz\/wp-json\/wp\/v2\/product_tag?post=308"}],"curies":[{"name":"wp","href":"https:\/\/api.w.org\/{rel}","templated":true}]}}