{"id":298,"date":"2023-11-08T13:18:55","date_gmt":"2023-11-08T12:18:55","guid":{"rendered":"https:\/\/www.labklima.sk\/?post_type=product&#038;p=298"},"modified":"2025-04-07T12:42:05","modified_gmt":"2025-04-07T10:42:05","slug":"elektricky-konvektor-electrolux-eih-s-2000-3ae-eec","status":"publish","type":"product","link":"https:\/\/www.labklima.sk\/cz\/produkt\/elektricky-konvektor-electrolux-eih-s-2000-3ae-eec\/","title":{"rendered":"Elektrick\u00fd konvektor Electrolux EIH\/S-2000 3AE EEC"},"content":{"rendered":"<p><strong>Informace o v\u00fdrobku<\/strong><\/p>\n<p>Dv\u011b topn\u00e1 t\u011blesa zaji\u0161\u0165uj\u00ed pohodl\u00ed pro jakoukoli izolaci m\u00edstnosti. Mikrotermick\u00e9 topn\u00e9 t\u011bleso vytv\u00e1\u0159\u00ed sol\u00e1rn\u00ed tepeln\u00fd efekt a inovativn\u00ed HEDGEHOG oh\u0159\u00edv\u00e1 vzduch v m\u00edstnosti co nejrychleji. Stylov\u00e1 a funk\u010dn\u00ed elektronick\u00e1 \u0159\u00eddic\u00ed jednotka s barevn\u00fdm displejem si kone\u010dn\u011b z\u00edsk\u00e1 srdce ka\u017ed\u00e9ho, kdo ji kdy spat\u0159il.<\/p>\n<p>Mikotermick\u00e9 topn\u00e9 t\u011bleso:<\/p>\n<p>Sm\u011brov\u00e9 infra\u010derven\u00e9 vyt\u00e1p\u011bn\u00ed;<br \/>\n\u017divotnost v\u00edce ne\u017e 15 let;<br \/>\nTich\u00fd provoz; - teplo beze ztr\u00e1t.<\/p>\n<p><strong>Oh\u0159\u00edva\u010d s inovativn\u00ed technologi\u00ed HEDGEHOG:<\/strong><\/p>\n<p>\u017divotnost - 25 let;<br \/>\nZah\u0159\u00edv\u00e1n\u00ed o 20% rychleji;<br \/>\nVelikost je 20% kompaktn\u011bj\u0161\u00ed;<br \/>\nTeplota je o 15% ni\u017e\u0161\u00ed;<br \/>\nNaprosto tich\u00e9 vyt\u00e1p\u011bn\u00ed.<\/p>\n<p><a href=\"https:\/\/www.labklima.sk\/wp-content\/uploads\/2023\/11\/electrolux_convector_eih_s_eec_4l.pdf\"><img decoding=\"async\" class=\"alignleft wp-image-198 size-full\" src=\"https:\/\/www.labklima.sk\/wp-content\/uploads\/2023\/11\/pdf-files.png\" alt=\"\" width=\"64\" height=\"64\" \/><\/a><\/p>\n<p><a href=\"https:\/\/www.labklima.sk\/wp-content\/uploads\/2023\/11\/electrolux_convector_eih_s_eec_4l.pdf\">PDF<br \/>\nSt\u00e1hnout PDF<\/a><\/p>\n<p><a href=\"https:\/\/www.labklima.sk\/wp-content\/uploads\/2023\/11\/electrolux_convector_eih_s_eec_4_1l.pdf\"><img decoding=\"async\" class=\"alignleft wp-image-198 size-full\" src=\"https:\/\/www.labklima.sk\/wp-content\/uploads\/2023\/11\/pdf-files.png\" alt=\"\" width=\"64\" height=\"64\" \/><\/a><\/p>\n<p><a href=\"https:\/\/www.labklima.sk\/wp-content\/uploads\/2023\/11\/electrolux_convector_eih_s_eec_4_1l.pdf\">PDF<br \/>\nSt\u00e1hnout PDF<\/a><\/p>\n<p><a href=\"https:\/\/www.labklima.sk\/wp-content\/uploads\/2023\/11\/electrolux_convector_eih_s_eec_5l.pdf\"><img decoding=\"async\" class=\"alignleft wp-image-198 size-full\" src=\"https:\/\/www.labklima.sk\/wp-content\/uploads\/2023\/11\/pdf-files.png\" alt=\"\" width=\"64\" height=\"64\" \/><\/a><\/p>\n<p><a href=\"https:\/\/www.labklima.sk\/wp-content\/uploads\/2023\/11\/electrolux_convector_eih_s_eec_5l.pdf\">PDF<br \/>\nSt\u00e1hnout PDF<\/a><\/p>","protected":false},"excerpt":{"rendered":"<div class=\"div_highlights\">\n<ul class=\"_highlights\">\n<li>Efektivn\u00ed plocha a\u017e 25 m2<\/li>\n<li>Wi-Fi<\/li>\n<li>Velikost jednotky (Vx\u0160xH): 800x424x112 mm<\/li>\n<li>Nap\u011bt\u00ed 220-240 V<\/li>\n<li>Hmotnost 11,0 kg<\/li>\n<li>Infra\u010derven\u00e9 topn\u00e9 t\u011bleso<\/li>\n<li>Topn\u00e9 t\u011bleso HEDGEHOG<\/li>\n<\/ul>\n<\/div>\n<div class=\"stock-product\">\n<p class=\"stock in-stock wd-style-bordered\"><span style=\"color: #ff0000;\">Nen\u00ed skladem<\/span><\/p>\n<\/div>","protected":false},"featured_media":300,"template":"","meta":[],"product_cat":[81,103],"product_tag":[],"_links":{"self":[{"href":"https:\/\/www.labklima.sk\/cz\/wp-json\/wp\/v2\/product\/298"}],"collection":[{"href":"https:\/\/www.labklima.sk\/cz\/wp-json\/wp\/v2\/product"}],"about":[{"href":"https:\/\/www.labklima.sk\/cz\/wp-json\/wp\/v2\/types\/product"}],"wp:featuredmedia":[{"embeddable":true,"href":"https:\/\/www.labklima.sk\/cz\/wp-json\/wp\/v2\/media\/300"}],"wp:attachment":[{"href":"https:\/\/www.labklima.sk\/cz\/wp-json\/wp\/v2\/media?parent=298"}],"wp:term":[{"taxonomy":"product_cat","embeddable":true,"href":"https:\/\/www.labklima.sk\/cz\/wp-json\/wp\/v2\/product_cat?post=298"},{"taxonomy":"product_tag","embeddable":true,"href":"https:\/\/www.labklima.sk\/cz\/wp-json\/wp\/v2\/product_tag?post=298"}],"curies":[{"name":"wp","href":"https:\/\/api.w.org\/{rel}","templated":true}]}}