{"id":292,"date":"2023-11-08T13:02:45","date_gmt":"2023-11-08T12:02:45","guid":{"rendered":"https:\/\/www.labklima.sk\/?post_type=product&#038;p=292"},"modified":"2025-02-04T09:09:55","modified_gmt":"2025-02-04T08:09:55","slug":"elektricky-konvektor-electrolux-ech-bm-2000-3bi-w-eec","status":"publish","type":"product","link":"https:\/\/www.labklima.sk\/cz\/produkt\/elektricky-konvektor-electrolux-ech-bm-2000-3bi-w-eec\/","title":{"rendered":"Elektrick\u00fd konvektor Electrolux ECH\/BM-1600 3BI-W EEC"},"content":{"rendered":"<p><strong>Informace o v\u00fdrobku<\/strong><\/p>\n<p>Origin\u00e1ln\u00ed neho\u0159lav\u00fd povlak Space Suit zaji\u0161\u0165uje rovnom\u011brn\u011bj\u0161\u00ed rozlo\u017een\u00ed tepla po cel\u00e9m p\u0159edn\u00edm panelu a snadno se \u010dist\u00ed od ne\u010distot. Textiln\u00ed potah a hladk\u00e9 tvary umo\u017e\u0148uj\u00ed, aby p\u0159\u00edstroj organicky zapadl do interi\u00e9r\u016f v modern\u00edm, neoklasick\u00e9m i skandin\u00e1vsk\u00e9m stylu.<\/p>\n<p>Topn\u00fd modul je vybaven modern\u00edm topn\u00fdm t\u011blesem Hedgehog, kter\u00e9 dosahuje provozn\u00ed teploty 20% rychleji a d\u00edky zv\u011bt\u0161en\u00e9 plo\u0161e pro p\u0159enos tepla m\u00e1 velmi kompaktn\u00ed rozm\u011bry. Ni\u017e\u0161\u00ed teplota topn\u00e9ho t\u011blesa a krytu 15% zaji\u0161\u0165uje m\u011bkk\u00e9 a p\u0159\u00edjemn\u00e9 teplo. \u017divotnost topn\u00e9ho t\u011blesa Hedgehog 25 let!<\/p>\n<p>Zv\u011bt\u0161en\u00e1 m\u0159\u00ed\u017eka s\u00e1n\u00ed vzduchu, dokonal\u00e1 konvek\u010dn\u00ed komora, technologie Flowscreen a Intake PRO vytv\u00e1\u0159ej\u00ed dokonal\u00e9 konvek\u010dn\u00ed proud\u011bn\u00ed vzduchu.<\/p>\n<p>Za\u0159\u00edzen\u00ed je vybaveno digit\u00e1ln\u00ed \u0159\u00eddic\u00ed jednotkou m\u011bni\u010de digital INVERTER, kter\u00e1 spot\u0159ebuje 3kr\u00e1t m\u00e9n\u011b elektrick\u00e9 energie, co\u017e potvrzuj\u00ed laboratorn\u00ed testy TUV NORD*.<\/p>\n<p>Patentovan\u00e1 technologie je obsa\u017eena v digit\u00e1ln\u00edm bloku INVERTER. Tento inovativn\u00ed obvod nap\u00e1jen\u00ed za\u0159\u00edzen\u00ed plynule m\u011bn\u00ed v\u00fdkon topn\u00e9ho t\u011blesa v z\u00e1vislosti na rozd\u00edlu mezi skute\u010dnou a nastavenou teplotou v m\u00edstnosti. V p\u0159\u00edpad\u011b pot\u0159eby konvektor rychle zv\u00fd\u0161\u00ed teplotu na teplotu nastavenou u\u017eivatelem. Pot\u00e9 - pracuje pouze na jej\u00edm udr\u017eov\u00e1n\u00ed a sni\u017euje spot\u0159ebu energie.<\/p>\n<p>Konvektor je vybaven dr\u017e\u00e1ky a podvozkem, kter\u00e9 jsou sou\u010d\u00e1st\u00ed sady.<\/p>\n<p>* ve srovn\u00e1n\u00ed s topn\u00fdm modulem o stejn\u00e9m v\u00fdkonu vybaven\u00fdm mechanickou \u0159\u00eddic\u00ed jednotkou.<\/p>\n<p><a href=\"https:\/\/www.labklima.sk\/wp-content\/uploads\/2023\/11\/electrolux_convector_ech_bm_eec_6l.pdf\"><img decoding=\"async\" class=\"alignleft wp-image-198 size-full\" src=\"https:\/\/www.labklima.sk\/wp-content\/uploads\/2023\/11\/pdf-files.png\" alt=\"\" width=\"64\" height=\"64\" \/><\/a><\/p>\n<p><a href=\"https:\/\/www.labklima.sk\/wp-content\/uploads\/2023\/11\/electrolux_convector_ech_bm_eec_6l.pdf\">PDF<br \/>\nSt\u00e1hnout PDF<\/a><\/p>\n<p><a href=\"https:\/\/www.labklima.sk\/wp-content\/uploads\/2023\/11\/electrolux_convector_ech_bm_eec_7l.pdf\"><img decoding=\"async\" class=\"alignleft wp-image-198 size-full\" src=\"https:\/\/www.labklima.sk\/wp-content\/uploads\/2023\/11\/pdf-files.png\" alt=\"\" width=\"64\" height=\"64\" \/><\/a><\/p>\n<p><a href=\"https:\/\/www.labklima.sk\/wp-content\/uploads\/2023\/11\/electrolux_convector_ech_bm_eec_7l.pdf\">PDF<br \/>\nSt\u00e1hnout PDF<\/a><\/p>","protected":false},"excerpt":{"rendered":"<div class=\"div_highlights\">\n<ul class=\"_highlights\">\n<li>Efektivn\u00ed plocha a\u017e 25 m2<\/li>\n<li>Wi-Fi<\/li>\n<li>Velikost jednotky (Vx\u0160xH): 800x424x112 mm<\/li>\n<li>Nap\u011bt\u00ed 220-240 V<\/li>\n<li>Hmotnost 8,28 kg<\/li>\n<li>Stabiln\u00ed podvozek pln\u00e9 velikosti<\/li>\n<li>Infra\u010derven\u00e9 topn\u00e9 t\u011bleso<\/li>\n<li>Digit\u00e1ln\u00ed technologie INVERTOR<\/li>\n<\/ul>\n<\/div>\n<div class=\"stock-product\">\n<p class=\"stock in-stock wd-style-bordered\"><span style=\"color: #000000;\">skladem<\/span><\/p>\n<\/div>","protected":false},"featured_media":293,"template":"","meta":[],"product_cat":[80,103],"product_tag":[],"_links":{"self":[{"href":"https:\/\/www.labklima.sk\/cz\/wp-json\/wp\/v2\/product\/292"}],"collection":[{"href":"https:\/\/www.labklima.sk\/cz\/wp-json\/wp\/v2\/product"}],"about":[{"href":"https:\/\/www.labklima.sk\/cz\/wp-json\/wp\/v2\/types\/product"}],"wp:featuredmedia":[{"embeddable":true,"href":"https:\/\/www.labklima.sk\/cz\/wp-json\/wp\/v2\/media\/293"}],"wp:attachment":[{"href":"https:\/\/www.labklima.sk\/cz\/wp-json\/wp\/v2\/media?parent=292"}],"wp:term":[{"taxonomy":"product_cat","embeddable":true,"href":"https:\/\/www.labklima.sk\/cz\/wp-json\/wp\/v2\/product_cat?post=292"},{"taxonomy":"product_tag","embeddable":true,"href":"https:\/\/www.labklima.sk\/cz\/wp-json\/wp\/v2\/product_tag?post=292"}],"curies":[{"name":"wp","href":"https:\/\/api.w.org\/{rel}","templated":true}]}}