{"id":254,"date":"2023-11-07T18:23:11","date_gmt":"2023-11-07T17:23:11","guid":{"rendered":"https:\/\/www.labklima.sk\/?post_type=product&#038;p=254"},"modified":"2025-02-04T09:05:43","modified_gmt":"2025-02-04T08:05:43","slug":"elektricky-konvektor-electrolux-ech-ag2-1000-3be-eec","status":"publish","type":"product","link":"https:\/\/www.labklima.sk\/cz\/produkt\/elektricky-konvektor-electrolux-ech-ag2-1000-3be-eec\/","title":{"rendered":"Elektrick\u00fd konvektor Electrolux ECH\/AG2-1000 3BE EEC"},"content":{"rendered":"<p><strong>Informace o v\u00fdrobku<\/strong><\/p>\n<p>Topn\u00fd modul \u0159ady ECH\/AG2 je vybaven modern\u00edm topn\u00fdm t\u011blesem HEDGEHOG, kter\u00e9 dosahuje provozn\u00ed teploty 20% rychleji a d\u00edky zv\u011bt\u0161en\u00e9 plo\u0161e pro p\u0159enos tepla m\u00e1 velmi kompaktn\u00ed rozm\u011bry. Ni\u017e\u0161\u00ed teplota topn\u00e9ho prvku a pouzdra 15% zaji\u0161\u0165uje m\u011bkk\u00e9 a p\u0159\u00edjemn\u00e9 teplo. \u017divotnost topn\u00e9ho t\u011blesa Hedgehog 25 let!<\/p>\n<p>Aerodynamick\u00fd syst\u00e9m Intelligent Air Dynamic zvy\u0161uje sm\u011brov\u00e9 konvek\u010dn\u00ed proud\u011bn\u00ed o 37% a zaji\u0161\u0165uje tak nejrychlej\u0161\u00ed vyt\u00e1p\u011bn\u00ed m\u00edstnosti. P\u0159\u00edvod vzduchu HD m\u00e1 zv\u011bt\u0161enou plochu pro p\u0159\u00edjem a oh\u0159ev p\u0159iv\u00e1d\u011bn\u00e9ho vzduchu.<\/p>\n<p>Elektronick\u00e1 \u0159\u00eddic\u00ed jednotka Intelligent Transformer s LED displejem ukl\u00e1d\u00e1 do pam\u011bti osobn\u00ed nastaven\u00ed teploty u\u017eivatele.3 provozn\u00ed re\u017eimy, 24hodinov\u00fd \u010dasova\u010d, funkce uzam\u010den\u00ed tla\u010d\u00edtka rodi\u010dovsk\u00e9 kontroly, re\u017eim pln\u00e9ho\/polovi\u010dn\u00edho v\u00fdkonu.<\/p>\n<p><a href=\"https:\/\/www.labklima.sk\/wp-content\/uploads\/2023\/11\/electrolux_convector_ech_ag2_eec_4l.pdf\"><img decoding=\"async\" class=\"alignleft wp-image-198 size-full\" src=\"https:\/\/www.labklima.sk\/wp-content\/uploads\/2023\/11\/pdf-files.png\" alt=\"\" width=\"64\" height=\"64\" \/><\/a><\/p>\n<p><a href=\"https:\/\/www.labklima.sk\/wp-content\/uploads\/2023\/11\/electrolux_convector_ech_ag2_eec_4l.pdf\">PDF<br \/>\nSt\u00e1hnout PDF<\/a><\/p>\n<p><a href=\"https:\/\/www.labklima.sk\/wp-content\/uploads\/2023\/11\/electrolux_convector_ech_ag2_eec_4_1l.pdf\"><img decoding=\"async\" class=\"alignleft wp-image-198 size-full\" src=\"https:\/\/www.labklima.sk\/wp-content\/uploads\/2023\/11\/pdf-files.png\" alt=\"\" width=\"64\" height=\"64\" \/><\/a><\/p>\n<p><a href=\"https:\/\/www.labklima.sk\/wp-content\/uploads\/2023\/11\/electrolux_convector_ech_ag2_eec_4_1l.pdf\">PDF<br \/>\nSt\u00e1hnout PDF<\/a><\/p>\n<p><a href=\"https:\/\/www.labklima.sk\/wp-content\/uploads\/2023\/11\/electrolux_convector_ech_ag2_eec_5l.pdf\"><img decoding=\"async\" class=\"alignleft wp-image-198 size-full\" src=\"https:\/\/www.labklima.sk\/wp-content\/uploads\/2023\/11\/pdf-files.png\" alt=\"\" width=\"64\" height=\"64\" \/><\/a><\/p>\n<p><a href=\"https:\/\/www.labklima.sk\/wp-content\/uploads\/2023\/11\/electrolux_convector_ech_ag2_eec_5l.pdf\">PDF<br \/>\nSt\u00e1hnout PDF<\/a><\/p>","protected":false},"excerpt":{"rendered":"<div class=\"div_highlights\">\n<ul class=\"_highlights\">\n<li>Efektivn\u00ed plocha a\u017e 12 m2<\/li>\n<li>Wi-Fi<\/li>\n<li>Velikost jednotky (Vx\u0160xH): 480x139x413 mm<\/li>\n<li>Nap\u011bt\u00ed 220-240 V<\/li>\n<li>Hmotnost 3,1 kg<\/li>\n<li>Vysok\u00e1 energetick\u00e1 \u00fa\u010dinnost<\/li>\n<li>Topn\u00e9 t\u011bleso HEDGEHOG<\/li>\n<li>Univerz\u00e1ln\u00ed instalace<\/li>\n<\/ul>\n<\/div>\n<div class=\"stock-product\">\n<p class=\"stock in-stock wd-style-bordered\"><span style=\"color: #ff0000;\">Nen\u00ed skladem<\/span><\/p>\n<\/div>","protected":false},"featured_media":260,"template":"","meta":[],"product_cat":[102,71],"product_tag":[],"_links":{"self":[{"href":"https:\/\/www.labklima.sk\/cz\/wp-json\/wp\/v2\/product\/254"}],"collection":[{"href":"https:\/\/www.labklima.sk\/cz\/wp-json\/wp\/v2\/product"}],"about":[{"href":"https:\/\/www.labklima.sk\/cz\/wp-json\/wp\/v2\/types\/product"}],"wp:featuredmedia":[{"embeddable":true,"href":"https:\/\/www.labklima.sk\/cz\/wp-json\/wp\/v2\/media\/260"}],"wp:attachment":[{"href":"https:\/\/www.labklima.sk\/cz\/wp-json\/wp\/v2\/media?parent=254"}],"wp:term":[{"taxonomy":"product_cat","embeddable":true,"href":"https:\/\/www.labklima.sk\/cz\/wp-json\/wp\/v2\/product_cat?post=254"},{"taxonomy":"product_tag","embeddable":true,"href":"https:\/\/www.labklima.sk\/cz\/wp-json\/wp\/v2\/product_tag?post=254"}],"curies":[{"name":"wp","href":"https:\/\/api.w.org\/{rel}","templated":true}]}}