{"id":241,"date":"2023-11-07T17:19:35","date_gmt":"2023-11-07T16:19:35","guid":{"rendered":"https:\/\/www.labklima.sk\/?post_type=product&#038;p=241"},"modified":"2025-10-21T17:50:53","modified_gmt":"2025-10-21T15:50:53","slug":"elektricky-ohrievac-vody-electrolux-ewh-80-fmx-dl-eec","status":"publish","type":"product","link":"https:\/\/www.labklima.sk\/cz\/produkt\/elektricky-ohrievac-vody-electrolux-ewh-80-fmx-dl-eec\/","title":{"rendered":"Elektrick\u00fd oh\u0159\u00edva\u010d vody Electrolux \u0159ady FMX DL"},"content":{"rendered":"<p><strong>Informace o v\u00fdrobku<\/strong><br \/>\nFmx DL je funk\u010dn\u00ed a spolehliv\u00e9 za\u0159\u00edzen\u00ed, d\u00edky kter\u00e9mu si m\u016f\u017eete b\u00fdt jisti, \u017ee budete m\u00edt doma v\u017edy k dispozici teplou vodu. Oh\u0159\u00edva\u010d vody je vybaven syst\u00e9mem such\u00fdch nez\u00e1visl\u00fdch topn\u00fdch t\u011bles X-HEAT, topn\u00e1 t\u011blesa nemaj\u00ed p\u0159\u00edm\u00fd kontakt s vodou, co\u017e v\u00fdrazn\u011b prodlu\u017euje \u017eivotnost za\u0159\u00edzen\u00ed. Krom\u011b toho m\u016f\u017eete aktivovat re\u017eim Eco, ve kter\u00e9m se voda v n\u00e1dr\u017ei oh\u0159\u00edv\u00e1 a\u017e na 55 stup\u0148\u016f, co\u017e umo\u017e\u0148uje prodlou\u017eit \u017eivotnost topn\u00e9ho t\u011blesa a sn\u00ed\u017eit riziko tvorby vodn\u00edho kamene. V\u00e1\u017e\u00edme si va\u0161eho \u010dasu, a abyste nemuseli p\u0159\u00edstroj nastavovat dvakr\u00e1t nebo t\u0159ikr\u00e1t, je oh\u0159\u00edva\u010d vody vybaven funkc\u00ed Ultra Memory: pamatuje si nastaven\u00ed teploty vody a automaticky ji uprav\u00ed p\u0159i ka\u017ed\u00e9m zapnut\u00ed. A pro pohodln\u00e9 pou\u017e\u00edv\u00e1n\u00ed je za\u0159\u00edzen\u00ed vybaveno ovl\u00e1dac\u00edm panelem LED a \u010dtvercov\u00fd kryt a univerz\u00e1ln\u00ed mont\u00e1\u017e v\u00fdrazn\u011b zjednodu\u0161uj\u00ed hled\u00e1n\u00ed m\u00edsta pro instalaci.<\/p>\n<p><a href=\"https:\/\/www.labklima.sk\/wp-content\/uploads\/2023\/11\/electrolux_manual_water_heater_fmx_fmxdl_gb_al_pl_ro_bg_gr_cz-1.pdf\"><img decoding=\"async\" class=\"alignleft wp-image-198 size-full\" src=\"https:\/\/www.labklima.sk\/wp-content\/uploads\/2023\/11\/pdf-files.png\" alt=\"\" width=\"64\" height=\"64\" \/><\/a><\/p>\n<p><a href=\"https:\/\/www.labklima.sk\/wp-content\/uploads\/2023\/11\/electrolux_manual_water_heater_fmx_fmxdl_gb_al_pl_ro_bg_gr_cz-1.pdf\">PDF<br \/>\nSt\u00e1hnout PDF<\/a><\/p>\n<p><a href=\"https:\/\/www.labklima.sk\/wp-content\/uploads\/2023\/11\/electrolux_manual_water_heater_fmx_fmxdl_hu_sr_hr_sk_si_mk-1.pdf\"><img decoding=\"async\" class=\"alignleft wp-image-198 size-full\" src=\"https:\/\/www.labklima.sk\/wp-content\/uploads\/2023\/11\/pdf-files.png\" alt=\"\" width=\"64\" height=\"64\" \/><\/a><\/p>\n<p><a href=\"https:\/\/www.labklima.sk\/wp-content\/uploads\/2023\/11\/electrolux_manual_water_heater_fmx_fmxdl_hu_sr_hr_sk_si_mk-1.pdf\">PDF<br \/>\nSt\u00e1hnout PDF<\/a><\/p>","protected":false},"excerpt":{"rendered":"<div class=\"div_highlights\">\n<ul class=\"_highlights\">\n<li>Jmenovit\u00fd objem 80 l<\/li>\n<li>Energetick\u00e1 t\u0159\u00edda B<\/li>\n<li>Nap\u011bt\u00ed 220-240 V<\/li>\n<li>Velikost jednotky<br \/>\n(Vx\u0160xH): 729x469x454 mm<\/li>\n<li>Maxim\u00e1ln\u00ed teplota vody 75 \u00b0C<\/li>\n<li>Re\u017eim No-Frost<\/li>\n<li>Technologie Ultra memory<\/li>\n<li>Such\u00e1 topn\u00e1 t\u011blesa<\/li>\n<li>Nastaven\u00ed v\u00fdkonu<\/li>\n<\/ul>\n<\/div>\n<div class=\"stock-product\">\n<p class=\"stock in-stock wd-style-bordered\"><span style=\"color: #ff0000;\">Nen\u00ed skladem<\/span><\/p>\n<\/div>","protected":false},"featured_media":240,"template":"","meta":[],"product_cat":[70,101],"product_tag":[],"_links":{"self":[{"href":"https:\/\/www.labklima.sk\/cz\/wp-json\/wp\/v2\/product\/241"}],"collection":[{"href":"https:\/\/www.labklima.sk\/cz\/wp-json\/wp\/v2\/product"}],"about":[{"href":"https:\/\/www.labklima.sk\/cz\/wp-json\/wp\/v2\/types\/product"}],"wp:featuredmedia":[{"embeddable":true,"href":"https:\/\/www.labklima.sk\/cz\/wp-json\/wp\/v2\/media\/240"}],"wp:attachment":[{"href":"https:\/\/www.labklima.sk\/cz\/wp-json\/wp\/v2\/media?parent=241"}],"wp:term":[{"taxonomy":"product_cat","embeddable":true,"href":"https:\/\/www.labklima.sk\/cz\/wp-json\/wp\/v2\/product_cat?post=241"},{"taxonomy":"product_tag","embeddable":true,"href":"https:\/\/www.labklima.sk\/cz\/wp-json\/wp\/v2\/product_tag?post=241"}],"curies":[{"name":"wp","href":"https:\/\/api.w.org\/{rel}","templated":true}]}}