{"id":223,"date":"2023-11-07T14:52:47","date_gmt":"2023-11-07T13:52:47","guid":{"rendered":"https:\/\/www.labklima.sk\/?post_type=product&#038;p=223"},"modified":"2025-10-02T11:13:19","modified_gmt":"2025-10-02T09:13:19","slug":"elektricky-ohrievac-vody-electrolux-ewh-30-si-eec","status":"publish","type":"product","link":"https:\/\/www.labklima.sk\/cz\/produkt\/elektricky-ohrievac-vody-electrolux-ewh-30-si-eec\/","title":{"rendered":"Elektrick\u00fd oh\u0159\u00edva\u010d vody Electrolux \u0159ady SI"},"content":{"rendered":"<p><strong>Informace o v\u00fdrobku<\/strong><br \/>\nElektrick\u00fd z\u00e1sobn\u00edkov\u00fd oh\u0159\u00edva\u010d vody Electrolux \u0159ady SI se smaltovanou vnit\u0159n\u00ed n\u00e1dr\u017e\u00ed, invertorov\u00fdm \u0159\u00edzen\u00edm a maxim\u00e1ln\u00ed t\u0159\u00eddou energetick\u00e9 \u00fa\u010dinnosti.<\/p>\n<p><strong>Digit\u00e1ln\u00ed technologie INVERTER<\/strong><br \/>\nC\u00edlem t\u00e9to jedine\u010dn\u00e9 technologie, kter\u00e1 byla poprv\u00e9 pou\u017eita v oh\u0159\u00edva\u010d\u00edch vody, je sn\u00ed\u017eit zat\u00ed\u017een\u00ed elektrick\u00e9 s\u00edt\u011b a topn\u00fdch t\u011bles automatickou zm\u011bnou v\u00fdkonu topn\u00fdch t\u011bles. Jin\u00fdmi slovy, topn\u00e1 t\u011blesa se sama p\u0159izp\u016fsob\u00ed a oh\u0159\u00edvaj\u00ed vodu uvnit\u0159 oh\u0159\u00edva\u010de v\u00fdkonem, kter\u00fd je v dan\u00e9m \u010dasov\u00e9m \u00faseku objektivn\u011b pot\u0159ebn\u00fd. D\u00edky t\u00e9to technologii doch\u00e1z\u00ed k \u00faspo\u0159e elektrick\u00e9 energie i prost\u0159edk\u016f na provoz topn\u00fdch t\u011bles, proto\u017ee topn\u00e1 t\u011blesa ji\u017e neb\u011b\u017e\u00ed na pln\u00fd v\u00fdkon, kdy\u017e nejsou pot\u0159eba!<\/p>\n<p><strong>Technologie SMART MEMORY<\/strong><br \/>\nJedn\u00e1 se o technologii pro zapamatov\u00e1n\u00ed u\u017eivatelsk\u00fdch n\u00e1vyk\u016f.<br \/>\nPo prvn\u00edch 7 dnech sezn\u00e1men\u00ed oh\u0159\u00edva\u010de vody s va\u0161imi n\u00e1vyky ji\u017e nemus\u00edte myslet na ovl\u00e1d\u00e1n\u00ed oh\u0159\u00edva\u010de vody, p\u0159\u00edstroj si na z\u00e1klad\u011b va\u0161eho pou\u017e\u00edv\u00e1n\u00ed vypracuje algoritmus, podle kter\u00e9ho bude v budoucnu pracovat - s\u00e1m se rozhodne, kdy v\u00e1m m\u00e1 p\u0159ipravit teplou vodu.<\/p>\n<p><strong>Elektronick\u00e1 anoda<\/strong><br \/>\nStandardn\u00ed oh\u0159\u00edva\u010de vody jsou vybaveny aktivn\u00ed anodou (elektronickou anodou). Anoda je titanov\u00e1 ty\u010d a poskytuje ochranu proti korozi, kdykoli je oh\u0159\u00edva\u010d vody p\u0159ipojen ke zdroji energie. Elektronick\u00e1 anoda nevy\u017eaduje \u017e\u00e1dnou v\u00fdm\u011bnu, \u017e\u00e1dnou ro\u010dn\u00ed \u00fadr\u017ebu a desetin\u00e1sobn\u011b zvy\u0161uje ochranu vnit\u0159n\u00edch st\u011bn oh\u0159\u00edva\u010de vody proti korozi.<\/p>\n<p><strong>Konektor se z\u00e1suvkou R pro Bluetooth Sound<\/strong><br \/>\nSI je kompatibiln\u00ed s bezdr\u00e1tov\u00fdm p\u0159enosn\u00fdm reproduktorem Electrolux Mini beat.<\/p>\n<p><strong>Vestav\u011bn\u00e9 p\u0159ipojen\u00ed Wi-Fi<\/strong><br \/>\nP\u0159ipojen\u00ed Wi-Fi umo\u017e\u0148uje d\u00e1lkov\u011b ovl\u00e1dat oh\u0159\u00edva\u010d vody odkudkoli na sv\u011bt\u011b. To v\u00e1m umo\u017en\u00ed nejen oh\u0159\u00e1t vodu na po\u017eadovanou teplotu pro v\u00e1\u0161 p\u0159\u00edjezd, ale tak\u00e9 v\u00fdrazn\u011b u\u0161et\u0159it n\u00e1klady na energii.<\/p>\n<p><strong>Technologie X-HEAT<\/strong><br \/>\nSyst\u00e9m \"DRY\" topn\u00fdch t\u011bles - \"X-Heat\" - syst\u00e9m, ve kter\u00e9m topn\u00e1 t\u011blesa nejsou v p\u0159\u00edm\u00e9m kontaktu s vodou. Topn\u00e1 t\u011blesa jsou um\u00edst\u011bna ve speci\u00e1ln\u00edch kovov\u00fdch pouzdrech p\u0159ipevn\u011bn\u00fdch k p\u0159\u00edrub\u011b na dn\u011b n\u00e1dr\u017ee, co\u017e omezuje usazov\u00e1n\u00ed vodn\u00edho kamene na topn\u00fdch t\u011blesech a v\u00fdrazn\u011b prodlu\u017euje jejich \u017eivotnost.<\/p>\n<p><strong>Sanit\u00e1rn\u00ed antibakteri\u00e1ln\u00ed \u00faprava vody BACTERIA STOP SYSTEM<\/strong><br \/>\nSyst\u00e9m Bacteria Stop je profesion\u00e1ln\u00ed syst\u00e9m antibakteri\u00e1ln\u00ed \u00fapravy vody, kter\u00fd p\u0159edstavuje cyklus tepeln\u00e9 \u00fapravy (oh\u0159ev na 70 \u00b0C) vody uvnit\u0159 oh\u0159\u00edva\u010de vody, b\u011bhem n\u00ed\u017e se odstran\u00ed vegetativn\u00ed formy mikroorganism\u016f, kter\u00e9 jsou ve vod\u011b p\u0159\u00edtomny a aktivn\u011b se mno\u017e\u00ed, pokud se za\u0159\u00edzen\u00ed del\u0161\u00ed dobu nepou\u017e\u00edv\u00e1.<\/p>\n<p><strong>Re\u017eim proti zamrznut\u00ed<\/strong><br \/>\nAutomatick\u00e9 udr\u017eov\u00e1n\u00ed teploty v n\u00e1dr\u017ei ne ni\u017e\u0161\u00ed ne\u017e +4 \u00b0C.<\/p>\n<p><strong>V\u00edce\u00farov\u0148ov\u00fd bezpe\u010dnostn\u00ed syst\u00e9m<\/strong><br \/>\nSI m\u00e1 v\u00edcestup\u0148ov\u00fd bezpe\u010dnostn\u00ed syst\u00e9m. Speci\u00e1ln\u00ed termostat zabra\u0148uje oh\u0159evu vody nad 75 \u00b0C. Bezpe\u010dnostn\u00ed vypou\u0161t\u011bc\u00ed ventil chr\u00e1n\u00ed jednotku p\u0159ed p\u0159etlakem a bezpe\u010dnostn\u00ed odpojovac\u00ed za\u0159\u00edzen\u00ed na elektrick\u00e9m kabelu chr\u00e1n\u00ed p\u0159ed \u00fanikem elektrick\u00e9ho proudu.<\/p>\n<p><strong>V\u0161estrannost oh\u0159\u00edva\u010de vody a displeje<\/strong><br \/>\nOh\u0159\u00edva\u010de vody t\u00e9to \u0159ady jsou v\u0161estrann\u011b instalovateln\u00e9: lze je instalovat ve svisl\u00e9 i vodorovn\u00e9 poloze, co\u017e otev\u00edr\u00e1 velk\u00e9 mo\u017enosti v\u00fdb\u011bru vhodn\u00e9ho um\u00edst\u011bn\u00ed v m\u00edstnosti. D\u00edky modern\u00edmu ploch\u00e9mu tvaru a kompaktn\u00edm rozm\u011br\u016fm nen\u00ed obt\u00ed\u017en\u00e9 oh\u0159\u00edva\u010de vody um\u00edstit do jak\u00e9koli mal\u00e9 m\u00edstnosti. M\u016f\u017eete tak\u00e9 m\u011bnit orientaci displeje, a to bu\u010f na v\u00fd\u0161ku, nebo na \u0161\u00ed\u0159ku.<\/p>\n<p><strong>Nastaven\u00ed \u010dasova\u010de<\/strong><br \/>\nNyn\u00ed oh\u0159\u00edva\u010de vody Electrolux nab\u00edzej\u00ed mo\u017enost nastaven\u00ed \u010dasova\u010de nebo odlo\u017een\u00e9ho oh\u0159evu - p\u0159\u00edstroj s\u00e1m vypo\u010d\u00edt\u00e1 dobu oh\u0159evu vody podle nastaven\u00ed u\u017eivatele, zapne se p\u0159edem a za\u010dne oh\u0159\u00edvat. Sta\u010d\u00ed nastavit \u010das, kdy pot\u0159ebujete teplou vodu.<\/p>\n<p><strong>T\u0159i re\u017eimy nap\u00e1jen\u00ed<\/strong><br \/>\nFunkci polovi\u010dn\u00edho v\u00fdkonu lze zvolit na ovl\u00e1dac\u00edm panelu. Umo\u017e\u0148uje \u0161et\u0159it energii a pou\u017e\u00edvat p\u0159\u00edstroj v m\u00edstnostech s omezen\u00fdm nap\u00e1jen\u00edm ze s\u00edt\u011b, nap\u0159\u00edklad ve venkovsk\u00e9m dom\u011b. P\u0159i nastaven\u00ed pln\u00e9ho v\u00fdkonu se aktivuje funkce rychl\u00e9ho oh\u0159evu na nastavenou teplotu.<\/p>\n<p><strong>Inteligentn\u00ed ovl\u00e1d\u00e1n\u00ed<\/strong><br \/>\nOvl\u00e1dac\u00ed knofl\u00edk a LED displej umo\u017e\u0148uj\u00ed nastavit po\u017eadovanou teplotu oh\u0159evu s p\u0159esnost\u00ed na 1 \u00b0C. B\u011bhem oh\u0159evu se na LED displeji zobrazuje aktu\u00e1ln\u00ed teplota uvnit\u0159 oh\u0159\u00edva\u010de vody.<\/p>\n<p><strong>Ekologick\u00fd re\u017eim<\/strong><br \/>\nModel SI je vybaven funkc\u00ed ekologick\u00e9ho re\u017eimu, ve kter\u00e9m se voda oh\u0159\u00edv\u00e1 na teplotu p\u0159ibli\u017en\u011b 55 \u00b0C. P\u0159i t\u00e9to teplot\u011b se zvy\u0161uje \u017eivotnost oh\u0159\u00edva\u010de, voda se dezinfikuje a prakticky se netvo\u0159\u00ed \u017e\u00e1dn\u00e9 ne\u010distoty.<\/p>\n<p><a href=\"https:\/\/www.labklima.sk\/wp-content\/uploads\/2023\/11\/electrolux_manual_water_heater_si_gb_al_pl_ro_bg_gr_cz.pdf\"><img decoding=\"async\" class=\"alignleft wp-image-198 size-full\" src=\"https:\/\/www.labklima.sk\/wp-content\/uploads\/2023\/11\/pdf-files.png\" alt=\"\" width=\"64\" height=\"64\" \/><\/a><\/p>\n<p><a href=\"https:\/\/www.labklima.sk\/wp-content\/uploads\/2023\/11\/electrolux_manual_water_heater_si_gb_al_pl_ro_bg_gr_cz.pdf\">PDF<br \/>\nSt\u00e1hnout PDF<\/a><\/p>\n<p><a href=\"https:\/\/www.labklima.sk\/wp-content\/uploads\/2023\/11\/electrolux_manual_water_heater_si_hu_sr_hr_sk_si_mk.pdf\"><img decoding=\"async\" class=\"alignleft wp-image-198 size-full\" src=\"https:\/\/www.labklima.sk\/wp-content\/uploads\/2023\/11\/pdf-files.png\" alt=\"\" width=\"64\" height=\"64\" \/><\/a><\/p>\n<p><a href=\"https:\/\/www.labklima.sk\/wp-content\/uploads\/2023\/11\/electrolux_manual_water_heater_si_hu_sr_hr_sk_si_mk.pdf\">PDF<br \/>\nSt\u00e1hnout PDF<\/a><\/p>","protected":false},"excerpt":{"rendered":"<div class=\"div_highlights\">\n<ul class=\"_highlights\">\n<li>Jmenovit\u00fd objem 30 l<\/li>\n<li>Energetick\u00e1 t\u0159\u00edda A<\/li>\n<li>Max. p\u0159\u00edkon 2000 W<\/li>\n<li>Nap\u011bt\u00ed 220-240 V<\/li>\n<li>Velikost jednotky (Vx\u0160xH): 740x505x290 mm<\/li>\n<li>Maxim\u00e1ln\u00ed teplota vody 75 \u00b0C<\/li>\n<li>Ovl\u00e1d\u00e1n\u00ed p\u0159es Wi-Fi<\/li>\n<li>Digit\u00e1ln\u00ed technologie INVERTOR<\/li>\n<li>Funkce Smart Memory<\/li>\n<\/ul>\n<\/div>\n<div class=\"stock-product\">\n<p class=\"stock in-stock wd-style-bordered\"><span style=\"color: #ff0000;\">Nen\u00ed skladem<\/span><\/p>\n<\/div>","protected":false},"featured_media":222,"template":"","meta":[],"product_cat":[69,101],"product_tag":[],"_links":{"self":[{"href":"https:\/\/www.labklima.sk\/cz\/wp-json\/wp\/v2\/product\/223"}],"collection":[{"href":"https:\/\/www.labklima.sk\/cz\/wp-json\/wp\/v2\/product"}],"about":[{"href":"https:\/\/www.labklima.sk\/cz\/wp-json\/wp\/v2\/types\/product"}],"wp:featuredmedia":[{"embeddable":true,"href":"https:\/\/www.labklima.sk\/cz\/wp-json\/wp\/v2\/media\/222"}],"wp:attachment":[{"href":"https:\/\/www.labklima.sk\/cz\/wp-json\/wp\/v2\/media?parent=223"}],"wp:term":[{"taxonomy":"product_cat","embeddable":true,"href":"https:\/\/www.labklima.sk\/cz\/wp-json\/wp\/v2\/product_cat?post=223"},{"taxonomy":"product_tag","embeddable":true,"href":"https:\/\/www.labklima.sk\/cz\/wp-json\/wp\/v2\/product_tag?post=223"}],"curies":[{"name":"wp","href":"https:\/\/api.w.org\/{rel}","templated":true}]}}