{"id":220,"date":"2023-11-07T14:42:38","date_gmt":"2023-11-07T13:42:38","guid":{"rendered":"https:\/\/www.labklima.sk\/?post_type=product&#038;p=220"},"modified":"2025-04-02T15:17:11","modified_gmt":"2025-04-02T13:17:11","slug":"elektricky-ohrievac-vody-electrolux-ewh-100-fmx-eec","status":"publish","type":"product","link":"https:\/\/www.labklima.sk\/cz\/produkt\/elektricky-ohrievac-vody-electrolux-ewh-100-fmx-eec\/","title":{"rendered":"Elektrick\u00fd oh\u0159\u00edva\u010d vody Electrolux EWH 100 FMX EEC"},"content":{"rendered":"<p><strong>Informace o v\u00fdrobku<\/strong><\/p>\n<p>S oh\u0159\u00edva\u010dem vody Fmx od spole\u010dnosti Electrolux m\u00e1te horkou vodu v\u017edy k dispozici. Oh\u0159\u00edva\u010d vody je vybaven syst\u00e9mem such\u00fdch nez\u00e1visl\u00fdch topn\u00fdch t\u011bles X-HEAT, topn\u00e1 t\u011blesa nemaj\u00ed p\u0159\u00edm\u00fd kontakt s vodou, co\u017e v\u00fdrazn\u011b prodlu\u017euje \u017eivotnost za\u0159\u00edzen\u00ed. V re\u017eimu eco se voda v n\u00e1dr\u017ei oh\u0159eje a\u017e na 55 stup\u0148\u016f, co\u017e v\u00e1m umo\u017en\u00ed prodlou\u017eit \u017eivotnost topn\u00e9ho t\u011blesa a sn\u00ed\u017eit riziko usazov\u00e1n\u00ed vodn\u00edho kamene. D\u00edky syst\u00e9mu ochrany proti korozi PROTECT TANK - ho\u0159\u010d\u00edkov\u00e9 anod\u011b se zv\u00fd\u0161enou hmotnost\u00ed, bezpe\u010dnostn\u00edmu syst\u00e9mu a jemn\u011b rozpt\u00fdlen\u00e9mu smaltu Elastic Cobalt Defense - je oh\u0159\u00edva\u010d vody odoln\u00fd. Krom\u011b toho si m\u016f\u017eete zvolit po\u017eadovanou rychlost oh\u0159evu vody d\u00edky t\u0159em re\u017eim\u016fm v\u00fdkonu a d\u00edky r\u016fzn\u00e9mu v\u00fdkonu oh\u0159evu lze oh\u0159\u00edva\u010d Fmx instalovat v m\u00edstnostech s t\u00e9m\u011b\u0159 jak\u00fdmkoli zdrojem energie. U oh\u0159\u00edva\u010de Fmx si m\u016f\u017eete b\u00fdt jisti bezpe\u010dnost\u00ed za\u0159\u00edzen\u00ed, proto\u017ee je vybaven v\u00edcestup\u0148ov\u00fdm syst\u00e9mem ochrany v\u010detn\u011b ochrany proti korozi, p\u0159eh\u0159\u00e1t\u00ed, p\u0159etlaku a tak\u00e9 proudov\u00fdm chr\u00e1ni\u010dem. D\u00edky mechanick\u00e9mu ovl\u00e1dac\u00edmu panelu se p\u0159\u00edstroj snadno pou\u017e\u00edv\u00e1 a \u010dtvercov\u00fd kryt a univerz\u00e1ln\u00ed mont\u00e1\u017e usnad\u0148uj\u00ed jeho um\u00edst\u011bn\u00ed.<\/p>\n<p><a href=\"https:\/\/www.labklima.sk\/wp-content\/uploads\/2023\/11\/electrolux_manual_water_heater_fmx_fmxdl_gb_al_pl_ro_bg_gr_cz.pdf\"><img decoding=\"async\" class=\"alignleft wp-image-198 size-full\" src=\"https:\/\/www.labklima.sk\/wp-content\/uploads\/2023\/11\/pdf-files.png\" alt=\"\" width=\"64\" height=\"64\" \/><\/a><\/p>\n<p><a href=\"https:\/\/www.labklima.sk\/wp-content\/uploads\/2023\/11\/electrolux_manual_water_heater_fmx_fmxdl_hu_sr_hr_sk_si_mk.pdf\">PDF<br \/>\nSt\u00e1hnout PDF<\/a><\/p>\n<p><a href=\"https:\/\/www.labklima.sk\/wp-content\/uploads\/2023\/11\/electrolux_manual_water_heater_fmx_fmxdl_hu_sr_hr_sk_si_mk.pdf\"><img decoding=\"async\" class=\"alignleft wp-image-198 size-full\" src=\"https:\/\/www.labklima.sk\/wp-content\/uploads\/2023\/11\/pdf-files.png\" alt=\"\" width=\"64\" height=\"64\" \/><\/a><\/p>\n<p><a href=\"https:\/\/www.labklima.sk\/wp-content\/uploads\/2023\/11\/electrolux_manual_water_heater_fmx_fmxdl_hu_sr_hr_sk_si_mk.pdf\">PDF<br \/>\nSt\u00e1hnout PDF<\/a><\/p>","protected":false},"excerpt":{"rendered":"<div class=\"div_highlights\">\n<ul class=\"_highlights\">\n<li>Jmenovit\u00fd objem 100 l<\/li>\n<li>Energetick\u00e1 t\u0159\u00edda C<\/li>\n<li>Stupn\u011b topn\u00e9ho v\u00fdkonu 800\/1200\/2000 W<\/li>\n<li>Nap\u011bt\u00ed 220-240 V<\/li>\n<li>Velikost jednotky (Vx\u0160xH): 879x469x454 mm<\/li>\n<li>Maxim\u00e1ln\u00ed teplota vody 75 \u00b0C<\/li>\n<li>3 \u00farovn\u011b v\u00fdkonu oh\u0159evu vody<\/li>\n<li>Re\u017eim ECO<\/li>\n<li>V\u00edce\u00farov\u0148ov\u00e1 ochrana vnit\u0159n\u00ed n\u00e1dr\u017ee<\/li>\n<li>Such\u00e1 topn\u00e1 t\u011blesa.<\/li>\n<\/ul>\n<\/div>\n<div class=\"stock-product\">\n<p class=\"stock in-stock wd-style-bordered\"><span style=\"color: #ff0000;\">Nen\u00ed skladem<\/span><\/p>\n<\/div>","protected":false},"featured_media":213,"template":"","meta":[],"product_cat":[64],"product_tag":[],"_links":{"self":[{"href":"https:\/\/www.labklima.sk\/cz\/wp-json\/wp\/v2\/product\/220"}],"collection":[{"href":"https:\/\/www.labklima.sk\/cz\/wp-json\/wp\/v2\/product"}],"about":[{"href":"https:\/\/www.labklima.sk\/cz\/wp-json\/wp\/v2\/types\/product"}],"wp:featuredmedia":[{"embeddable":true,"href":"https:\/\/www.labklima.sk\/cz\/wp-json\/wp\/v2\/media\/213"}],"wp:attachment":[{"href":"https:\/\/www.labklima.sk\/cz\/wp-json\/wp\/v2\/media?parent=220"}],"wp:term":[{"taxonomy":"product_cat","embeddable":true,"href":"https:\/\/www.labklima.sk\/cz\/wp-json\/wp\/v2\/product_cat?post=220"},{"taxonomy":"product_tag","embeddable":true,"href":"https:\/\/www.labklima.sk\/cz\/wp-json\/wp\/v2\/product_tag?post=220"}],"curies":[{"name":"wp","href":"https:\/\/api.w.org\/{rel}","templated":true}]}}