{"id":205,"date":"2023-11-06T20:39:19","date_gmt":"2023-11-06T19:39:19","guid":{"rendered":"https:\/\/www.labklima.sk\/?post_type=product&#038;p=205"},"modified":"2025-04-02T15:19:00","modified_gmt":"2025-04-02T13:19:00","slug":"elektricky-ohrievac-vody-electrolux-ewh-15-q-u-eec","status":"publish","type":"product","link":"https:\/\/www.labklima.sk\/cz\/produkt\/elektricky-ohrievac-vody-electrolux-ewh-15-q-u-eec\/","title":{"rendered":"Elektrick\u00fd oh\u0159\u00edva\u010d vody Electrolux EWH 15 Q U EEC"},"content":{"rendered":"<p>Informace o v\u00fdrobku<br \/>\nOh\u0159\u00edva\u010d vody \u0159ady Q lze d\u00edky jeho kompaktn\u00edm rozm\u011br\u016fm um\u00edstit i do t\u011bch nejt\u011bsn\u011bj\u0161\u00edch prostor. A d\u00edky mo\u017enosti v\u00fdb\u011bru model\u016f se spodn\u00edm i horn\u00edm p\u0159ipojen\u00edm lze za\u0159\u00edzen\u00ed instalovat v z\u00e1vislosti na um\u00edst\u011bn\u00ed p\u0159\u00edvodu vody.<\/p>\n<p>Oh\u0159\u00edva\u010de vody jsou nab\u00edzeny ve dvou proveden\u00edch - 10 a 15 litr\u016f.<\/p>\n<p>Electrolux Q 15 je vybaven v\u00fdkonn\u00fdm topn\u00fdm t\u011blesem o p\u0159\u00edkonu 2000 W, kter\u00e9 oh\u0159eje vodu na 75 \u00b0C za pouh\u00fdch 23 minut. P\u0159\u00edstroj se dok\u00e1\u017ee samostatn\u011b postarat o svou odolnost. T\u00e9 je dosa\u017eeno d\u00edky vestav\u011bn\u00e9mu re\u017eimu ECO. Voda ve spot\u0159ebi\u010di se oh\u0159\u00edv\u00e1 na 55 \u00b0C, co\u017e sni\u017euje usazov\u00e1n\u00ed vodn\u00edho kamene, prodlu\u017euje \u017eivotnost topn\u00e9ho t\u011blesa a prodlu\u017euje \u017eivotnost spot\u0159ebi\u010de.<\/p>\n<p><a href=\"https:\/\/www.labklima.sk\/wp-content\/uploads\/2023\/11\/electrolux_manual_water_heater_q_gb_al_pl_ro_bg_gr_cz.pdf\"><img decoding=\"async\" class=\"alignleft wp-image-198 size-full\" src=\"https:\/\/www.labklima.sk\/wp-content\/uploads\/2023\/11\/pdf-files.png\" alt=\"\" width=\"64\" height=\"64\" \/><\/a><\/p>\n<p><a href=\"https:\/\/www.labklima.sk\/wp-content\/uploads\/2023\/11\/electrolux_manual_water_heater_q_gb_al_pl_ro_bg_gr_cz.pdf\">PDF<br \/>\nSt\u00e1hnout PDF<\/a><\/p>\n<p><a href=\"https:\/\/www.labklima.sk\/wp-content\/uploads\/2023\/11\/electrolux_manual_water_heater_q_hu_sr_hr_sk_si_mk.pdf\"><img decoding=\"async\" class=\"alignleft wp-image-198 size-full\" src=\"https:\/\/www.labklima.sk\/wp-content\/uploads\/2023\/11\/pdf-files.png\" alt=\"\" width=\"64\" height=\"64\" \/><\/a><\/p>\n<p><a href=\"https:\/\/www.labklima.sk\/wp-content\/uploads\/2023\/11\/electrolux_manual_water_heater_q_hu_sr_hr_sk_si_mk.pdf\">PDF<br \/>\nSt\u00e1hnout PDF<\/a><\/p>","protected":false},"excerpt":{"rendered":"<div class=\"div_highlights\">\n<ul class=\"_highlights\">\n<li>Jmenovit\u00fd objem 15 Horn\u00ed<\/li>\n<li>Energetick\u00e1 t\u0159\u00edda B<\/li>\n<li>Max. teplota vody 75 \u00b0C<\/li>\n<li>Nap\u011bt\u00ed 220-240 V<\/li>\n<li>Max. spot\u0159eba energie 2500<\/li>\n<li>Mont\u00e1\u017e na st\u011bnu nebo podlahu<\/li>\n<li>Velikost jednotky (Vx\u0160xH) 368x368x340 mm<\/li>\n<li>Kompaktn\u00ed velikost<\/li>\n<li>Rychl\u00fd oh\u0159ev vody<\/li>\n<li>Re\u017eim ECO<\/li>\n<li>V\u00edce\u00farov\u0148ov\u00e1 ochrana vnit\u0159n\u00ed n\u00e1dr\u017ee<\/li>\n<\/ul>\n<\/div>\n<div class=\"stock-product\">\n<p class=\"stock in-stock wd-style-bordered\"><span style=\"color: #ff0000;\">Nen\u00ed skladem<\/span><\/p>\n<\/div>","protected":false},"featured_media":195,"template":"","meta":[],"product_cat":[59],"product_tag":[],"_links":{"self":[{"href":"https:\/\/www.labklima.sk\/cz\/wp-json\/wp\/v2\/product\/205"}],"collection":[{"href":"https:\/\/www.labklima.sk\/cz\/wp-json\/wp\/v2\/product"}],"about":[{"href":"https:\/\/www.labklima.sk\/cz\/wp-json\/wp\/v2\/types\/product"}],"wp:featuredmedia":[{"embeddable":true,"href":"https:\/\/www.labklima.sk\/cz\/wp-json\/wp\/v2\/media\/195"}],"wp:attachment":[{"href":"https:\/\/www.labklima.sk\/cz\/wp-json\/wp\/v2\/media?parent=205"}],"wp:term":[{"taxonomy":"product_cat","embeddable":true,"href":"https:\/\/www.labklima.sk\/cz\/wp-json\/wp\/v2\/product_cat?post=205"},{"taxonomy":"product_tag","embeddable":true,"href":"https:\/\/www.labklima.sk\/cz\/wp-json\/wp\/v2\/product_tag?post=205"}],"curies":[{"name":"wp","href":"https:\/\/api.w.org\/{rel}","templated":true}]}}