{"id":183,"date":"2023-11-04T09:19:56","date_gmt":"2023-11-04T08:19:56","guid":{"rendered":"https:\/\/www.labklima.sk\/?post_type=product&#038;p=183"},"modified":"2025-02-03T12:00:33","modified_gmt":"2025-02-03T11:00:33","slug":"vnutorne-jednotky-konzoloveho-typu-electrolux-eacc-i-18-fmi-n8_erp-eu","status":"publish","type":"product","link":"https:\/\/www.labklima.sk\/cz\/produkt\/vnutorne-jednotky-konzoloveho-typu-electrolux-eacc-i-18-fmi-n8_erp-eu\/","title":{"rendered":"Vn\u00fatorn\u00e9 jednotky konzolov\u00e9ho typu ELECTROLUX EACC\/I-18 FMI\/N8_ERP EU"},"content":{"rendered":"","protected":false},"excerpt":{"rendered":"<div class=\"div_highlights\">\n<ul class=\"_highlights\">\n<li>Maxim\u00e1lny vykurovac\u00ed v\u00fdkon 5.7 kWt<\/li>\n<li>Technologie m\u011bni\u010d\u016f<\/li>\n<li>Maxim\u00e1lny chladiaci v\u00fdkon 5.3 kWt<\/li>\n<li>Efektivn\u00ed plocha a\u017e 50 m\u00b2<\/li>\n<li>Maxim\u00e1ln\u00ed chladic\u00ed v\u00fdkon kWt<\/li>\n<li>Mont\u00e1\u017e na st\u011bnu nebo podlahu<\/li>\n<li>Hmotnost: 8,5 kg<\/li>\n<\/ul>\n<\/div>\n<div class=\"stock-product\">\n<p class=\"stock in-stock wd-style-bordered\"><span style=\"color: #ff0000;\">Objedn\u00e1vka<\/span><\/p>\n<\/div>","protected":false},"featured_media":180,"template":"","meta":[],"product_cat":[56],"product_tag":[],"_links":{"self":[{"href":"https:\/\/www.labklima.sk\/cz\/wp-json\/wp\/v2\/product\/183"}],"collection":[{"href":"https:\/\/www.labklima.sk\/cz\/wp-json\/wp\/v2\/product"}],"about":[{"href":"https:\/\/www.labklima.sk\/cz\/wp-json\/wp\/v2\/types\/product"}],"wp:featuredmedia":[{"embeddable":true,"href":"https:\/\/www.labklima.sk\/cz\/wp-json\/wp\/v2\/media\/180"}],"wp:attachment":[{"href":"https:\/\/www.labklima.sk\/cz\/wp-json\/wp\/v2\/media?parent=183"}],"wp:term":[{"taxonomy":"product_cat","embeddable":true,"href":"https:\/\/www.labklima.sk\/cz\/wp-json\/wp\/v2\/product_cat?post=183"},{"taxonomy":"product_tag","embeddable":true,"href":"https:\/\/www.labklima.sk\/cz\/wp-json\/wp\/v2\/product_tag?post=183"}],"curies":[{"name":"wp","href":"https:\/\/api.w.org\/{rel}","templated":true}]}}