{"id":181,"date":"2023-11-04T09:08:14","date_gmt":"2023-11-04T08:08:14","guid":{"rendered":"https:\/\/www.labklima.sk\/?post_type=product&#038;p=181"},"modified":"2025-02-03T12:00:01","modified_gmt":"2025-02-03T11:00:01","slug":"vnutorne-jednotky-konzoloveho-typu-electrolux-eacc-i-12-fmi-n8_erp-eu","status":"publish","type":"product","link":"https:\/\/www.labklima.sk\/cz\/produkt\/vnutorne-jednotky-konzoloveho-typu-electrolux-eacc-i-12-fmi-n8_erp-eu\/","title":{"rendered":"Vnit\u0159n\u00ed jednotky ELECTROLUX konzolov\u00e9ho typu"},"content":{"rendered":"","protected":false},"excerpt":{"rendered":"<div class=\"div_highlights\">\n<ul class=\"_highlights\">\n<li>Maxim\u00e1ln\u00ed topn\u00fd v\u00fdkon 4,0 kWt<\/li>\n<li>Technologie m\u011bni\u010d\u016f<\/li>\n<li>Maxim\u00e1ln\u00ed chladic\u00ed v\u00fdkon 3,5 kWt<\/li>\n<li>Efektivn\u00ed plocha a\u017e 35 m\u00b2<\/li>\n<li>Maxim\u00e1ln\u00ed chladic\u00ed v\u00fdkon kWt<\/li>\n<li>Mont\u00e1\u017e na st\u011bnu nebo podlahu<\/li>\n<li>Hmotnost: 16 kg<\/li>\n<\/ul>\n<\/div>\n<div class=\"stock-product\">\n<p class=\"stock in-stock wd-style-bordered\"><span style=\"color: #ff0000;\">Objedn\u00e1vka<\/span><\/p>\n<\/div>","protected":false},"featured_media":180,"template":"","meta":[],"product_cat":[42,56],"product_tag":[],"_links":{"self":[{"href":"https:\/\/www.labklima.sk\/cz\/wp-json\/wp\/v2\/product\/181"}],"collection":[{"href":"https:\/\/www.labklima.sk\/cz\/wp-json\/wp\/v2\/product"}],"about":[{"href":"https:\/\/www.labklima.sk\/cz\/wp-json\/wp\/v2\/types\/product"}],"wp:featuredmedia":[{"embeddable":true,"href":"https:\/\/www.labklima.sk\/cz\/wp-json\/wp\/v2\/media\/180"}],"wp:attachment":[{"href":"https:\/\/www.labklima.sk\/cz\/wp-json\/wp\/v2\/media?parent=181"}],"wp:term":[{"taxonomy":"product_cat","embeddable":true,"href":"https:\/\/www.labklima.sk\/cz\/wp-json\/wp\/v2\/product_cat?post=181"},{"taxonomy":"product_tag","embeddable":true,"href":"https:\/\/www.labklima.sk\/cz\/wp-json\/wp\/v2\/product_tag?post=181"}],"curies":[{"name":"wp","href":"https:\/\/api.w.org\/{rel}","templated":true}]}}