{"id":173,"date":"2023-11-03T21:30:06","date_gmt":"2023-11-03T20:30:06","guid":{"rendered":"https:\/\/www.labklima.sk\/?post_type=product&#038;p=173"},"modified":"2025-02-03T12:02:18","modified_gmt":"2025-02-03T11:02:18","slug":"vnutorne-bloky-nastenneho-typu-electrolux-eacs-i-12-he-fmi-n8_erp-eu","status":"publish","type":"product","link":"https:\/\/www.labklima.sk\/cz\/produkt\/vnutorne-bloky-nastenneho-typu-electrolux-eacs-i-12-he-fmi-n8_erp-eu\/","title":{"rendered":"N\u00e1st\u011bnn\u00e9 vnit\u0159n\u00ed jednotky ELECTROLUX EACS\/I-12 HE FMI\/N8_ERP EU"},"content":{"rendered":"<p>Informace o v\u00fdrobku<\/p>\n<p>Nez\u00e1visl\u00e9 nastaven\u00ed parametr\u016f ka\u017ed\u00e9ho z blok\u016f umo\u017e\u0148uje vytvo\u0159it individu\u00e1ln\u00ed klimatick\u00e9 podm\u00ednky v r\u016fzn\u00fdch m\u00edstnostech. V automatick\u00e9m re\u017eimu bude klimatizace udr\u017eovat pozitivn\u00ed teplotu (ne ni\u017e\u0161\u00ed ne\u017e +8 \u00b0C), i kdy\u017e za oknem mrzne, a p\u0159itom bude spot\u0159ebov\u00e1vat velmi m\u00e1lo elektrick\u00e9 energie. Dal\u0161\u00ed automatick\u00fd diagnostick\u00fd syst\u00e9m nep\u0159etr\u017eit\u011b monitoruje za\u0159\u00edzen\u00ed a odstra\u0148uje zji\u0161t\u011bn\u00e9 z\u00e1vady. D\u00edky d\u00e1lkov\u00e9mu ovl\u00e1d\u00e1n\u00ed, re\u017eimu re\u00e1ln\u00e9ho \u010dasu a podsv\u00edcen\u00ed se za\u0159\u00edzen\u00ed pohodln\u011b a snadno pou\u017e\u00edv\u00e1.<\/p>","protected":false},"excerpt":{"rendered":"<div class=\"div_highlights\">\n<ul class=\"_highlights\">\n<li>Efektivn\u00ed plocha a\u017e 32 m\u00b2<\/li>\n<li>Technologie m\u011bni\u010d\u016f<\/li>\n<li>Velikost jednotky (Vx\u0160xH): 790 \u00d7 550 \u00d7 275 mm<\/li>\n<li>N\u00edzk\u00e1 hladina hluku 23 dB(A)<\/li>\n<li>Hmotnost: 8,5 kg<\/li>\n<li>Mont\u00e1\u017e na st\u011bnu<\/li>\n<li>Dal\u0161\u00ed za\u0159\u00edzen\u00ed WiFi<\/li>\n<li>Funkce I-Feel<\/li>\n<\/ul>\n<\/div>\n<div class=\"stock-product\">\n<p class=\"stock in-stock wd-style-bordered\"><span style=\"color: #ff0000;\">Objedn\u00e1vka<\/span><\/p>\n<\/div>","protected":false},"featured_media":170,"template":"","meta":[],"product_cat":[51],"product_tag":[],"_links":{"self":[{"href":"https:\/\/www.labklima.sk\/cz\/wp-json\/wp\/v2\/product\/173"}],"collection":[{"href":"https:\/\/www.labklima.sk\/cz\/wp-json\/wp\/v2\/product"}],"about":[{"href":"https:\/\/www.labklima.sk\/cz\/wp-json\/wp\/v2\/types\/product"}],"wp:featuredmedia":[{"embeddable":true,"href":"https:\/\/www.labklima.sk\/cz\/wp-json\/wp\/v2\/media\/170"}],"wp:attachment":[{"href":"https:\/\/www.labklima.sk\/cz\/wp-json\/wp\/v2\/media?parent=173"}],"wp:term":[{"taxonomy":"product_cat","embeddable":true,"href":"https:\/\/www.labklima.sk\/cz\/wp-json\/wp\/v2\/product_cat?post=173"},{"taxonomy":"product_tag","embeddable":true,"href":"https:\/\/www.labklima.sk\/cz\/wp-json\/wp\/v2\/product_tag?post=173"}],"curies":[{"name":"wp","href":"https:\/\/api.w.org\/{rel}","templated":true}]}}