{"id":171,"date":"2023-11-03T20:30:40","date_gmt":"2023-11-03T19:30:40","guid":{"rendered":"https:\/\/www.labklima.sk\/?post_type=product&#038;p=171"},"modified":"2025-02-03T12:01:14","modified_gmt":"2025-02-03T11:01:14","slug":"vnutorne-bloky-nastenneho-typu-electrolux-eacs-i-07-he-fmi-n8_erp-eu","status":"publish","type":"product","link":"https:\/\/www.labklima.sk\/cz\/produkt\/vnutorne-bloky-nastenneho-typu-electrolux-eacs-i-07-he-fmi-n8_erp-eu\/","title":{"rendered":"N\u00e1st\u011bnn\u00e9 vnit\u0159n\u00ed bloky ELECTROLUX"},"content":{"rendered":"<p>Informace o v\u00fdrobku<\/p>\n<p>Nez\u00e1visl\u00e9 nastaven\u00ed parametr\u016f ka\u017ed\u00e9 z jednotek v\u00e1m umo\u017en\u00ed vytvo\u0159it individu\u00e1ln\u00ed klimatick\u00e9 podm\u00ednky v r\u016fzn\u00fdch m\u00edstnostech. V automatick\u00e9m re\u017eimu bude klimatizace udr\u017eovat pozitivn\u00ed teplotu (ne ni\u017e\u0161\u00ed ne\u017e +8 \u00b0C), i kdy\u017e je za oknem mr\u00e1z, a to p\u0159i velmi n\u00edzk\u00e9 spot\u0159eb\u011b elektrick\u00e9 energie. P\u0159\u00eddavn\u00fd autodiagnostick\u00fd syst\u00e9m neust\u00e1le monitoruje za\u0159\u00edzen\u00ed a v p\u0159\u00edpad\u011b zji\u0161t\u011bn\u00ed poruch je odstran\u00ed. D\u00edky mo\u017enosti d\u00e1lkov\u00e9ho ovl\u00e1d\u00e1n\u00ed, re\u017eimu re\u00e1ln\u00e9ho \u010dasu a podsv\u00edcen\u00ed je za\u0159\u00edzen\u00ed pohodln\u00e9 a snadno se pou\u017e\u00edv\u00e1.<br \/>\nZobrazit m\u00e9n\u011b<\/p>","protected":false},"excerpt":{"rendered":"<div class=\"div_highlights\">\n<ul class=\"_highlights\">\n<li>Efektivn\u00ed plocha a\u017e 20 m\u00b2<\/li>\n<li>Technologie m\u011bni\u010d\u016f<\/li>\n<li>Velikost jednotky (Vx\u0160xH): 790 \u00d7 550 \u00d7 275 mm<\/li>\n<li>N\u00edzk\u00e1 hladina hluku 23 dB(A)<\/li>\n<li>Hmotnost: 8,5 kg<\/li>\n<li>Mont\u00e1\u017e na st\u011bnu<\/li>\n<li>Dal\u0161\u00ed za\u0159\u00edzen\u00ed WiFi<\/li>\n<li>Funkce I-Feel<\/li>\n<\/ul>\n<\/div>\n<div class=\"stock-product\">\n<p class=\"stock in-stock wd-style-bordered\"><span style=\"color: #ff0000;\">Objedn\u00e1vka<\/span><\/p>\n<\/div>","protected":false},"featured_media":170,"template":"","meta":[],"product_cat":[42,51],"product_tag":[],"_links":{"self":[{"href":"https:\/\/www.labklima.sk\/cz\/wp-json\/wp\/v2\/product\/171"}],"collection":[{"href":"https:\/\/www.labklima.sk\/cz\/wp-json\/wp\/v2\/product"}],"about":[{"href":"https:\/\/www.labklima.sk\/cz\/wp-json\/wp\/v2\/types\/product"}],"wp:featuredmedia":[{"embeddable":true,"href":"https:\/\/www.labklima.sk\/cz\/wp-json\/wp\/v2\/media\/170"}],"wp:attachment":[{"href":"https:\/\/www.labklima.sk\/cz\/wp-json\/wp\/v2\/media?parent=171"}],"wp:term":[{"taxonomy":"product_cat","embeddable":true,"href":"https:\/\/www.labklima.sk\/cz\/wp-json\/wp\/v2\/product_cat?post=171"},{"taxonomy":"product_tag","embeddable":true,"href":"https:\/\/www.labklima.sk\/cz\/wp-json\/wp\/v2\/product_tag?post=171"}],"curies":[{"name":"wp","href":"https:\/\/api.w.org\/{rel}","templated":true}]}}