{"id":157,"date":"2023-11-03T18:21:12","date_gmt":"2023-11-03T17:21:12","guid":{"rendered":"https:\/\/www.labklima.sk\/?post_type=product&#038;p=157"},"modified":"2025-02-03T11:57:24","modified_gmt":"2025-02-03T10:57:24","slug":"vonkajsie-bloky-electrolux-eaco-i-14-fmi-2-n8_erp-eu","status":"publish","type":"product","link":"https:\/\/www.labklima.sk\/cz\/produkt\/vonkajsie-bloky-electrolux-eaco-i-14-fmi-2-n8_erp-eu\/","title":{"rendered":"Venkovn\u00ed jednotky ELECTROLUX"},"content":{"rendered":"<p><strong>Informace o v\u00fdrobku<\/strong><br \/>\nT\u0159\u00edda vysok\u00e9 energetick\u00e9 \u00fa\u010dinnosti venkovn\u00edch jednotek Electrolux poskytuje sn\u00ed\u017een\u00ed spot\u0159eby energie o 40-50% ve srovn\u00e1n\u00ed s b\u011b\u017en\u00fdmi klimatiza\u010dn\u00edmi jednotkami. Jednotky jsou bezpe\u010dn\u00e9 d\u00edky autodiagnostick\u00e9 funkci zabudovan\u00e9 v \u0159\u00eddic\u00ed jednotce: p\u0159i zji\u0161t\u011bn\u00ed poruchy se zapne ochrann\u00fd syst\u00e9m a v p\u0159\u00edpad\u011b p\u0159ep\u011bt\u00ed se jednotka vypne. Tepeln\u00fd v\u00fdm\u011bn\u00edk klimatizace je opat\u0159en antikorozn\u00ed vrstvou Blue Fin, kter\u00e1 p\u0159isp\u00edv\u00e1 k del\u0161\u00ed \u017eivotnosti. Jednotka tak\u00e9 pracuje stabiln\u011b pro vyt\u00e1p\u011bn\u00ed, i kdy\u017e je za oknem teplota -22 \u00b0C, co\u017e je efektivn\u00ed pro mimosez\u00f3nn\u00ed vyt\u00e1p\u011bn\u00ed.<\/p>","protected":false},"excerpt":{"rendered":"<div class=\"div_highlights\">\n<ul class=\"_highlights\">\n<li>Maxim\u00e1ln\u00ed topn\u00fd v\u00fdkon: 5,2 kW<\/li>\n<li>Technologie m\u011bni\u010d\u016f<\/li>\n<li>Maxim\u00e1ln\u00ed chladic\u00ed v\u00fdkon: 4,1 kW<\/li>\n<li>A++\/A+,<\/li>\n<li>Velikost jednotky (Vx\u0160xH): 745 \u00d7 550 \u00d7 300 mm<\/li>\n<li>Min. provozn\u00ed teplota vzduchu pro venkovn\u00ed jednotku -22 \u00b0C<\/li>\n<li>Hmotnost: 31 kg<\/li>\n<li>Lze p\u0159ipojit a\u017e 5 vnit\u0159n\u00edch jednotek<\/li>\n<li>Bezplatn\u00fd syst\u00e9m pl\u00e1nov\u00e1n\u00ed<\/li>\n<li>\u00dadr\u017eba a\u017e 4 vnit\u0159n\u00edch jednotek r\u016fzn\u00fdch typ\u016f<\/li>\n<li>Syst\u00e9m autodiagnostiky<\/li>\n<\/ul>\n<\/div>\n<div class=\"stock-product\">\n<p class=\"stock in-stock wd-style-bordered\"><span style=\"color: #ff0000;\">Objedn\u00e1vka<\/span><\/p>\n<\/div>","protected":false},"featured_media":156,"template":"","meta":[],"product_cat":[42,46],"product_tag":[],"_links":{"self":[{"href":"https:\/\/www.labklima.sk\/cz\/wp-json\/wp\/v2\/product\/157"}],"collection":[{"href":"https:\/\/www.labklima.sk\/cz\/wp-json\/wp\/v2\/product"}],"about":[{"href":"https:\/\/www.labklima.sk\/cz\/wp-json\/wp\/v2\/types\/product"}],"wp:featuredmedia":[{"embeddable":true,"href":"https:\/\/www.labklima.sk\/cz\/wp-json\/wp\/v2\/media\/156"}],"wp:attachment":[{"href":"https:\/\/www.labklima.sk\/cz\/wp-json\/wp\/v2\/media?parent=157"}],"wp:term":[{"taxonomy":"product_cat","embeddable":true,"href":"https:\/\/www.labklima.sk\/cz\/wp-json\/wp\/v2\/product_cat?post=157"},{"taxonomy":"product_tag","embeddable":true,"href":"https:\/\/www.labklima.sk\/cz\/wp-json\/wp\/v2\/product_tag?post=157"}],"curies":[{"name":"wp","href":"https:\/\/api.w.org\/{rel}","templated":true}]}}