{"id":145,"date":"2023-11-03T17:22:01","date_gmt":"2023-11-03T16:22:01","guid":{"rendered":"https:\/\/www.labklima.sk\/?post_type=product&#038;p=145"},"modified":"2025-02-03T11:52:16","modified_gmt":"2025-02-03T10:52:16","slug":"invertorova-split-systema-electrolux-eacs-i-24hav-n8_21y-eu","status":"publish","type":"product","link":"https:\/\/www.labklima.sk\/cz\/produkt\/invertorova-split-systema-electrolux-eacs-i-24hav-n8_21y-eu\/","title":{"rendered":"Invertorov\u00fd split syst\u00e9m ELECTROLUX Avalanche EACS\/I-24HAV\/N8_21Y EU"},"content":{"rendered":"<p>Informace o v\u00fdrobku<br \/>\nSplit syst\u00e9m HAV DC Inverter m\u00e1 vysokou energetickou \u00fa\u010dinnost A++, kter\u00e1 \u0161et\u0159\u00ed 50% elektrick\u00e9 energie. A d\u00edky konstruk\u010dn\u00edm vlastnostem vnit\u0159n\u00ed jednotky m\u00e1 split syst\u00e9m rekordn\u011b n\u00edzkou hladinu hluku 24 dB(A), co\u017e p\u0159isp\u00edv\u00e1 k mimo\u0159\u00e1dn\u011b tich\u00e9mu provozu a \u010din\u00ed z n\u011bj ide\u00e1ln\u00ed \u0159e\u0161en\u00ed pro va\u0161i lo\u017enici.<\/p>\n<p><a href=\"https:\/\/www.labklima.sk\/wp-content\/uploads\/2023\/11\/electrolux_manual_air_conditioner_hav_22y_6l-1.pdf\"><img decoding=\"async\" class=\"alignleft wp-image-198 size-full\" src=\"https:\/\/www.labklima.sk\/wp-content\/uploads\/2023\/11\/pdf-files.png\" alt=\"\" width=\"64\" height=\"64\" \/><\/a><\/p>\n<p><a href=\"https:\/\/www.labklima.sk\/wp-content\/uploads\/2023\/11\/electrolux_manual_air_conditioner_hav_22y_6l-1.pdf\">PDF<br \/>\nSt\u00e1hnout PDF<\/a><\/p>\n<p><a href=\"https:\/\/www.labklima.sk\/wp-content\/uploads\/2023\/11\/electrolux_manual_air_conditioner_hav_22y_7l.pdf\"><img decoding=\"async\" class=\"alignleft wp-image-198 size-full\" src=\"https:\/\/www.labklima.sk\/wp-content\/uploads\/2023\/11\/pdf-files.png\" alt=\"\" width=\"64\" height=\"64\" \/><\/a><\/p>\n<p><a href=\"https:\/\/www.labklima.sk\/wp-content\/uploads\/2023\/11\/electrolux_manual_air_conditioner_hav_22y_7l.pdf\">PDF<br \/>\nSt\u00e1hnout PDF<\/a><\/p>","protected":false},"excerpt":{"rendered":"<div class=\"div_highlights\">\n<ul class=\"_highlights\">\n<li>Vn\u011bj\u0161\u00ed rozm\u011bry jednotky (Vx\u0160xH): 958\u00d7660\u00d7402 mm<\/li>\n<li>Technologie m\u011bni\u010d\u016f<\/li>\n<li>Velikost vnit\u0159n\u00ed jednotky (Vx\u0160xH): 1075\u00d7333\u00d7246 mm<\/li>\n<li>A++<\/li>\n<li>Hmotnost: 16\/41,5 kg<\/li>\n<li>Efektivn\u00ed plocha do: 70 m\u00b2<\/li>\n<li>Dal\u0161\u00ed za\u0159\u00edzen\u00ed WiFi<\/li>\n<li>Min. provozn\u00ed teplota vzduchu -25 \u00b0C<\/li>\n<\/ul>\n<\/div>\n<div class=\"stock-product\">\n<p class=\"stock in-stock wd-style-bordered\"><span style=\"color: #ff0000;\">Objedn\u00e1vka<\/span><\/p>\n<\/div>","protected":false},"featured_media":730,"template":"","meta":[],"product_cat":[104],"product_tag":[],"_links":{"self":[{"href":"https:\/\/www.labklima.sk\/cz\/wp-json\/wp\/v2\/product\/145"}],"collection":[{"href":"https:\/\/www.labklima.sk\/cz\/wp-json\/wp\/v2\/product"}],"about":[{"href":"https:\/\/www.labklima.sk\/cz\/wp-json\/wp\/v2\/types\/product"}],"wp:featuredmedia":[{"embeddable":true,"href":"https:\/\/www.labklima.sk\/cz\/wp-json\/wp\/v2\/media\/730"}],"wp:attachment":[{"href":"https:\/\/www.labklima.sk\/cz\/wp-json\/wp\/v2\/media?parent=145"}],"wp:term":[{"taxonomy":"product_cat","embeddable":true,"href":"https:\/\/www.labklima.sk\/cz\/wp-json\/wp\/v2\/product_cat?post=145"},{"taxonomy":"product_tag","embeddable":true,"href":"https:\/\/www.labklima.sk\/cz\/wp-json\/wp\/v2\/product_tag?post=145"}],"curies":[{"name":"wp","href":"https:\/\/api.w.org\/{rel}","templated":true}]}}