{"id":1070,"date":"2023-12-29T12:46:12","date_gmt":"2023-12-29T11:46:12","guid":{"rendered":"https:\/\/www.labklima.sk\/?post_type=product&#038;p=1070"},"modified":"2023-12-29T12:46:12","modified_gmt":"2023-12-29T11:46:12","slug":"tepelne-cerpadlo-electrolux-sl1","status":"publish","type":"product","link":"https:\/\/www.labklima.sk\/cz\/produkt\/tepelne-cerpadlo-electrolux-sl1\/","title":{"rendered":"Tepeln\u00e9 \u010derpadlo Electrolux SL1"},"content":{"rendered":"","protected":false},"excerpt":{"rendered":"<p>Technick\u00e9 privil\u00e9gium syst\u00e9mu tepeln\u00e9ho \u010derpadla EHB-EMHP je skon\u0161truovan\u00e9 tak, aby poskytovalo v\u00fdnimo\u010dn\u00fa energetick\u00fa \u00fa\u010dinnos\u0165. <\/p>","protected":false},"featured_media":1071,"template":"","meta":[],"product_cat":[121],"product_tag":[],"_links":{"self":[{"href":"https:\/\/www.labklima.sk\/cz\/wp-json\/wp\/v2\/product\/1070"}],"collection":[{"href":"https:\/\/www.labklima.sk\/cz\/wp-json\/wp\/v2\/product"}],"about":[{"href":"https:\/\/www.labklima.sk\/cz\/wp-json\/wp\/v2\/types\/product"}],"wp:featuredmedia":[{"embeddable":true,"href":"https:\/\/www.labklima.sk\/cz\/wp-json\/wp\/v2\/media\/1071"}],"wp:attachment":[{"href":"https:\/\/www.labklima.sk\/cz\/wp-json\/wp\/v2\/media?parent=1070"}],"wp:term":[{"taxonomy":"product_cat","embeddable":true,"href":"https:\/\/www.labklima.sk\/cz\/wp-json\/wp\/v2\/product_cat?post=1070"},{"taxonomy":"product_tag","embeddable":true,"href":"https:\/\/www.labklima.sk\/cz\/wp-json\/wp\/v2\/product_tag?post=1070"}],"curies":[{"name":"wp","href":"https:\/\/api.w.org\/{rel}","templated":true}]}}