{"id":926,"date":"2023-12-01T13:49:05","date_gmt":"2023-12-01T12:49:05","guid":{"rendered":"https:\/\/www.labklima.sk\/?page_id=926"},"modified":"2025-04-01T18:29:34","modified_gmt":"2025-04-01T16:29:34","slug":"dorucenie","status":"publish","type":"page","link":"https:\/\/www.labklima.sk\/cz\/dorucenie\/","title":{"rendered":"Dod\u00e1vka"},"content":{"rendered":"<h2 class=\"p1\">N\u00e1klady na dod\u00e1n\u00ed produktu<\/h2>\n<p class=\"p3\">1.Sv\u016fj n\u00e1kup si m\u016f\u017eete zdarma vyzvednout ve skladu sami.<\/p>\n<p class=\"p3\">2.N\u00e1kup produkt\u016f <b>na<\/b> <b>500 eur<\/b> , cena dopravy <b>15 eur<\/b> podle velikosti a hmotnosti balen\u00ed<\/p>\n<p class=\"p3\">3.N\u00e1kup <b>Z<\/b> <b>500 eur<\/b>, ve vzd\u00e1lenosti <b>na<\/b> <b>500 km<\/b> cena dopravy<b> Zdarma<\/b><\/p>\n<p class=\"p3\"><em><b>* <\/b>Doprava zdarma neplat\u00ed pro kupuj\u00edc\u00ed se speci\u00e1ln\u00ed cenou<\/em><\/p>","protected":false},"excerpt":{"rendered":"<p>N\u00e1klady na doru\u010denie produktu 1.Svoj n\u00e1kup zo skladu si m\u00f4\u017eete bezplatne vyzdvihn\u00fa\u0165 sami. 2.N\u00e1kup produktov do 500 eur , cena<\/p>","protected":false},"author":1,"featured_media":0,"parent":0,"menu_order":0,"comment_status":"closed","ping_status":"closed","template":"","meta":{"footnotes":""},"_links":{"self":[{"href":"https:\/\/www.labklima.sk\/cz\/wp-json\/wp\/v2\/pages\/926"}],"collection":[{"href":"https:\/\/www.labklima.sk\/cz\/wp-json\/wp\/v2\/pages"}],"about":[{"href":"https:\/\/www.labklima.sk\/cz\/wp-json\/wp\/v2\/types\/page"}],"author":[{"embeddable":true,"href":"https:\/\/www.labklima.sk\/cz\/wp-json\/wp\/v2\/users\/1"}],"replies":[{"embeddable":true,"href":"https:\/\/www.labklima.sk\/cz\/wp-json\/wp\/v2\/comments?post=926"}],"version-history":[{"count":6,"href":"https:\/\/www.labklima.sk\/cz\/wp-json\/wp\/v2\/pages\/926\/revisions"}],"predecessor-version":[{"id":1425,"href":"https:\/\/www.labklima.sk\/cz\/wp-json\/wp\/v2\/pages\/926\/revisions\/1425"}],"wp:attachment":[{"href":"https:\/\/www.labklima.sk\/cz\/wp-json\/wp\/v2\/media?parent=926"}],"curies":[{"name":"wp","href":"https:\/\/api.w.org\/{rel}","templated":true}]}}