{"id":742,"date":"2023-11-22T16:11:39","date_gmt":"2023-11-22T15:11:39","guid":{"rendered":"https:\/\/www.labklima.sk\/?page_id=742"},"modified":"2024-05-13T12:09:02","modified_gmt":"2024-05-13T10:09:02","slug":"reklamacie","status":"publish","type":"page","link":"https:\/\/www.labklima.sk\/cz\/reklamacie\/","title":{"rendered":"Reklamace"},"content":{"rendered":"<h2><b>Reklamace<\/b><\/h2>\n<p>Kompletn\u00ed informace o reklamac\u00edch naleznete v na\u0161ich obchodn\u00edch podm\u00ednk\u00e1ch. Tento \u010dl\u00e1nek se pragmaticky zab\u00fdv\u00e1 reklamacemi, kter\u00e9 jsou u n\u00e1s nej\u010dast\u011bj\u0161\u00ed:<\/p>\n<h3>Zbo\u017e\u00ed po\u0161kozen\u00e9 p\u0159i dod\u00e1n\u00ed<\/h3>\n<p>- Zbo\u017e\u00ed po\u0161kozen\u00e9 p\u0159i dod\u00e1n\u00ed<\/p>\n<p>- Pokud jste obdr\u017eeli zbo\u017e\u00ed od kur\u00fdra po\u0161kozen\u00e9, za\u0161lete pros\u00edm neprodlen\u011b fotografie po\u0161kozen\u00e9ho zbo\u017e\u00ed na e-mailovou adresu info@labklima.sk a kontaktujte n\u00e1s tak\u00e9 na \u010d\u00edsle +421905 622 757.<\/p>\n<p>- Pokud se prok\u00e1\u017ee, \u017ee za po\u0161kozen\u00e9 zbo\u017e\u00ed m\u016f\u017ee p\u0159epravn\u00ed spole\u010dnost, vr\u00e1t\u00edme v\u00e1m pen\u00edze za zbo\u017e\u00ed nebo v\u00e1m za\u0161leme nov\u00e9.<\/p>\n<h3>Zbo\u017e\u00ed je jin\u00e9, ne\u017e jste si objednali<\/h3>\n<p>- Pokud zbo\u017e\u00ed neodpov\u00edd\u00e1 va\u0161\u00ed objedn\u00e1vce, neprodlen\u011b n\u00e1s kontaktujte na telefonn\u00edm \u010d\u00edsle +421905 622 757 nebo na adrese <a href=\"mailto:info@labklima.sk\">info@labklima.sk<\/a><\/p>\n<p>&nbsp;<\/p>","protected":false},"excerpt":{"rendered":"<p>Reklam\u00e1cie Kompletn\u00e9 inform\u00e1cie ku reklam\u00e1ci\u00e1m n\u00e1jdete v na\u0161ich\u00a0obchodn\u00fdch podmienkach. V tomto \u010dl\u00e1nku sa pragmaticky rie\u0161ia reklam\u00e1cie, ktor\u00e9 s\u00fa u n\u00e1s<\/p>","protected":false},"author":1,"featured_media":0,"parent":0,"menu_order":0,"comment_status":"closed","ping_status":"closed","template":"","meta":{"footnotes":""},"_links":{"self":[{"href":"https:\/\/www.labklima.sk\/cz\/wp-json\/wp\/v2\/pages\/742"}],"collection":[{"href":"https:\/\/www.labklima.sk\/cz\/wp-json\/wp\/v2\/pages"}],"about":[{"href":"https:\/\/www.labklima.sk\/cz\/wp-json\/wp\/v2\/types\/page"}],"author":[{"embeddable":true,"href":"https:\/\/www.labklima.sk\/cz\/wp-json\/wp\/v2\/users\/1"}],"replies":[{"embeddable":true,"href":"https:\/\/www.labklima.sk\/cz\/wp-json\/wp\/v2\/comments?post=742"}],"version-history":[{"count":6,"href":"https:\/\/www.labklima.sk\/cz\/wp-json\/wp\/v2\/pages\/742\/revisions"}],"predecessor-version":[{"id":1186,"href":"https:\/\/www.labklima.sk\/cz\/wp-json\/wp\/v2\/pages\/742\/revisions\/1186"}],"wp:attachment":[{"href":"https:\/\/www.labklima.sk\/cz\/wp-json\/wp\/v2\/media?parent=742"}],"curies":[{"name":"wp","href":"https:\/\/api.w.org\/{rel}","templated":true}]}}