{"id":740,"date":"2023-11-22T16:10:33","date_gmt":"2023-11-22T15:10:33","guid":{"rendered":"https:\/\/www.labklima.sk\/?page_id=740"},"modified":"2023-11-30T08:40:35","modified_gmt":"2023-11-30T07:40:35","slug":"gdpr","status":"publish","type":"page","link":"https:\/\/www.labklima.sk\/cz\/gdpr\/","title":{"rendered":"GDPR"},"content":{"rendered":"<p><b>GDPR<\/b><\/p>\n<p>O sv\u00e1 pr\u00e1va podle GDPR m\u016f\u017eete po\u017e\u00e1dat na n\u00e1sleduj\u00edc\u00ed e-mailov\u00e9 adrese: \"info@labklima.sk\". Na t\u00e9to e-mailov\u00e9 adrese m\u016f\u017eete po\u017e\u00e1dat o pr\u00e1vo na informace o zpracov\u00e1n\u00ed va\u0161ich osobn\u00edch \u00fadaj\u016f, pr\u00e1vo na v\u00fdmaz va\u0161ich osobn\u00edch \u00fadaj\u016f (pr\u00e1vo na anonymizaci \u00fadaj\u016f), pr\u00e1vo na opravu va\u0161ich osobn\u00edch \u00fadaj\u016f a pr\u00e1vo vzn\u00e9st n\u00e1mitku proti v\u00fdsledku zpracov\u00e1n\u00ed va\u0161ich \u00fadaj\u016f.<\/p>\n<p>Do p\u0159ihl\u00e1\u0161ky uve\u010fte sv\u00e9 jm\u00e9no a p\u0159\u00edjmen\u00ed. Upozor\u0148ujeme, \u017ee zasl\u00e1n\u00edm e-mailu se jm\u00e9nem a p\u0159\u00edjmen\u00edm souhlas\u00edte se zpracov\u00e1n\u00edm sv\u00fdch osobn\u00edch \u00fadaj\u016f.<\/p>","protected":false},"excerpt":{"rendered":"<p>GDPR Po\u017eiada\u0165 o svoje pr\u00e1va, na ktor\u00e9 v\u00e1m vznik\u00e1 n\u00e1rok na z\u00e1klade GDPR si m\u00f4\u017eete uplatni\u0165 na tejto emailovej adrese:<\/p>","protected":false},"author":1,"featured_media":0,"parent":0,"menu_order":0,"comment_status":"closed","ping_status":"closed","template":"","meta":{"footnotes":""},"_links":{"self":[{"href":"https:\/\/www.labklima.sk\/cz\/wp-json\/wp\/v2\/pages\/740"}],"collection":[{"href":"https:\/\/www.labklima.sk\/cz\/wp-json\/wp\/v2\/pages"}],"about":[{"href":"https:\/\/www.labklima.sk\/cz\/wp-json\/wp\/v2\/types\/page"}],"author":[{"embeddable":true,"href":"https:\/\/www.labklima.sk\/cz\/wp-json\/wp\/v2\/users\/1"}],"replies":[{"embeddable":true,"href":"https:\/\/www.labklima.sk\/cz\/wp-json\/wp\/v2\/comments?post=740"}],"version-history":[{"count":3,"href":"https:\/\/www.labklima.sk\/cz\/wp-json\/wp\/v2\/pages\/740\/revisions"}],"predecessor-version":[{"id":916,"href":"https:\/\/www.labklima.sk\/cz\/wp-json\/wp\/v2\/pages\/740\/revisions\/916"}],"wp:attachment":[{"href":"https:\/\/www.labklima.sk\/cz\/wp-json\/wp\/v2\/media?parent=740"}],"curies":[{"name":"wp","href":"https:\/\/api.w.org\/{rel}","templated":true}]}}