{"id":734,"date":"2023-11-22T16:08:38","date_gmt":"2023-11-22T15:08:38","guid":{"rendered":"https:\/\/www.labklima.sk\/?page_id=734"},"modified":"2023-11-30T08:48:12","modified_gmt":"2023-11-30T07:48:12","slug":"ochrana-osobnych-udajov","status":"publish","type":"page","link":"https:\/\/www.labklima.sk\/cz\/ochrana-osobnych-udajov\/","title":{"rendered":"Z\u00e1sady ochrany osobn\u00edch \u00fadaj\u016f"},"content":{"rendered":"<p><b>1.2 Z\u00e1sady ochrany osobn\u00edch \u00fadaj\u016f<\/b><\/p>\n<p>&nbsp;<\/p>\n<p>Va\u0161e osobn\u00ed \u00fadaje jsou zpracov\u00e1v\u00e1ny v na\u0161em e-shopu www.labklima.sk. Osobn\u00ed \u00fadaje zpracov\u00e1v\u00e1me v souladu se z\u00e1konem 18\/2018 Sb., podle na\u0159\u00edzen\u00ed Evropsk\u00e9ho parlamentu a Rady 2016\/679 ze dne 27.4.2016. N\u00ed\u017ee se m\u016f\u017eete do\u010d\u00edst o pr\u00e1vn\u00edm z\u00e1kladu jejich zpracov\u00e1n\u00ed n\u00e1mi, zprost\u0159edkovateli, t\u0159et\u00edmi stranami a dal\u0161\u00edmi zpracovateli, kte\u0159\u00ed s n\u00e1mi spolupracuj\u00ed a pom\u00e1haj\u00ed zaji\u0161\u0165ovat n\u00e1\u0161 provoz.<\/p>\n<p>Pr\u00e1vn\u00edm z\u00e1kladem pro zpracov\u00e1n\u00ed va\u0161ich osobn\u00edch \u00fadaj\u016f jsou smlouvy a v\u00e1\u0161 souhlas se zpracov\u00e1n\u00edm va\u0161ich \u00fadaj\u016f - nap\u0159\u00edklad p\u0159i p\u0159ihl\u00e1\u0161en\u00ed k odb\u011bru na\u0161eho newsletteru nebo v p\u0159\u00edpad\u011b registrace bez dal\u0161\u00edho n\u00e1kupu.<\/p>\n<p>Mezi osobn\u00ed \u00fadaje, kter\u00e9 zpracov\u00e1v\u00e1me, pat\u0159\u00ed nap\u0159\u00edklad jm\u00e9no a p\u0159\u00edjmen\u00ed, adresa bydli\u0161t\u011b, r\u016fzn\u00e9 faktura\u010dn\u00ed \u00fadaje a dodac\u00ed \u00fadaje pro doru\u010den\u00ed z\u00e1silky nebo vystaven\u00ed da\u0148ov\u00e9ho dokladu, telefonn\u00ed \u010d\u00edslo pro p\u0159\u00edpadn\u00e9 kontaktov\u00e1n\u00ed z\u00e1kazn\u00edka nebo e-mailov\u00e1 adresa pro informov\u00e1n\u00ed o p\u0159ijet\u00ed a potvrzen\u00ed objedn\u00e1vky.<\/p>\n<p>Kdy\u017e se n\u011bkde p\u00ed\u0161e, \u017ee zpracov\u00e1v\u00e1me va\u0161e osobn\u00ed \u00fadaje, mysl\u00ed se t\u00edm, \u017ee: shroma\u017e\u010fujeme, zaznamen\u00e1v\u00e1me, organizujeme, strukturujeme, zpracov\u00e1v\u00e1me, zpracov\u00e1v\u00e1me, ukl\u00e1d\u00e1me, upravujeme, vyhled\u00e1v\u00e1me, prohl\u00ed\u017e\u00edme, pou\u017e\u00edv\u00e1me, zve\u0159ej\u0148ujeme, p\u0159euspo\u0159\u00e1d\u00e1v\u00e1me, kombinujeme, likvidujeme, ma\u017eeme. V\u0161echny tyto procesy prov\u00e1d\u00edme automatizovan\u00fdm i neautomatizovan\u00fdm zp\u016fsobem.<\/p>\n<p>Va\u0161e osobn\u00ed \u00fadaje zpracov\u00e1v\u00e1me za \u00fa\u010delem zaji\u0161t\u011bn\u00ed provozu na\u0161eho e-shopu - pou\u017e\u00edv\u00e1me je k prodeji zbo\u017e\u00ed a jeho doru\u010den\u00ed kupuj\u00edc\u00edmu, jako\u017e i k pln\u011bn\u00ed na\u0161ich z\u00e1konn\u00fdch povinnost\u00ed, kter\u00e9 mohou zahrnovat a vy\u017eadovat zpracov\u00e1n\u00ed osobn\u00edch \u00fadaj\u016f.<\/p>\n<p>Osobn\u00ed \u00fadaje, kter\u00e9 zpracov\u00e1v\u00e1me, jsou v n\u011bkter\u00fdch p\u0159\u00edpadech poskytov\u00e1ny t\u0159et\u00edm stran\u00e1m a zprost\u0159edkovatel\u016fm, kte\u0159\u00ed n\u00e1m pom\u00e1haj\u00ed zaji\u0161\u0165ovat provoz na\u0161eho e-shopu.<\/p>\n<p>Jako kupuj\u00edc\u00ed nebo subjekt \u00fadaj\u016f m\u00e1te pr\u00e1vo po\u017eadovat od spr\u00e1vce, tj. od n\u00e1s, p\u0159\u00edstup k osobn\u00edm \u00fadaj\u016fm, kter\u00e9 se v\u00e1s t\u00fdkaj\u00ed, a m\u00e1te tak\u00e9 pr\u00e1vo na opravu, v\u00fdmaz nebo omezen\u00ed zpracov\u00e1n\u00ed osobn\u00edch \u00fadaj\u016f. Pr\u00e1vo vzn\u00e9st n\u00e1mitku proti zpracov\u00e1n\u00ed osobn\u00edch \u00fadaj\u016f, jako\u017e i pr\u00e1vo na p\u0159enositelnost \u00fadaj\u016f z\u016fst\u00e1vaj\u00ed nedot\u010deny. Va\u0161e osobn\u00ed \u00fadaje, tj. osobn\u00ed \u00fadaje kupuj\u00edc\u00edho nebo registrovan\u00e9ho u\u017eivatele, jsou uchov\u00e1v\u00e1ny, dokud nepo\u017e\u00e1d\u00e1te o jejich v\u00fdmaz. Va\u0161e pr\u00e1vo na v\u00fdmaz, vymaz\u00e1n\u00ed nebo omezen\u00ed zpracov\u00e1n\u00ed osobn\u00edch \u00fadaj\u016f lze uplatnit, pokud ji\u017e neexistuje \u017e\u00e1dn\u00fd z\u00e1va\u017en\u00fd d\u016fvod pro dal\u0161\u00ed zpracov\u00e1n\u00ed va\u0161ich osobn\u00edch \u00fadaj\u016f, ani neexistuje d\u016fvod, abychom my - spr\u00e1vce \u00fadaj\u016f - splnili pr\u00e1vn\u00ed povinnost souvisej\u00edc\u00ed se zpracov\u00e1n\u00edm va\u0161ich osobn\u00edch \u00fadaj\u016f.<\/p>\n<p>V p\u0159\u00edpad\u011b, \u017ee jako kupuj\u00edc\u00ed nebo subjekt \u00fadaj\u016f po\u017eadujete uplatn\u011bn\u00ed sv\u00fdch pr\u00e1v (v\u00fdmaz, zm\u011bnu osobn\u00edch \u00fadaj\u016f atd.), jsme jako spr\u00e1vce opr\u00e1vn\u011bni po\u017e\u00e1dat o ov\u011b\u0159en\u00ed toto\u017enosti kupuj\u00edc\u00edho nebo subjektu \u00fadaj\u016f, zda je skute\u010dn\u011b kupuj\u00edc\u00edm nebo subjektem \u00fadaj\u016f.<\/p>\n<p>Informace pro kupuj\u00edc\u00edho nebo registrovanou osobu:<\/p>\n<p>Informujeme v\u00e1s, \u017ee osobn\u00ed \u00fadaje kupuj\u00edc\u00edho nebo registrovan\u00e9 osoby jsou zpracov\u00e1v\u00e1ny na z\u00e1klad\u011b uzav\u0159en\u00e9 kupn\u00ed smlouvy, ale tak\u00e9 za \u00fa\u010delem zaji\u0161t\u011bn\u00ed n\u00e1kupu, prodeje prost\u0159ednictv\u00edm na\u0161eho e-shopu nebo doru\u010den\u00ed va\u0161\u00ed objedn\u00e1vky, jako\u017e i za \u00fa\u010delem zas\u00edl\u00e1n\u00ed nab\u00eddek nebo profilov\u00e1n\u00ed kupuj\u00edc\u00edho.<\/p>\n<p>Pokud m\u00e1te jak\u00e9koli dotazy t\u00fdkaj\u00edc\u00ed se ochrany \u00fadaj\u016f, nev\u00e1hejte se obr\u00e1tit na n\u00e1s, na n\u00e1\u0161 e-mail info@labklima.sk nebo na dozorov\u00fd \u00fa\u0159ad pro ochranu \u00fadaj\u016f:<\/p>\n<p>\u00da\u0159ad pro ochranu osobn\u00edch \u00fadaj\u016f Slovensk\u00e9 republiky<\/p>\n<p>Adresa: Hrani\u010dn\u00e1 12, 820 07 Bratislava<\/p>\n<p><a href=\"http:\/\/www.dataprotection.gov\/\" target=\"_blank\" rel=\"noopener\">www.dataprotection.gov<\/a>,\u00a0<a href=\"mailto:statny.dozor@pdp.gov.sk\">statny.dozor@pdp.gov.sk<\/a><\/p>","protected":false},"excerpt":{"rendered":"<p>1.2 Z\u00e1sady ochrany osobn\u00edch \u00fadaj\u016f Va\u0161e osobn\u00ed \u00fadaje jsou zpracov\u00e1v\u00e1ny v na\u0161em e-shopu www.labklima.sk. Osobn\u00ed \u00fadaje zpracov\u00e1v\u00e1me v souladu se z\u00e1konem 18\/2018 Sb,<\/p>","protected":false},"author":1,"featured_media":0,"parent":0,"menu_order":0,"comment_status":"closed","ping_status":"closed","template":"","meta":{"footnotes":""},"_links":{"self":[{"href":"https:\/\/www.labklima.sk\/cz\/wp-json\/wp\/v2\/pages\/734"}],"collection":[{"href":"https:\/\/www.labklima.sk\/cz\/wp-json\/wp\/v2\/pages"}],"about":[{"href":"https:\/\/www.labklima.sk\/cz\/wp-json\/wp\/v2\/types\/page"}],"author":[{"embeddable":true,"href":"https:\/\/www.labklima.sk\/cz\/wp-json\/wp\/v2\/users\/1"}],"replies":[{"embeddable":true,"href":"https:\/\/www.labklima.sk\/cz\/wp-json\/wp\/v2\/comments?post=734"}],"version-history":[{"count":2,"href":"https:\/\/www.labklima.sk\/cz\/wp-json\/wp\/v2\/pages\/734\/revisions"}],"predecessor-version":[{"id":917,"href":"https:\/\/www.labklima.sk\/cz\/wp-json\/wp\/v2\/pages\/734\/revisions\/917"}],"wp:attachment":[{"href":"https:\/\/www.labklima.sk\/cz\/wp-json\/wp\/v2\/media?parent=734"}],"curies":[{"name":"wp","href":"https:\/\/api.w.org\/{rel}","templated":true}]}}