{"id":732,"date":"2023-11-22T16:06:11","date_gmt":"2023-11-22T15:06:11","guid":{"rendered":"https:\/\/www.labklima.sk\/?page_id=732"},"modified":"2024-01-16T11:46:06","modified_gmt":"2024-01-16T10:46:06","slug":"obchodne-podmienky","status":"publish","type":"page","link":"https:\/\/www.labklima.sk\/cz\/obchodne-podmienky\/","title":{"rendered":"Podm\u00ednky a pravidla"},"content":{"rendered":"<p>Na na\u0161ich webov\u00fdch str\u00e1nk\u00e1ch mohou nakupovat pr\u00e1vnick\u00e9 i fyzick\u00e9 osoby, pokud dodr\u017euj\u00ed n\u00e1sleduj\u00edc\u00ed pravidla.<\/p>\n<h2><b>Kontaktn\u00ed \u00fadaje poskytovatele:<\/b><\/h2>\n<h2><b>Labklima s. r. o.<\/b><\/h2>\n<p>Sl\u00e1vi\u010die \u00fadol\u00ed 1569\/10<br \/>\n811 02 Bratislava - Star\u00e9 m\u011bsto<br \/>\nSlovensk\u00e1 republika<br \/>\nID: 55847358<br \/>\n\u010c\u00cdSLO DI\u010c: 2122102840<br \/>\n\u010c\u00cdSLO DPH: SK2122102840<br \/>\n(d\u00e1le jen \"prod\u00e1vaj\u00edc\u00ed\")<br \/>\nJsme pl\u00e1tci DPH<\/p>\n<h2><b>Elektronick\u00e9 kontakty<\/b><\/h2>\n<p>info@labklima.sk<\/p>\n<h2><b>\u010c\u00edslo \u00fa\u010dtu pro bezhotovostn\u00ed platby:<\/b><\/h2>\n<p>FIO banka a.s.<br \/>\nIBAN: SK16 8330 0000 0020 0274 4352<br \/>\nS.W.I.F.T.: FIOZSKBAXXX<\/p>\n<h2><b>Kontaktn\u00ed \u00fadaje<\/b><\/h2>\n<p>Telefon: +421 950 622 757<br \/>\nE-mail: info@labklima.sk<\/p>\n<h1><b>Objedn\u00e1vka<\/b><\/h2>\n<p>1. Spot\u0159ebitel objedn\u00e1v\u00e1 v\u00fdrobky a slu\u017eby prod\u00e1vaj\u00edc\u00edho prost\u0159ednictv\u00edm obchodn\u00edho syst\u00e9mu prod\u00e1vaj\u00edc\u00edho na adrese www.labklima.sk p\u00edsemn\u011b: e-mailem (v\u010detn\u011b objedn\u00e1vky prost\u0159ednictv\u00edm e-shopu) nebo telefonicky.<br \/>\nTakov\u00fd p\u0159\u00edkaz je pova\u017eov\u00e1n za z\u00e1vazn\u00fd a je v souladu se z\u00e1konem \u010d. 108\/2000 Sb. ve zn\u011bn\u00ed pozd\u011bj\u0161\u00edch novel a p\u0159edpis\u016f, ch\u00e1p\u00e1na jako smlouva uzav\u0159en\u00e1 na d\u00e1lku.<br \/>\n2. U ka\u017ed\u00e9 objedn\u00e1vky mus\u00ed spot\u0159ebitel uv\u00e9st jm\u00e9no a p\u0159\u00edjmen\u00ed, po\u0161tovn\u00ed a faktura\u010dn\u00ed adresu, telefonn\u00ed a faxov\u00e9 \u010d\u00edslo, e-mail; fyzick\u00e9 a pr\u00e1vnick\u00e9 osoby a podnikatel\u00e9 mus\u00ed d\u00e1le uv\u00e9st I\u010c, DI\u010c, I\u010c DPH, n\u00e1zev zbo\u017e\u00ed, popis zbo\u017e\u00ed, po\u010det kus\u016f, datum objedn\u00e1vky, (objedn\u00e1vka p\u0159es e-shop spl\u0148uje tyto podm\u00ednky automaticky).<br \/>\nTyto \u00fadaje budou v souladu se z\u00e1konem o ochran\u011b osobn\u00edch \u00fadaj\u016f \u010d. 428\/2002 Sb. budou pou\u017eity pouze v r\u00e1mci obchodn\u00edho vztahu mezi prod\u00e1vaj\u00edc\u00edm a spot\u0159ebitelem a nebudou poskytnuty t\u0159et\u00ed osob\u011b (s v\u00fdjimkou osoby zaji\u0161\u0165uj\u00edc\u00ed p\u0159epravu zbo\u017e\u00ed).<br \/>\n3. Po obdr\u017een\u00ed objedn\u00e1vky bude objedn\u00e1vka zaevidov\u00e1na v syst\u00e9mu prod\u00e1vaj\u00edc\u00edho a z\u00e1rove\u0148 vznikne obchodn\u00ed vztah mezi prod\u00e1vaj\u00edc\u00edm a spot\u0159ebitelem. Od tohoto data je objedn\u00e1vka pro spot\u0159ebitele z\u00e1vazn\u00e1.<br \/>\n4. Spot\u0159ebitel m\u00e1 pr\u00e1vo zru\u0161it objedn\u00e1vku bez poplatku, a to pouze 1. den od odesl\u00e1n\u00ed objedn\u00e1vky. Objedn\u00e1vku lze zru\u0161it v\u00fdhradn\u011b p\u00edsemn\u011b (e-mailem), spot\u0159ebitel je v\u0161ak povinen o tom neprodlen\u011b informovat prod\u00e1vaj\u00edc\u00edho telefonicky. Prod\u00e1vaj\u00edc\u00ed je povinen spot\u0159ebitele informovat o potvrzen\u00ed storna rovn\u011b\u017e v\u00fdhradn\u011b p\u00edsemn\u011b. P\u00edsemn\u00e1 forma je nutn\u00e1 k tomu, aby prod\u00e1vaj\u00edc\u00ed mohl dolo\u017eit storno objedn\u00e1vky a zastavit jej\u00ed vy\u0159izov\u00e1n\u00ed.<\/p>\n<h1><b>I. Dodac\u00ed lh\u016fty<\/b><\/h2>\n<p>1. Dodac\u00ed lh\u016fty se u r\u016fzn\u00fdch typ\u016f v\u00fdrobk\u016f li\u0161\u00ed. Datum dod\u00e1n\u00ed nebo vyzvednut\u00ed zbo\u017e\u00ed bude spot\u0159ebiteli v\u017edy ozn\u00e1meno p\u0159i ov\u011b\u0159en\u00ed objedn\u00e1vky.<br \/>\n2. Term\u00edn dod\u00e1n\u00ed nebo vyzvednut\u00ed je zpravidla 2 a\u017e 10 dn\u00ed od data objedn\u00e1vky.<br \/>\n3. Ve v\u00fdjime\u010dn\u00fdch p\u0159\u00edpadech, kdy n\u011bkter\u00e9 druhy zbo\u017e\u00ed nejsou skladem a nejsou k dispozici u v\u00fdrobc\u016f a dovozc\u016f, m\u016f\u017ee b\u00fdt dodac\u00ed lh\u016fta del\u0161\u00ed.<\/p>\n<h1><b>II. Cena, platebn\u00ed podm\u00ednky a poplatky za dopravu<\/b><\/h2>\n<p>1. Cena v\u00fdrobku je stanovena cen\u00edkem prod\u00e1vaj\u00edc\u00edho. Ceny uveden\u00e9 v cen\u00edku se mohou zm\u011bnit bez p\u0159edchoz\u00edho upozorn\u011bn\u00ed. Prod\u00e1vaj\u00edc\u00ed si vyhrazuje pr\u00e1vo m\u011bnit ceny v reakci na zm\u011bny cen v\u00fdrobc\u016f, dovozc\u016f apod. Platn\u00e1 cena v\u00fdrobku bude v\u017edy ozn\u00e1mena p\u0159i ov\u011b\u0159en\u00ed objedn\u00e1vky.<br \/>\n2. Spot\u0159ebitel uhrad\u00ed platbu na dob\u00edrku, p\u0159evodem\/vkladem na \u00fa\u010det prod\u00e1vaj\u00edc\u00edho.<br \/>\n3. P\u0159i p\u0159ed\u00e1n\u00ed v\u00fdrobku spot\u0159ebitel zaplat\u00ed cenu za v\u00fdrobek + dopravu a p\u0159\u00edpadn\u011b cenu za dod\u00e1n\u00ed.<br \/>\n4. Zp\u016fsob dopravy si spot\u0159ebitel zvol\u00ed s\u00e1m prost\u0159ednictv\u00edm objedn\u00e1vkov\u00e9ho formul\u00e1\u0159e v e-shopu nebo jin\u00fdm zp\u016fsobem komunikace. Spot\u0159ebitel si m\u016f\u017ee zvolit zp\u016fsob dopravy, a to:<br \/>\na) vlastn\u00ed doprava - po dohod\u011b s prod\u00e1vaj\u00edc\u00edm<br \/>\nb) kur\u00fdrn\u00ed (spedi\u010dn\u00ed) slu\u017eba - U n\u00e1kup\u016f do 500 eur je cena za p\u0159epravu 10 eur v z\u00e1vislosti na velikosti a hmotnosti bal\u00edku. P\u0159i n\u00e1kupu od 500 eur a na vzd\u00e1lenost do 500 km je doprava zdarma.<br \/>\n5. V ostatn\u00edch p\u0159\u00edpadech je v\u00fd\u0161e n\u00e1klad\u016f na dopravu spot\u0159ebiteli v\u017edy sd\u011blena p\u0159i objedn\u00e1vce, p\u0159\u00edpadn\u011b prod\u00e1vaj\u00edc\u00ed doporu\u010d\u00ed spot\u0159ebiteli levn\u011bj\u0161\u00ed variantu dopravy.<\/p>\n<h1><b>III. P\u0159ijet\u00ed zbo\u017e\u00ed<\/b><\/h2>\n<p>1. Spot\u0159ebitel se zavazuje p\u0159evz\u00edt zbo\u017e\u00ed v dohodnut\u00e9m term\u00ednu na adrese uveden\u00e9 v objedn\u00e1vce.<br \/>\n2. P\u0159i p\u0159evzet\u00ed v\u00fdrobku je spot\u0159ebitel povinen zkontrolovat fyzickou neporu\u0161enost a \u00faplnost z\u00e1silky. Pokud je z\u00e1silka viditeln\u011b po\u0161kozena a zni\u010dena, je spot\u0159ebitel povinen neprodlen\u011b kontaktovat prod\u00e1vaj\u00edc\u00edho, ani\u017e by z\u00e1silku p\u0159evzal, a sepsat s p\u0159epravn\u00ed spole\u010dnost\u00ed Z\u00e1pis o po\u0161kozen\u00ed z\u00e1silky. Jak\u00e9koli n\u00e1sledn\u00e9 reklamace mno\u017estv\u00ed a fyzick\u00e9ho po\u0161kozen\u00ed v\u00fdrobku nebudou uzn\u00e1ny.<br \/>\n3. Spot\u0159ebitel nab\u00fdv\u00e1 vlastnick\u00e9 pr\u00e1vo k v\u00fdrobk\u016fm a\u017e po zaplacen\u00ed cel\u00e9 ceny a dal\u0161\u00edch pen\u011b\u017en\u00edch \u010d\u00e1stek sjednan\u00fdch v kupn\u00ed smlouv\u011b uzav\u0159en\u00e9 na d\u00e1lku na \u00fa\u010det prod\u00e1vaj\u00edc\u00edho. 4. Do doby p\u0159evodu vlastnick\u00e9ho pr\u00e1va z prod\u00e1vaj\u00edc\u00edho na spot\u0159ebitele, kter\u00fd m\u00e1 v\u00fdrobek v dr\u017een\u00ed, m\u00e1 spot\u0159ebitel v\u0161echny povinnosti soudn\u00edho exekutora a je povinen v\u00fdrobky a slu\u017eby na sv\u00e9 n\u00e1klady bezpe\u010dn\u011b skladovat a ozna\u010dit je tak, aby byly v\u017edy identifikovateln\u00e9 jako v\u00fdrobek prod\u00e1vaj\u00edc\u00edho.<br \/>\n4. Prod\u00e1vaj\u00edc\u00ed je opr\u00e1vn\u011bn po\u017eadovat spln\u011bn\u00ed povinnost\u00ed, zejm\u00e9na zaplacen\u00ed ceny za v\u00fdrobky a slu\u017eby, bez ohledu na to, \u017ee vlastnick\u00e9 pr\u00e1vo k v\u00fdrobku a slu\u017eb\u011b dosud nep\u0159e\u0161lo na spot\u0159ebitele.<br \/>\n5. Nebezpe\u010d\u00ed \u0161kody na v\u00fdrobc\u00edch p\u0159ech\u00e1z\u00ed na spot\u0159ebitele okam\u017eikem p\u0159evzet\u00ed spot\u0159ebitelem nebo jeho z\u00e1stupcem.<\/p>\n<h1><b>IV. Odstoupen\u00ed od smlouvy<\/b><\/h2>\n<p>1. Spot\u0159ebitel je opr\u00e1vn\u011bn zru\u0161it objedn\u00e1vku bez poplatku, a to pouze 1. den od odesl\u00e1n\u00ed objedn\u00e1vky. Objedn\u00e1vku lze zru\u0161it v\u00fdhradn\u011b p\u00edsemn\u011b (e-mailem).<br \/>\n2. Spot\u0159ebitel je opr\u00e1vn\u011bn odstoupit od smlouvy do 7 pracovn\u00edch dn\u016f ode dne p\u0159evzet\u00ed zbo\u017e\u00ed bez ud\u00e1n\u00ed d\u016fvodu. Toto pr\u00e1vo je podm\u00edn\u011bno n\u00e1kupem jako fyzick\u00e1 osoba (nikoliv na I\u010cO). Odstoupen\u00ed od smlouvy mus\u00ed b\u00fdt u\u010din\u011bno p\u00edsemn\u011b, mus\u00ed obsahovat ve\u0161ker\u00e9 \u00fadaje slou\u017e\u00edc\u00ed k identifikaci v\u00fdrobku, spot\u0159ebitele a prod\u00e1vaj\u00edc\u00edho a mus\u00ed b\u00fdt doru\u010deno spolu s v\u00fdrobkem do s\u00eddla prod\u00e1vaj\u00edc\u00edho ve v\u00fd\u0161e uveden\u00e9 lh\u016ft\u011b, a to na n\u00e1klady a odpov\u011bdnost spot\u0159ebitele. N\u00e1klady na vr\u00e1cen\u00ed v\u00fdrobku nese spot\u0159ebitel.<br \/>\nV\u00fdrobek nesm\u00ed b\u00fdt po\u0161kozen\u00fd, pou\u017eit\u00fd, mus\u00ed b\u00fdt v p\u016fvodn\u00edm obalu a spot\u0159ebitel mus\u00ed p\u0159edat v\u0161echny dokumenty vztahuj\u00edc\u00ed se k dan\u00e9mu v\u00fdrobku (n\u00e1vod k pou\u017eit\u00ed, z\u00e1ru\u010dn\u00ed list, doklad o nabyt\u00ed atd.), kter\u00e9 obdr\u017eel p\u0159i jeho koupi. Spot\u0159ebitel souhlas\u00ed a bere na v\u011bdom\u00ed, \u017ee p\u00edsemnou formou se v tomto p\u0159\u00edpad\u011b rozum\u00ed dokument o odstoupen\u00ed od smlouvy podepsan\u00fd spot\u0159ebitelem.<br \/>\nV\u00fdrobek nen\u00ed mo\u017en\u00e9 vr\u00e1tit p\u0159i dod\u00e1n\u00ed. Takto zaslan\u00fd v\u00fdrobek nebude p\u0159ijat a vr\u00e1cen.<br \/>\n3. Jsou-li v\u00fd\u0161e uveden\u00e9 povinnosti spot\u0159ebitele spln\u011bny, prod\u00e1vaj\u00edc\u00ed odebere zbo\u017e\u00ed zp\u011bt a vr\u00e1t\u00ed spot\u0159ebiteli p\u0159edem dohodnut\u00fdm zp\u016fsobem cenu zaplacenou za v\u00fdrobek nebo slu\u017ebu nebo z\u00e1lohu, kterou spot\u0159ebitel za v\u00fdrobek nebo slu\u017ebu zaplatil, a to do 15 dn\u016f ode dne odstoupen\u00ed od smlouvy.<br \/>\n4. Kupuj\u00edc\u00ed nem\u016f\u017ee odstoupit od kupn\u00ed smlouvy uzav\u0159en\u00e9 na d\u00e1lku, zejm\u00e9na v n\u00e1sleduj\u00edc\u00edch p\u0159\u00edpadech:<br \/>\n(a) v p\u0159\u00edpad\u011b smlouvy, jej\u00ed\u017e sou\u010d\u00e1st\u00ed je poskytnut\u00ed slu\u017eby, pokud bylo poskytov\u00e1n\u00ed slu\u017eby zah\u00e1jeno se souhlasem spot\u0159ebitele p\u0159ed uplynut\u00edm lh\u016fty pro odstoupen\u00ed od smlouvy.<br \/>\n(b) v p\u0159\u00edpad\u011b smlouvy o prodeji v\u00fdrobku nebo slu\u017eby, jejich\u017e cena z\u00e1vis\u00ed na pohybu cen na finan\u010dn\u00edm trhu, kter\u00fd je mimo kontrolu prod\u00e1vaj\u00edc\u00edho.<br \/>\n(c) v p\u0159\u00edpad\u011b smlouvy o prodeji v\u00fdrobku vyroben\u00e9ho podle zvl\u00e1\u0161tn\u00edch po\u017eadavk\u016f spot\u0159ebitele nebo v\u00fdrobku ur\u010den\u00e9ho speci\u00e1ln\u011b pro jednoho spot\u0159ebitele nebo v\u00fdrobku, kter\u00fd vzhledem ke sv\u00fdm vlastnostem nelze vr\u00e1tit.<br \/>\n5. V p\u0159\u00edpad\u011b p\u0159ijet\u00ed \u017e\u00e1dosti spot\u0159ebitele o odstoupen\u00ed od kupn\u00ed smlouvy po uplynut\u00ed lh\u016fty 7 pracovn\u00edch dn\u016f m\u00e1 prod\u00e1vaj\u00edc\u00ed pr\u00e1vo po\u017eadovat \u00fahradu vynalo\u017een\u00fdch n\u00e1klad\u016f a smluvn\u00ed pokutu ve v\u00fd\u0161i 70% z fakturovan\u00e9 (vystaven\u00e9) pen\u011b\u017en\u00ed \u010d\u00e1stky.<br \/>\n6. Prod\u00e1vaj\u00edc\u00ed si vyhrazuje pr\u00e1vo zru\u0161it objedn\u00e1vku (odstoupit od smlouvy) nebo jej\u00ed \u010d\u00e1st, pokud:<br \/>\n(a) v\u00fdrobek se ji\u017e nevyr\u00e1b\u00ed nebo se p\u0159estal vyr\u00e1b\u011bt.<br \/>\n(b) se zm\u011bnila cena dodavatele v\u00fdrobku<br \/>\n(c) zobrazen\u00e1 cena v\u00fdrobku byla nespr\u00e1vn\u00e1.<\/p>\n<h1><b>V. Z\u00e1ruka a servis<\/b><\/h2>\n<p>1. V\u00fdrobky zna\u010dky Electrolux, kter\u00e9 nab\u00edz\u00edme v na\u0161em obchod\u011b, jsou ofici\u00e1ln\u011b dod\u00e1v\u00e1ny na \u00fazem\u00ed Slovensk\u00e9 republiky a maj\u00ed 24m\u011bs\u00ed\u010dn\u00ed z\u00e1ruku od v\u00fdrobce. V p\u0159\u00edpad\u011b reklamace nebo z\u00e1ru\u010dn\u00ed vady v\u00fdrobku se spot\u0159ebitel m\u016f\u017ee obr\u00e1tit na ofici\u00e1ln\u00ed servis pro opravy v\u00fdrobk\u016f Electrolux: SCE s.r.o., Gab\u010d\u00edkova \u010d.1\/A Bratislava 841 05 Slovensk\u00e1 republika, +421 907 786 801, www.sce.sk.<br \/>\n2. Spot\u0159ebitelem je osoba, kter\u00e1 p\u0159i uzav\u00edr\u00e1n\u00ed a pln\u011bn\u00ed spot\u0159ebitelsk\u00e9 smlouvy nejedn\u00e1 v r\u00e1mci sv\u00e9 obchodn\u00ed nebo jin\u00e9 podnikatelsk\u00e9 \u010dinnosti. Reklamovat lze pouze v\u00fdrobek zakoupen\u00fd a zaplacen\u00fd u prod\u00e1vaj\u00edc\u00edho. 3. P\u0159i uplatn\u011bn\u00ed reklamace je spot\u0159ebitel povinen dodat (pokud to povaha v\u00fdrobku umo\u017e\u0148uje - zabudovan\u00fd v\u00fdrobek) reklamovan\u00fd v\u00fdrobek \u010dist\u00fd, mechanicky nepo\u0161kozen\u00fd, v origin\u00e1ln\u00edm balen\u00ed, v\u010detn\u011b n\u00e1vod\u016f, z\u00e1ru\u010dn\u00edho listu, faktury nebo jin\u00e9ho dokladu o zaplacen\u00ed v\u00fdrobku prod\u00e1vaj\u00edc\u00edmu. P\u0159i uplatn\u011bn\u00ed reklamace se spot\u0159ebitel \u0159\u00edd\u00ed pokyny uveden\u00fdmi v z\u00e1ru\u010dn\u00edm listu.<br \/>\n3. Pr\u00e1vo na z\u00e1ruku zanik\u00e1, pokud byla vada zp\u016fsobena mechanick\u00fdm po\u0161kozen\u00edm v\u00fdrobku, provozem v\u00fdrobku v nevhodn\u00fdch podm\u00ednk\u00e1ch, neodbornou mont\u00e1\u017e\u00ed, nedodr\u017een\u00edm p\u0159\u00edslu\u0161n\u00fdch norem spot\u0159ebitelem nebo osobou, kter\u00e1 pro spot\u0159ebitele mont\u00e1\u017e provedla, nebo pokud do v\u00fdrobku zas\u00e1hla jin\u00e1 ne\u017e opr\u00e1vn\u011bn\u00e1 osoba. Ze z\u00e1ruky jsou rovn\u011b\u017e vylou\u010deny z\u00e1vady zp\u016fsoben\u00e9 p\u0159\u00edrodn\u00edmi katastrofami a nespr\u00e1vn\u00fdm zach\u00e1zen\u00edm. Z\u00e1ruka se nevztahuje na zamrznut\u00ed venkovn\u00ed jednotky (venkovn\u00ed jednotka m\u016f\u017ee zamrznout i p\u0159i teplot\u011b vy\u0161\u0161\u00ed, ne\u017e je jej\u00ed minim\u00e1ln\u00ed teplota oh\u0159evu).<br \/>\n4. V p\u0159\u00edpad\u011b reklamace doporu\u010dujeme spot\u0159ebiteli, aby telefonicky ozn\u00e1mil prod\u00e1vaj\u00edc\u00edmu, \u017ee v\u00fdrobek m\u00e1 vadu a jak se projevila. Na z\u00e1klad\u011b t\u011bchto informac\u00ed bude spot\u0159ebiteli doporu\u010den dal\u0161\u00ed postup p\u0159i reklamaci.<br \/>\n5. Mimo\u0159\u00e1dn\u00e9 z\u00e1ru\u010dn\u00ed podm\u00ednky se nevztahuj\u00ed na softwarov\u00e9 komponenty klimatizace a jej\u00ed dopl\u0148kov\u00e9 funkce (wifi, ionizace, bo\u010dn\u00ed lamely, elektrostatick\u00e9 filtry, zv\u00fd\u0161en\u00e1 hlu\u010dnost jednotky), r\u016fzn\u00e9 zvuky jednotky a degradaci materi\u00e1l\u016f (nap\u0159. \u017eloutnut\u00ed b\u00edl\u00fdch \u010d\u00e1st\u00ed).<br \/>\nTak\u00e9 v p\u0159\u00edpad\u011b klimatizac\u00ed s funkc\u00ed wifi nezaru\u010dujeme funk\u010dn\u00ed sp\u00e1rov\u00e1n\u00ed s chytr\u00fdm telefonem nebo wifi routerem u z\u00e1kazn\u00edka. Z\u00e1stupce spole\u010dnosti provede 2 pokusy o p\u0159ipojen\u00ed a nastaven\u00ed p\u0159ipojen\u00ed wifi s instalovan\u00fdm za\u0159\u00edzen\u00edm prost\u0159ednictv\u00edm routeru z\u00e1kazn\u00edka, technik pak provede 1 pokus prost\u0159ednictv\u00edm sv\u00e9ho hotspotu. Pokud za\u0159\u00edzen\u00ed st\u00e1le nefunguje, m\u011bl by se z\u00e1kazn\u00edk obr\u00e1tit na st\u0159edisko slu\u017eeb z\u00e1kazn\u00edk\u016fm spole\u010dnosti Electrolux.<br \/>\nZ\u00e1ruka se rovn\u011b\u017e nevztahuje na pono\u0159enou hadici pro odvod kondenz\u00e1tu nebo na p\u0159\u00edpady, kdy z\u00e1kazn\u00edk nem\u00e1 servisn\u00ed otvor, kdy\u017e je kondenz\u00e1t zaveden do odtoku.<br \/>\nTak\u00e9 v p\u0159\u00edpad\u011b nedostate\u010dn\u00e9ho sp\u00e1du kondenz\u00e1tu (minim\u00e1ln\u00ed sp\u00e1d 1 cm na m po cel\u00e9 d\u00e9lce trasy kondenz\u00e1tu, ide\u00e1ln\u00ed je 2 cm na m) nebo v p\u0159\u00edpad\u011b ucp\u00e1n\u00ed kondenz\u00e1tu hmyzem. Dodate\u010dn\u00e1 z\u00e1ruka se rovn\u011b\u017e nevztahuje na p\u0159\u00edpad, kdy z\u00e1kazn\u00edk sly\u0161\u00ed r\u016fzn\u00e9 zvuky z vnit\u0159n\u00ed jednotky p\u0159i siln\u00e9m v\u011btru, pokud je kondenz\u00e1t odv\u00e1d\u011bn ven, jedn\u00e1 se o p\u0159irozen\u00fd jev.<\/p>\n<h1><b>VI .Odpov\u011bdnost za \u0161kodu<\/b><\/h2>\n<p>1. Prod\u00e1vaj\u00edc\u00ed neodpov\u00edd\u00e1 za \u0161kody na nemovit\u00e9m nebo movit\u00e9m majetku zp\u016fsoben\u00e9 v\u00fdrobkem.<br \/>\n2. Prod\u00e1vaj\u00edc\u00ed v \u017e\u00e1dn\u00e9m p\u0159\u00edpad\u011b neodpov\u00edd\u00e1 za nep\u0159\u00edm\u00e9 \u0161kody zp\u016fsoben\u00e9 vlastnostmi v\u00fdrobku, kter\u00e9 zp\u016fsobuj\u00ed \u0161kody.<br \/>\n3. Prodejce neodpov\u00edd\u00e1 za \u0161kody zp\u016fsoben\u00e9 p\u0159epln\u011bnou klimatizac\u00ed (doporu\u010dujeme nenech\u00e1vat cenn\u00e9 p\u0159edm\u011bty v bl\u00edzkosti klimatizace).<\/p>\n<h1><b>VII. Z\u00e1v\u011bre\u010dn\u00e1 ustanoven\u00ed<\/b><\/h2>\n<p>1. Prod\u00e1vaj\u00edc\u00ed m\u00e1 pr\u00e1vo vyzvat spot\u0159ebitele k osobn\u00ed prohl\u00eddce a osobn\u00edmu odb\u011bru v\u00fdrobku podle povahy objednan\u00fdch v\u00fdrobk\u016f (t\u00fdk\u00e1 se zejm\u00e9na finan\u010dn\u011b n\u00e1ro\u010dn\u011bj\u0161\u00edch v\u00fdrobk\u016f nebo v\u00fdrobk\u016f n\u00e1ro\u010dn\u011bj\u0161\u00edch na objem \u010di hmotnost). V t\u011bchto p\u0159\u00edpadech bude spot\u0159ebitel kontaktov\u00e1n a bude s n\u00edm dohodnut dal\u0161\u00ed postup. Pokud spot\u0159ebitel ji\u017e zaplatil kupn\u00ed cenu, bude mu tato \u010d\u00e1stka p\u0159evedena zp\u011bt, pokud se nedohodne jinak.<br \/>\n2. Prod\u00e1vaj\u00edc\u00ed si vyhrazuje pr\u00e1vo na zm\u011bnu ceny. P\u0159i zm\u011bn\u011b ceny bude prod\u00e1vaj\u00edc\u00ed spot\u0159ebitele kontaktovat. Spot\u0159ebitel m\u00e1 pr\u00e1vo zru\u0161it objedn\u00e1vku za takto upraven\u00e9 ceny.<br \/>\n3. Spot\u0159ebitel prohla\u0161uje, \u017ee se p\u0159ed dokon\u010den\u00edm nebo ozn\u00e1men\u00edm objedn\u00e1vky sezn\u00e1mil s t\u011bmito V\u0161eobecn\u00fdmi obchodn\u00edmi podm\u00ednkami a Reklama\u010dn\u00edm \u0159\u00e1dem a \u017ee s nimi souhlas\u00ed.<br \/>\nBez ohledu na jak\u00e1koli jin\u00e1 ustanoven\u00ed smlouvy prod\u00e1vaj\u00edc\u00ed neodpov\u00edd\u00e1 spot\u0159ebiteli za u\u0161l\u00fd zisk, ztr\u00e1tu p\u0159\u00edle\u017eitosti nebo jakoukoli jinou nep\u0159\u00edmou nebo n\u00e1slednou ztr\u00e1tu zp\u016fsobenou nedbalost\u00ed, poru\u0161en\u00edm smlouvy nebo jinak.<br \/>\nTyto v\u0161eobecn\u00e9 obchodn\u00ed podm\u00ednky byly formulov\u00e1ny a stanoveny v dobr\u00e9 v\u00ed\u0159e, aby byly v souladu s pr\u00e1vn\u00edmi podm\u00ednkami a upravovaly poctiv\u00e9 obchodn\u00ed vztahy mezi prod\u00e1vaj\u00edc\u00edm a spot\u0159ebitelem. V p\u0159\u00edpad\u011b, \u017ee n\u011bkter\u00e1 ustanoven\u00ed t\u011bchto obchodn\u00edch podm\u00ednek budou p\u0159\u00edslu\u0161n\u00fdmi org\u00e1ny Slovensk\u00e9 republiky shled\u00e1na jako neplatn\u00e1 nebo nevymahateln\u00e1, a\u0165 u\u017e v cel\u00e9m rozsahu nebo z\u010d\u00e1sti, platnost a vymahatelnost ostatn\u00edch ustanoven\u00ed a zb\u00fdvaj\u00edc\u00edch \u010d\u00e1st\u00ed p\u0159\u00edslu\u0161n\u00e9ho ustanoven\u00ed t\u00edm nen\u00ed dot\u010dena.<br \/>\nPr\u00e1va spot\u0159ebitele ve vztahu k prod\u00e1vaj\u00edc\u00edmu vypl\u00fdvaj\u00edc\u00ed ze z\u00e1kona o ochran\u011b spot\u0159ebitele \u010d. 634\/1992 Sb., v platn\u00e9m zn\u011bn\u00ed, a z\u00e1kona o ochran\u011b spot\u0159ebitele p\u0159i podomn\u00edm a z\u00e1silkov\u00e9m prodeji \u010d. 108\/2000 Sb., v platn\u00e9m zn\u011bn\u00ed, z\u016fst\u00e1vaj\u00ed t\u011bmito obchodn\u00edmi podm\u00ednkami nedot\u010dena.<br \/>\nPr\u00e1vn\u00ed vztahy a podm\u00ednky zde v\u00fdslovn\u011b neupraven\u00e9, jako\u017e i p\u0159\u00edpadn\u00e9 spory vznikl\u00e9 z nepln\u011bn\u00ed t\u011bchto podm\u00ednek se \u0159\u00edd\u00ed p\u0159\u00edslu\u0161n\u00fdmi ustanoven\u00edmi obchodn\u00edho nebo ob\u010dansk\u00e9ho z\u00e1kon\u00edku.<br \/>\n4. Prod\u00e1vaj\u00edc\u00ed a spot\u0159ebitel se dohodli, \u017ee pln\u011b akceptuj\u00ed komunikaci na d\u00e1lku - telefonickou, elektronickou formu komunikace, zejm\u00e9na prost\u0159ednictv\u00edm e-mailu a internetu, jako platnou a z\u00e1vaznou pro ob\u011b strany.<\/p>","protected":false},"excerpt":{"rendered":"<p>Na na\u0161ich webov\u00fdch str\u00e1nk\u00e1ch mohou nakupovat pr\u00e1vnick\u00e9 i fyzick\u00e9 osoby, pokud dodr\u017e\u00ed n\u00e1sleduj\u00edc\u00ed pravidla Kontaktn\u00ed \u00fadaje<\/p>","protected":false},"author":1,"featured_media":0,"parent":0,"menu_order":0,"comment_status":"closed","ping_status":"closed","template":"","meta":{"footnotes":""},"_links":{"self":[{"href":"https:\/\/www.labklima.sk\/cz\/wp-json\/wp\/v2\/pages\/732"}],"collection":[{"href":"https:\/\/www.labklima.sk\/cz\/wp-json\/wp\/v2\/pages"}],"about":[{"href":"https:\/\/www.labklima.sk\/cz\/wp-json\/wp\/v2\/types\/page"}],"author":[{"embeddable":true,"href":"https:\/\/www.labklima.sk\/cz\/wp-json\/wp\/v2\/users\/1"}],"replies":[{"embeddable":true,"href":"https:\/\/www.labklima.sk\/cz\/wp-json\/wp\/v2\/comments?post=732"}],"version-history":[{"count":6,"href":"https:\/\/www.labklima.sk\/cz\/wp-json\/wp\/v2\/pages\/732\/revisions"}],"predecessor-version":[{"id":1109,"href":"https:\/\/www.labklima.sk\/cz\/wp-json\/wp\/v2\/pages\/732\/revisions\/1109"}],"wp:attachment":[{"href":"https:\/\/www.labklima.sk\/cz\/wp-json\/wp\/v2\/media?parent=732"}],"curies":[{"name":"wp","href":"https:\/\/api.w.org\/{rel}","templated":true}]}}