{"id":488,"date":"2023-11-17T16:45:54","date_gmt":"2023-11-17T15:45:54","guid":{"rendered":"https:\/\/www.labklima.sk\/?page_id=488"},"modified":"2024-04-19T09:43:18","modified_gmt":"2024-04-19T07:43:18","slug":"kontakt","status":"publish","type":"page","link":"https:\/\/www.labklima.sk\/cz\/kontakt\/","title":{"rendered":"Kontakt"},"content":{"rendered":"<div data-elementor-type=\"wp-page\" data-elementor-id=\"488\" class=\"elementor elementor-488\" data-elementor-post-type=\"page\">\n\t\t\t\t\t\t<section class=\"wd-negative-gap elementor-section elementor-top-section elementor-element elementor-element-23926bc0 elementor-section-content-middle elementor-section-boxed elementor-section-height-default elementor-section-height-default wd-section-disabled\" data-id=\"23926bc0\" data-element_type=\"section\">\n\t\t\t\t\t\t<div class=\"elementor-container elementor-column-gap-extended\">\n\t\t\t\t\t<div class=\"elementor-column elementor-col-50 elementor-top-column elementor-element elementor-element-66f35809\" data-id=\"66f35809\" data-element_type=\"column\">\n\t\t\t<div class=\"elementor-widget-wrap elementor-element-populated\">\n\t\t\t\t\t\t<div class=\"elementor-element elementor-element-4646653 elementor-widget elementor-widget-wd_contact_form_7\" data-id=\"4646653\" data-element_type=\"widget\" data-widget_type=\"wd_contact_form_7.default\">\n\t\t\t\t<div class=\"elementor-widget-container\">\n\t\t\t\n<div class=\"wpcf7 no-js\" id=\"wpcf7-f18-o1\" lang=\"en-US\" dir=\"ltr\">\n<div class=\"screen-reader-response\"><p role=\"status\" aria-live=\"polite\" aria-atomic=\"true\"><\/p> <ul><\/ul><\/div>\n<form action=\"\/cz\/wp-json\/wp\/v2\/pages\/488#wpcf7-f18-o1\" method=\"post\" class=\"wpcf7-form init\" aria-label=\"Contact form\" novalidate=\"novalidate\" data-status=\"init\" data-trp-original-action=\"\/cz\/wp-json\/wp\/v2\/pages\/488#wpcf7-f18-o1\">\n<div style=\"display: none;\">\n<input type=\"hidden\" name=\"_wpcf7\" value=\"18\" \/>\n<input type=\"hidden\" name=\"_wpcf7_version\" value=\"5.9.3\" \/>\n<input type=\"hidden\" name=\"_wpcf7_locale\" value=\"en_US\" \/>\n<input type=\"hidden\" name=\"_wpcf7_unit_tag\" value=\"wpcf7-f18-o1\" \/>\n<input type=\"hidden\" name=\"_wpcf7_container_post\" value=\"0\" \/>\n<input type=\"hidden\" name=\"_wpcf7_posted_data_hash\" value=\"\" \/>\n<\/div>\n<p><label> Va\u0161e jm\u00e9no<br \/>\n<span class=\"wpcf7-form-control-wrap\" data-name=\"your-name\"><input size=\"40\" class=\"wpcf7-form-control wpcf7-text wpcf7-validates-as-required\" autocomplete=\"name\" aria-required=\"true\" aria-invalid=\"false\" value=\"\" type=\"text\" name=\"your-name\" \/><\/span> <\/label>\n<\/p>\n<p><label> V\u00e1\u0161 e-mail<br \/>\n<span class=\"wpcf7-form-control-wrap\" data-name=\"your-email\"><input size=\"40\" class=\"wpcf7-form-control wpcf7-email wpcf7-validates-as-required wpcf7-text wpcf7-validates-as-email\" autocomplete=\"email\" aria-required=\"true\" aria-invalid=\"false\" value=\"\" type=\"email\" name=\"your-email\" \/><\/span> <\/label>\n<\/p>\n<p><label> P\u0159edm\u011bt<br \/>\n<span class=\"wpcf7-form-control-wrap\" data-name=\"your-subject\"><input size=\"40\" class=\"wpcf7-form-control wpcf7-text wpcf7-validates-as-required\" aria-required=\"true\" aria-invalid=\"false\" value=\"\" type=\"text\" name=\"your-subject\" \/><\/span> <\/label>\n<\/p>\n<p><label> Va\u0161e zpr\u00e1va (nepovinn\u00e9)<br \/>\n<span class=\"wpcf7-form-control-wrap\" data-name=\"your-message\"><textarea cols=\"40\" rows=\"10\" class=\"wpcf7-form-control wpcf7-textarea\" aria-invalid=\"false\" name=\"your-message\"><\/textarea><\/span> <\/label>\n<\/p>\n<p><input class=\"wpcf7-form-control wpcf7-submit has-spinner\" type=\"submit\" value=\"Odeslat\" \/>\n<\/p><div class=\"wpcf7-response-output\" aria-hidden=\"true\"><\/div>\n<input type=\"hidden\" name=\"trp-form-language\" value=\"cz\"\/><\/form>\n<\/div>\n\t\t<\/div>\n\t\t\t\t<\/div>\n\t\t\t\t\t<\/div>\n\t\t<\/div>\n\t\t\t\t<div class=\"elementor-column elementor-col-50 elementor-top-column elementor-element elementor-element-2809e718\" data-id=\"2809e718\" data-element_type=\"column\">\n\t\t\t<div class=\"elementor-widget-wrap elementor-element-populated\">\n\t\t\t\t\t\t<div class=\"elementor-element elementor-element-b7094c7 elementor-widget elementor-widget-wd_text_block\" data-id=\"b7094c7\" data-element_type=\"widget\" data-widget_type=\"wd_text_block.default\">\n\t\t\t\t<div class=\"elementor-widget-container\">\n\t\t\t\t\t<div class=\"wd-text-block reset-last-child text-left\">\n\t\t\t\n\t\t\t<h2><strong>Spokojen\u00ed z\u00e1kazn\u00edci, \u00faspora energie, efektivita a n\u00edzk\u00fd dopad na \u017eivotn\u00ed prost\u0159ed\u00ed<\/strong><\/h2>\nNa\u0161e spole\u010dnost se zam\u011b\u0159uje na poskytov\u00e1n\u00ed energeticky \u00fa\u010dinn\u00fdch \u0159e\u0161en\u00ed pro mikroklima v m\u00edstnostech a obnoviteln\u00e9 zdroje energie v dom\u00e1cnostech co nejv\u011bt\u0161\u00edmu po\u010dtu lid\u00ed.\n\t\t\t\t\t<\/div>\n\t\t\t\t<\/div>\n\t\t\t\t<\/div>\n\t\t\t\t<div class=\"elementor-element elementor-element-6acfc77a elementor-widget elementor-widget-wd_text_block\" data-id=\"6acfc77a\" data-element_type=\"widget\" data-widget_type=\"wd_text_block.default\">\n\t\t\t\t<div class=\"elementor-widget-container\">\n\t\t\t\t\t<div class=\"wd-text-block reset-last-child text-left\">\n\t\t\t\n\t\t\t<p><img decoding=\"async\" class=\"size-full wp-image-498 alignleft\" src=\"https:\/\/www.labklima.sk\/wp-content\/uploads\/2023\/11\/contact-phone.png\" alt=\"\" width=\"40\" height=\"40\" srcset=\"https:\/\/www.labklima.sk\/wp-content\/uploads\/2023\/11\/contact-phone.png 81w, https:\/\/www.labklima.sk\/wp-content\/uploads\/2023\/11\/contact-phone-75x74.png 75w\" sizes=\"(max-width: 40px) 100vw, 40px\" \/><\/p><p><a href=\"tel: 421950622757\"><strong>+421 950 622 757<\/strong><\/a><br \/>ve v\u0161edn\u00ed dny od 8:00 do 17:00<\/p>\n\t\t\t\t\t<\/div>\n\t\t\t\t<\/div>\n\t\t\t\t<\/div>\n\t\t\t\t<div class=\"elementor-element elementor-element-eb9ab65 elementor-widget elementor-widget-wd_text_block\" data-id=\"eb9ab65\" data-element_type=\"widget\" data-widget_type=\"wd_text_block.default\">\n\t\t\t\t<div class=\"elementor-widget-container\">\n\t\t\t\t\t<div class=\"wd-text-block reset-last-child text-left\">\n\t\t\t\n\t\t\t<p data-wp-editing=\"1\"><img decoding=\"async\" class=\"size-full wp-image-500 alignleft\" src=\"https:\/\/www.labklima.sk\/wp-content\/uploads\/2023\/11\/contact-email.png\" alt=\"\" width=\"41\" height=\"40\" srcset=\"https:\/\/www.labklima.sk\/wp-content\/uploads\/2023\/11\/contact-email.png 81w, https:\/\/www.labklima.sk\/wp-content\/uploads\/2023\/11\/contact-email-75x74.png 75w\" sizes=\"(max-width: 41px) 100vw, 41px\" \/> <a href=\"mailto:info@labklima.sk\">info@labklima.sk<\/a>\u00a0\u00a0\u00a0\u00a0\u00a0\u00a0\u00a0\u00a0\u00a0\u00a0\u00a0<\/p>\n\t\t\t\t\t<\/div>\n\t\t\t\t<\/div>\n\t\t\t\t<\/div>\n\t\t\t\t\t<\/div>\n\t\t<\/div>\n\t\t\t\t\t<\/div>\n\t\t<\/section>\n\t\t<div class=\"elementor-element elementor-element-5b435a0 e-con-full e-flex wd-section-disabled e-con e-parent\" data-id=\"5b435a0\" data-element_type=\"container\">\n\t\t\t\t<div class=\"elementor-element elementor-element-37d7e02 elementor-widget elementor-widget-wd_text_block\" data-id=\"37d7e02\" data-element_type=\"widget\" data-widget_type=\"wd_text_block.default\">\n\t\t\t\t<div class=\"elementor-widget-container\">\n\t\t\t\t\t<div class=\"wd-text-block reset-last-child text-left\">\n\t\t\t\n\t\t\t<h3>Adresa skladu a kancel\u00e1\u0159e<\/h3>\n<img decoding=\"async\" class=\"size-full wp-image-521 alignleft\" src=\"https:\/\/www.labklima.sk\/wp-content\/uploads\/2023\/11\/warehouse.png\" alt=\"\" width=\"54\" height=\"54\" \/>Labklima s.r.o. Priemyseln\u00e1 8, 924 01 Galanta, Slovensko  \n\t\t\t\t\t<\/div>\n\t\t\t\t<\/div>\n\t\t\t\t<\/div>\n\t\t\t\t<div class=\"elementor-element elementor-element-bab5d35 elementor-widget elementor-widget-html\" data-id=\"bab5d35\" data-element_type=\"widget\" data-widget_type=\"html.default\">\n\t\t\t\t<div class=\"elementor-widget-container\">\n\t\t\t<iframe src=\"https:\/\/www.google.com\/maps\/embed?pb=!1m18!1m12!1m3!1d1140.122267709474!2d17.73750784727421!3d48.187901697459615!2m3!1f0!2f0!3f0!3m2!1i1024!2i768!4f13.1!3m3!1m2!1s0x476b6f754a59f12b%3A0x30cf3ea4bd119690!2sPriemyseln%C3%A1%208%2C%20924%2001%20Galanta%2C%20Slovensko!5e0!3m2!1ssk!2sua!4v1700474796339!5m2!1ssk!2sua\" width=\"400\" height=\"300\" style=\"border:0;\" allowfullscreen=\"\" loading=\"lazy\" referrerpolicy=\"no-referrer-when-downgrade\"><\/iframe>\t\t<\/div>\n\t\t\t\t<\/div>\n\t\t\t\t<\/div>\n\t\t<div class=\"elementor-element elementor-element-e0ce9c4 e-con-full e-flex wd-section-disabled e-con e-parent\" data-id=\"e0ce9c4\" data-element_type=\"container\">\n\t\t\t\t<div class=\"elementor-element elementor-element-46de35f elementor-widget elementor-widget-wd_text_block\" data-id=\"46de35f\" data-element_type=\"widget\" data-widget_type=\"wd_text_block.default\">\n\t\t\t\t<div class=\"elementor-widget-container\">\n\t\t\t\t\t<div class=\"wd-text-block reset-last-child text-left\">\n\t\t\t\n\t\t\t<h3>Adresa s\u00eddla<\/h3>\n<img loading=\"lazy\" decoding=\"async\" class=\"size-full wp-image-538 alignleft\" src=\"https:\/\/www.labklima.sk\/wp-content\/uploads\/2023\/11\/office-building-1.png\" alt=\"\" width=\"54\" height=\"54\" \/>\n\nLabklima s.r.o.\nSl\u00e1vi\u010die \u00fadolie 1569\/10, 811 02 Bratislava, ID: 55847358 \n\t\t\t\t\t<\/div>\n\t\t\t\t<\/div>\n\t\t\t\t<\/div>\n\t\t\t\t<\/div>\n\t\t\t\t<\/div>","protected":false},"excerpt":{"rendered":"<p>Va\u0161e meno V\u00e1\u0161 e-mail Predmet Va\u0161a spr\u00e1va (nepovinn\u00e9) Spokojn\u00ed z\u00e1kazn\u00edci, energetick\u00e1 \u00faspornos\u0165, efektivita a n\u00edzky dopad na \u017eivotn\u00e9 prostredie Na\u0161a<\/p>","protected":false},"author":1,"featured_media":0,"parent":0,"menu_order":0,"comment_status":"closed","ping_status":"closed","template":"","meta":{"footnotes":""},"_links":{"self":[{"href":"https:\/\/www.labklima.sk\/cz\/wp-json\/wp\/v2\/pages\/488"}],"collection":[{"href":"https:\/\/www.labklima.sk\/cz\/wp-json\/wp\/v2\/pages"}],"about":[{"href":"https:\/\/www.labklima.sk\/cz\/wp-json\/wp\/v2\/types\/page"}],"author":[{"embeddable":true,"href":"https:\/\/www.labklima.sk\/cz\/wp-json\/wp\/v2\/users\/1"}],"replies":[{"embeddable":true,"href":"https:\/\/www.labklima.sk\/cz\/wp-json\/wp\/v2\/comments?post=488"}],"version-history":[{"count":6,"href":"https:\/\/www.labklima.sk\/cz\/wp-json\/wp\/v2\/pages\/488\/revisions"}],"predecessor-version":[{"id":1163,"href":"https:\/\/www.labklima.sk\/cz\/wp-json\/wp\/v2\/pages\/488\/revisions\/1163"}],"wp:attachment":[{"href":"https:\/\/www.labklima.sk\/cz\/wp-json\/wp\/v2\/media?parent=488"}],"curies":[{"name":"wp","href":"https:\/\/api.w.org\/{rel}","templated":true}]}}