{"id":362,"date":"2023-11-09T15:09:40","date_gmt":"2023-11-09T14:09:40","guid":{"rendered":"https:\/\/www.labklima.sk\/?page_id=362"},"modified":"2024-04-19T09:33:26","modified_gmt":"2024-04-19T07:33:26","slug":"o-nas","status":"publish","type":"page","link":"https:\/\/www.labklima.sk\/cz\/o-nas\/","title":{"rendered":"O n\u00e1s"},"content":{"rendered":"<div data-elementor-type=\"wp-page\" data-elementor-id=\"362\" class=\"elementor elementor-362\" data-elementor-post-type=\"page\">\n\t\t\t\t<div class=\"wd-negative-gap elementor-element elementor-element-fd0e3e5 e-flex e-con-boxed wd-section-disabled e-con e-parent\" data-id=\"fd0e3e5\" data-element_type=\"container\">\n\t\t\t\t\t<div class=\"e-con-inner\">\n\t\t<div class=\"elementor-element elementor-element-d8f8e10 e-con-full e-flex wd-section-disabled e-con e-child\" data-id=\"d8f8e10\" data-element_type=\"container\">\n\t\t\t\t<div class=\"elementor-element elementor-element-15c3941 elementor-widget elementor-widget-wd_text_block\" data-id=\"15c3941\" data-element_type=\"widget\" data-widget_type=\"wd_text_block.default\">\n\t\t\t\t<div class=\"elementor-widget-container\">\n\t\t\t\t\t<div class=\"wd-text-block reset-last-child text-left\">\n\t\t\t\n\t\t\t<h2><strong><span lang=\"SK\">Spokojen\u00ed z\u00e1kazn\u00edci, energetick\u00e1 \u00fa\u010dinnost, efektivita a n\u00edzk\u00fd dopad na \u017eivotn\u00ed prost\u0159ed\u00ed.<\/span><\/strong><\/h2><div><div><span lang=\"SK\">Na\u0161e spole\u010dnost se zam\u011b\u0159uje na poskytov\u00e1n\u00ed energeticky \u00fa\u010dinn\u00fdch \u0159e\u0161en\u00ed pro mikroklima v m\u00edstnostech a obnoviteln\u00e9 zdroje energie v dom\u00e1cnostech co nejv\u011bt\u0161\u00edmu po\u010dtu lid\u00ed.<\/span><\/div><\/div><div>\u00a0<\/div><div>\u00a0<\/div><div>\u00a0<\/div><div>\u00a0<\/div>\n\t\t\t\t\t<\/div>\n\t\t\t\t<\/div>\n\t\t\t\t<\/div>\n\t\t\t\t<div class=\"elementor-element elementor-element-5e46475 elementor-widget elementor-widget-wd_text_block\" data-id=\"5e46475\" data-element_type=\"widget\" data-widget_type=\"wd_text_block.default\">\n\t\t\t\t<div class=\"elementor-widget-container\">\n\t\t\t\t\t<div class=\"wd-text-block reset-last-child text-left\">\n\t\t\t\n\t\t\tVytv\u00e1\u0159\u00edme \u0159e\u0161en\u00ed, kter\u00e1 spot\u0159ebov\u00e1vaj\u00ed minimum energie a nab\u00edzej\u00ed na\u0161im z\u00e1kazn\u00edk\u016fm maxim\u00e1ln\u00ed komfort. Na\u0161e energeticky \u00fasporn\u00e1 \u0159e\u0161en\u00ed zahrnuj\u00ed tepeln\u00e1 \u010derpadla vzduch-vzduch, vzduch-voda a \u00fa\u010dinn\u00e9 klimatiza\u010dn\u00ed jednotky pro chlazen\u00ed.\n\t\t\t\t\t<\/div>\n\t\t\t\t<\/div>\n\t\t\t\t<\/div>\n\t\t\t\t<\/div>\n\t\t<div class=\"elementor-element elementor-element-259ea40 e-con-full e-flex wd-section-disabled e-con e-child\" data-id=\"259ea40\" data-element_type=\"container\">\n\t\t\t\t<div class=\"elementor-element elementor-element-a713e29 elementor-widget elementor-widget-wd_image_or_svg\" data-id=\"a713e29\" data-element_type=\"widget\" data-widget_type=\"wd_image_or_svg.default\">\n\t\t\t\t<div class=\"elementor-widget-container\">\n\t\t\t\n\t\t<div class=\"wd-image text-left\">\n\t\t\t\t\t\t\t\t<img fetchpriority=\"high\" decoding=\"async\" width=\"1600\" height=\"1280\" src=\"https:\/\/www.labklima.sk\/wp-content\/uploads\/2023\/11\/about-1.jpeg\" class=\"attachment-full size-full\" alt=\"\" srcset=\"https:\/\/www.labklima.sk\/wp-content\/uploads\/2023\/11\/about-1.jpeg 1600w, https:\/\/www.labklima.sk\/wp-content\/uploads\/2023\/11\/about-1-300x240.jpeg 300w, https:\/\/www.labklima.sk\/wp-content\/uploads\/2023\/11\/about-1-1024x819.jpeg 1024w, https:\/\/www.labklima.sk\/wp-content\/uploads\/2023\/11\/about-1-768x614.jpeg 768w, https:\/\/www.labklima.sk\/wp-content\/uploads\/2023\/11\/about-1-1536x1229.jpeg 1536w, https:\/\/www.labklima.sk\/wp-content\/uploads\/2023\/11\/about-1-600x480.jpeg 600w, https:\/\/www.labklima.sk\/wp-content\/uploads\/2023\/11\/about-1-75x60.jpeg 75w\" sizes=\"(max-width: 1600px) 100vw, 1600px\" \/>\t\t\t\t\t<\/div>\n\n\t\t\t\t<\/div>\n\t\t\t\t<\/div>\n\t\t\t\t<\/div>\n\t\t\t\t\t<\/div>\n\t\t\t\t<\/div>\n\t\t<div class=\"elementor-element elementor-element-c8d7400 e-con-full e-flex wd-section-disabled e-con e-parent\" data-id=\"c8d7400\" data-element_type=\"container\">\n\t\t<div class=\"elementor-element elementor-element-7c710a8 e-con-full e-flex wd-section-disabled e-con e-child\" data-id=\"7c710a8\" data-element_type=\"container\">\n\t\t\t\t<div class=\"elementor-element elementor-element-3fdbdf8 elementor-widget elementor-widget-wd_image_or_svg\" data-id=\"3fdbdf8\" data-element_type=\"widget\" data-widget_type=\"wd_image_or_svg.default\">\n\t\t\t\t<div class=\"elementor-widget-container\">\n\t\t\t\n\t\t<div class=\"wd-image text-left\">\n\t\t\t\t\t\t\t\t<img decoding=\"async\" width=\"1600\" height=\"1066\" src=\"https:\/\/www.labklima.sk\/wp-content\/uploads\/2023\/11\/about.jpeg\" class=\"attachment-full size-full\" alt=\"\" srcset=\"https:\/\/www.labklima.sk\/wp-content\/uploads\/2023\/11\/about.jpeg 1600w, https:\/\/www.labklima.sk\/wp-content\/uploads\/2023\/11\/about-75x50.jpeg 75w, https:\/\/www.labklima.sk\/wp-content\/uploads\/2023\/11\/about-600x400.jpeg 600w, https:\/\/www.labklima.sk\/wp-content\/uploads\/2023\/11\/about-300x200.jpeg 300w, https:\/\/www.labklima.sk\/wp-content\/uploads\/2023\/11\/about-1024x682.jpeg 1024w, https:\/\/www.labklima.sk\/wp-content\/uploads\/2023\/11\/about-768x512.jpeg 768w, https:\/\/www.labklima.sk\/wp-content\/uploads\/2023\/11\/about-1536x1023.jpeg 1536w\" sizes=\"(max-width: 1600px) 100vw, 1600px\" \/>\t\t\t\t\t<\/div>\n\n\t\t\t\t<\/div>\n\t\t\t\t<\/div>\n\t\t\t\t<\/div>\n\t\t<div class=\"elementor-element elementor-element-efcd0d0 e-con-full e-flex wd-section-disabled e-con e-child\" data-id=\"efcd0d0\" data-element_type=\"container\">\n\t\t\t\t<div class=\"elementor-element elementor-element-1530ef4 elementor-widget elementor-widget-wd_text_block\" data-id=\"1530ef4\" data-element_type=\"widget\" data-widget_type=\"wd_text_block.default\">\n\t\t\t\t<div class=\"elementor-widget-container\">\n\t\t\t\t\t<div class=\"wd-text-block reset-last-child text-left\">\n\t\t\t\n\t\t\t<p><strong>Tis\u00edce dom\u00e1cnost\u00ed ka\u017edoro\u010dn\u011b investuj\u00ed do na\u0161ich energeticky \u00fasporn\u00fdch \u0159e\u0161en\u00ed, kter\u00e1 \u0161et\u0159\u00ed pen\u00edze v dom\u00e1cnosti.\u00a0<\/strong><\/p><p>Na\u0161\u00edm prioritn\u00edm c\u00edlem je \u00faspora energie a \u017eivotn\u00edho prost\u0159ed\u00ed. Na\u0161e \u0159e\u0161en\u00ed a produkty minimalizuj\u00ed spot\u0159ebu energie a jej\u00ed dopad na \u017eivotn\u00ed prost\u0159ed\u00ed, ani\u017e by to bylo na \u00fakor komfortu a pohodl\u00ed. Na\u0161e spole\u010dnost a na\u0161i zam\u011bstnanci se \u0159\u00edd\u00ed stejn\u00fdm principem udr\u017eiteln\u00e9ho rozvoje v na\u0161ich obchodn\u00edch aktivit\u00e1ch a slu\u017eb\u00e1ch - od ka\u017edodenn\u00edho provozu a\u017e po dod\u00e1vky.<\/p><p>\u00a0<\/p><p>Na\u0161\u00edm prioritn\u00edm c\u00edlem jsou lid\u00e9 - dom\u00e1cnosti. Tepeln\u00e1 \u010derpadla, klimatizace a energeticky \u00fasporn\u00e9 technologie maj\u00ed pozitivn\u00ed vliv na sv\u00e9 u\u017eivatele a \u017eivotn\u00ed prost\u0159ed\u00ed, ale jejich v\u00fdb\u011br nebo n\u00e1kup se m\u016f\u017ee zd\u00e1t obt\u00ed\u017en\u00fd. Na\u0161\u00edm ka\u017edodenn\u00edm \u00fakolem je zjednodu\u0161it v\u0161em kroky tak, aby co nejv\u00edce lid\u00ed mohlo plynule p\u0159ej\u00edt na energeticky \u00fasporn\u00e1 \u0159e\u0161en\u00ed.<\/p>\n\t\t\t\t\t<\/div>\n\t\t\t\t<\/div>\n\t\t\t\t<\/div>\n\t\t\t\t<\/div>\n\t\t<div class=\"elementor-element elementor-element-6331fd6 e-con-full e-flex wd-section-disabled e-con e-child\" data-id=\"6331fd6\" data-element_type=\"container\">\n\t\t\t\t<\/div>\n\t\t\t\t<\/div>\n\t\t\t\t<\/div>","protected":false},"excerpt":{"rendered":"<p>Spokojn\u00ed z\u00e1kazn\u00edci, energetick\u00e1 \u00faspornos\u0165, efektivita a\u00a0n\u00edzky dopad na \u017eivotn\u00e9 prostredi Na\u0161a spolo\u010dnos\u0165 je zameran\u00e1 na poskytovanie energeticky efekt\u00edvnych rie\u0161en\u00ed pre<\/p>","protected":false},"author":1,"featured_media":0,"parent":0,"menu_order":0,"comment_status":"closed","ping_status":"closed","template":"","meta":{"footnotes":""},"_links":{"self":[{"href":"https:\/\/www.labklima.sk\/cz\/wp-json\/wp\/v2\/pages\/362"}],"collection":[{"href":"https:\/\/www.labklima.sk\/cz\/wp-json\/wp\/v2\/pages"}],"about":[{"href":"https:\/\/www.labklima.sk\/cz\/wp-json\/wp\/v2\/types\/page"}],"author":[{"embeddable":true,"href":"https:\/\/www.labklima.sk\/cz\/wp-json\/wp\/v2\/users\/1"}],"replies":[{"embeddable":true,"href":"https:\/\/www.labklima.sk\/cz\/wp-json\/wp\/v2\/comments?post=362"}],"version-history":[{"count":6,"href":"https:\/\/www.labklima.sk\/cz\/wp-json\/wp\/v2\/pages\/362\/revisions"}],"predecessor-version":[{"id":1147,"href":"https:\/\/www.labklima.sk\/cz\/wp-json\/wp\/v2\/pages\/362\/revisions\/1147"}],"wp:attachment":[{"href":"https:\/\/www.labklima.sk\/cz\/wp-json\/wp\/v2\/media?parent=362"}],"curies":[{"name":"wp","href":"https:\/\/api.w.org\/{rel}","templated":true}]}}