{"id":360,"date":"2023-11-09T15:09:22","date_gmt":"2023-11-09T14:09:22","guid":{"rendered":"https:\/\/www.labklima.sk\/?page_id=360"},"modified":"2024-05-21T15:55:51","modified_gmt":"2024-05-21T13:55:51","slug":"servis","status":"publish","type":"page","link":"https:\/\/www.labklima.sk\/cz\/servis\/","title":{"rendered":"Servis"},"content":{"rendered":"<div data-elementor-type=\"wp-page\" data-elementor-id=\"360\" class=\"elementor elementor-360\" data-elementor-post-type=\"page\">\n\t\t\t\t<div class=\"wd-negative-gap elementor-element elementor-element-8613245 e-flex e-con-boxed wd-section-disabled e-con e-parent\" data-id=\"8613245\" data-element_type=\"container\">\n\t\t\t\t\t<div class=\"e-con-inner\">\n\t\t\t\t<div class=\"elementor-element elementor-element-6c575b3 elementor-widget elementor-widget-wd_text_block\" data-id=\"6c575b3\" data-element_type=\"widget\" data-widget_type=\"wd_text_block.default\">\n\t\t\t\t<div class=\"elementor-widget-container\">\n\t\t\t\t\t<div class=\"wd-text-block reset-last-child text-left\">\n\t\t\t\n\t\t\t<h2><strong>Z\u00e1ru\u010dn\u00ed servis <\/strong><\/h2><p>V\u0161echny v\u00fdrobky Electrolux nab\u00edzen\u00e9 v na\u0161em obchod\u011b jsou ofici\u00e1ln\u011b dod\u00e1v\u00e1ny na \u00fazem\u00ed Slovensk\u00e9 republiky a maj\u00ed ofici\u00e1ln\u00ed dvouletou z\u00e1ruku od v\u00fdrobce.<\/p><p>Chcete-li z\u00edskat z\u00e1ru\u010dn\u00ed servis, mus\u00edte se obr\u00e1tit na ofici\u00e1ln\u00ed servisn\u00ed st\u0159edisko. Ve v\u011bt\u0161in\u011b p\u0159\u00edpad\u016f je vy\u017eadov\u00e1n doklad o zakoupen\u00ed za\u0159\u00edzen\u00ed. Ofici\u00e1ln\u00ed servisn\u00ed st\u0159edisko provede technickou expert\u00edzu, aby zjistilo p\u0159\u00ed\u010dinu z\u00e1vady a rozhodlo o oprav\u011b nebo v\u00fdm\u011bn\u011b sou\u010d\u00e1st\u00ed.<\/p><p>\u00a0<\/p>\n\t\t\t\t\t<\/div>\n\t\t\t\t<\/div>\n\t\t\t\t<\/div>\n\t\t\t\t\t<\/div>\n\t\t\t\t<\/div>\n\t\t<div class=\"wd-negative-gap elementor-element elementor-element-9d7acb2 e-flex e-con-boxed wd-section-disabled e-con e-parent\" data-id=\"9d7acb2\" data-element_type=\"container\">\n\t\t\t\t\t<div class=\"e-con-inner\">\n\t\t<div class=\"elementor-element elementor-element-2b6aa91 e-con-full e-flex wd-section-disabled e-con e-child\" data-id=\"2b6aa91\" data-element_type=\"container\">\n\t\t\t\t<div class=\"elementor-element elementor-element-d6c9d22 elementor-widget-laptop__width-initial elementor-widget elementor-widget-html\" data-id=\"d6c9d22\" data-element_type=\"widget\" data-widget_type=\"html.default\">\n\t\t\t\t<div class=\"elementor-widget-container\">\n\t\t\t<<iframe src=\"https:\/\/www.google.com\/maps\/embed?pb=!1m14!1m8!1m3!1d2659.955961014575!2d17.738594!3d48.18820000000001!3m2!1i1024!2i768!4f13.1!3m3!1m2!1s0x476b6f0abd5067d7%3A0x14d4ddfc8678dd65!2sPriemyseln%C3%A1%208%2C%20924%2001%20Galanta%2C%20Slovensko!5e0!3m2!1ssk!2sua!4v1716299540406!5m2!1ssk!2sua\" width=\"600\" height=\"450\" style=\"border:0;\" allowfullscreen=\"\" loading=\"lazy\" referrerpolicy=\"no-referrer-when-downgrade\"><\/iframe>\t\t<\/div>\n\t\t\t\t<\/div>\n\t\t\t\t<\/div>\n\t\t<div class=\"elementor-element elementor-element-4c4247f e-con-full e-flex wd-section-disabled e-con e-child\" data-id=\"4c4247f\" data-element_type=\"container\">\n\t\t\t\t<div class=\"elementor-element elementor-element-5729ad6 elementor-widget elementor-widget-wd_text_block\" data-id=\"5729ad6\" data-element_type=\"widget\" data-widget_type=\"wd_text_block.default\">\n\t\t\t\t<div class=\"elementor-widget-container\">\n\t\t\t\t\t<div class=\"wd-text-block reset-last-child text-left\">\n\t\t\t\n\t\t\t<h3><strong>Ofici\u00e1ln\u00ed servisn\u00ed st\u0159edisko pro Slovenskou republiku:<\/strong><\/h3><p>\u00a0<\/p><p>Labklima s.r.o. Priemyseln\u00e1 8, 924 01 Galanta, Slovensko<\/p><p>Infolinka +421 950 622 757<\/p><p><a href=\"http:\/\/https:\/\/www.labklima.sk\/servis\/\/\">https:\/\/www.labklima.sk\/servis\/<\/a><\/p><p><a href=\"mailto:info@labklima.sk\">info@labklima.sk<\/a><\/p>\n\t\t\t\t\t<\/div>\n\t\t\t\t<\/div>\n\t\t\t\t<\/div>\n\t\t\t\t<\/div>\n\t\t\t\t\t<\/div>\n\t\t\t\t<\/div>\n\t\t<div class=\"wd-negative-gap elementor-element elementor-element-eab73bc e-flex e-con-boxed wd-section-disabled e-con e-child\" data-id=\"eab73bc\" data-element_type=\"container\">\n\t\t\t\t\t<div class=\"e-con-inner\">\n\t\t\t\t<div class=\"elementor-element elementor-element-6313b67 elementor-widget-laptop__width-initial elementor-widget elementor-widget-html\" data-id=\"6313b67\" data-element_type=\"widget\" data-widget_type=\"html.default\">\n\t\t\t\t<div class=\"elementor-widget-container\">\n\t\t\t<<iframe src=\"https:\/\/www.google.com\/maps\/embed?pb=!1m18!1m12!1m3!1d2560.5086538064465!2d14.453327785398951!3d50.07676285127127!2m3!1f0!2f0!3f0!3m2!1i1024!2i768!4f13.1!3m3!1m2!1s0x470b936329b27bf7%3A0x1423e793b9ce796b!2sSlezsk%C3%A1%201919%2F87%2C%20130%2000%20Vinohrady%2C%20%C4%8Cesko!5e0!3m2!1ssk!2sua!4v1716299629514!5m2!1ssk!2sua\" width=\"600\" height=\"450\" style=\"border:0;\" allowfullscreen=\"\" loading=\"lazy\" referrerpolicy=\"no-referrer-when-downgrade\"><\/iframe>\t\t<\/div>\n\t\t\t\t<\/div>\n\t\t<div class=\"elementor-element elementor-element-80232f9 e-con-full e-flex wd-section-disabled e-con e-child\" data-id=\"80232f9\" data-element_type=\"container\">\n\t\t\t\t<div class=\"elementor-element elementor-element-3d19263 elementor-widget-laptop__width-initial elementor-widget elementor-widget-wd_text_block\" data-id=\"3d19263\" data-element_type=\"widget\" data-widget_type=\"wd_text_block.default\">\n\t\t\t\t<div class=\"elementor-widget-container\">\n\t\t\t\t\t<div class=\"wd-text-block reset-last-child text-left\">\n\t\t\t\n\t\t\t<h3><strong>Ofici\u00e1ln\u00ed servisn\u00ed st\u0159edisko pro \u010ceskou republiku:<\/strong><\/h3><p>\u00a0<\/p><p>IceKlima s.r.o. Slezsk\u00e1 87, 130 00 Praha 3 \u010cesk\u00e1 republika<\/p><p>Hotline +420 704 419 769<\/p><p><a href=\"http:\/\/http:\/\/www.iceklima.cz\/\/\">http:\/\/www.iceklima.cz\/<\/a><\/p><p><a href=\"mailto:prodej@iceklima.cz\">prodej@iceklima.cz<\/a><\/p>\n\t\t\t\t\t<\/div>\n\t\t\t\t<\/div>\n\t\t\t\t<\/div>\n\t\t\t\t<\/div>\n\t\t\t\t\t<\/div>\n\t\t\t\t<\/div>\n\t\t<div class=\"wd-negative-gap elementor-element elementor-element-0d74893 e-flex e-con-boxed wd-section-disabled e-con e-parent\" data-id=\"0d74893\" data-element_type=\"container\">\n\t\t\t\t\t<div class=\"e-con-inner\">\n\t\t<div class=\"elementor-element elementor-element-df60b3d e-con-full e-flex wd-section-disabled e-con e-child\" data-id=\"df60b3d\" data-element_type=\"container\">\n\t\t\t\t<div class=\"elementor-element elementor-element-da7dc71 elementor-widget elementor-widget-wd_image_or_svg\" data-id=\"da7dc71\" data-element_type=\"widget\" data-widget_type=\"wd_image_or_svg.default\">\n\t\t\t\t<div class=\"elementor-widget-container\">\n\t\t\t\n\t\t<div class=\"wd-image text-left\">\n\t\t\t\t\t\t\t\t<img fetchpriority=\"high\" decoding=\"async\" width=\"2000\" height=\"1333\" src=\"https:\/\/www.labklima.sk\/wp-content\/uploads\/2023\/12\/sa-12.jpg\" class=\"attachment-full size-full\" alt=\"\" srcset=\"https:\/\/www.labklima.sk\/wp-content\/uploads\/2023\/12\/sa-12.jpg 2000w, https:\/\/www.labklima.sk\/wp-content\/uploads\/2023\/12\/sa-12-300x200.jpg 300w, https:\/\/www.labklima.sk\/wp-content\/uploads\/2023\/12\/sa-12-1024x682.jpg 1024w, https:\/\/www.labklima.sk\/wp-content\/uploads\/2023\/12\/sa-12-768x512.jpg 768w, https:\/\/www.labklima.sk\/wp-content\/uploads\/2023\/12\/sa-12-1536x1024.jpg 1536w, https:\/\/www.labklima.sk\/wp-content\/uploads\/2023\/12\/sa-12-18x12.jpg 18w, https:\/\/www.labklima.sk\/wp-content\/uploads\/2023\/12\/sa-12-600x400.jpg 600w, https:\/\/www.labklima.sk\/wp-content\/uploads\/2023\/12\/sa-12-75x50.jpg 75w\" sizes=\"(max-width: 2000px) 100vw, 2000px\" \/>\t\t\t\t\t<\/div>\n\n\t\t\t\t<\/div>\n\t\t\t\t<\/div>\n\t\t\t\t<\/div>\n\t\t<div class=\"elementor-element elementor-element-78ce535 e-con-full e-flex wd-section-disabled e-con e-child\" data-id=\"78ce535\" data-element_type=\"container\">\n\t\t\t\t<div class=\"elementor-element elementor-element-5df0fed elementor-widget elementor-widget-wd_text_block\" data-id=\"5df0fed\" data-element_type=\"widget\" data-widget_type=\"wd_text_block.default\">\n\t\t\t\t<div class=\"elementor-widget-container\">\n\t\t\t\t\t<div class=\"wd-text-block reset-last-child text-left\">\n\t\t\t\n\t\t\t<p><strong>Z\u00e1ru\u010dn\u00ed servis m\u016f\u017ee b\u00fdt odm\u00edtnut v n\u00e1sleduj\u00edc\u00edch p\u0159\u00edpadech: <\/strong><\/p><p>- Pou\u017e\u00edv\u00e1n\u00ed za\u0159\u00edzen\u00ed k jin\u00e9mu \u00fa\u010delu, ne\u017e pro kter\u00fd je ur\u010deno, nebo v rozporu s n\u00e1vodem k obsluze.<\/p><p>-p\u0159\u00edtomnost zn\u00e1mek nekvalifikovan\u00e9 opravy nebo po\u0161kozen\u00ed na kontroln\u00edm \u0161t\u00edtku zbo\u017e\u00ed.<\/p><p>- Zm\u011bny v konstrukci za\u0159\u00edzen\u00ed nebo odchylky od jeho instala\u010dn\u00edho sch\u00e9matu uveden\u00e9ho v\u00fdrobcem v n\u00e1vodu k instalaci nebo v n\u00e1vodu k obsluze.<\/p><p>- P\u0159\u00edtomnost zn\u00e1mek mechanick\u00e9ho po\u0161kozen\u00ed nebo z\u00e1vad zp\u016fsoben\u00fdch vy\u0161\u0161\u00ed moc\u00ed, nehodou, \u00famysln\u00fdm nebo nedbalostn\u00edm jedn\u00e1n\u00edm spot\u0159ebitele nebo t\u0159et\u00edch stran.<\/p><p>\u00a0<\/p>\n\t\t\t\t\t<\/div>\n\t\t\t\t<\/div>\n\t\t\t\t<\/div>\n\t\t\t\t<\/div>\n\t\t\t\t\t<\/div>\n\t\t\t\t<\/div>\n\t\t<div class=\"wd-negative-gap elementor-element elementor-element-b57c868 e-flex e-con-boxed wd-section-disabled e-con e-parent\" data-id=\"b57c868\" data-element_type=\"container\">\n\t\t\t\t\t<div class=\"e-con-inner\">\n\t\t\t\t<div class=\"elementor-element elementor-element-af76794 elementor-widget elementor-widget-wd_text_block\" data-id=\"af76794\" data-element_type=\"widget\" data-widget_type=\"wd_text_block.default\">\n\t\t\t\t<div class=\"elementor-widget-container\">\n\t\t\t\t\t<div class=\"wd-text-block reset-last-child text-left\">\n\t\t\t\n\t\t\t<p>- Po\u0161kozen\u00ed zp\u016fsoben\u00e9 vniknut\u00edm ciz\u00edch p\u0159edm\u011bt\u016f, kapalin nebo hmyzu do p\u0159\u00edstroje.<\/p><p>- \u0161patn\u00e1 instalace, p\u0159ipojen\u00ed, konfigurace, technick\u00e1 a servisn\u00ed \u00fadr\u017eba prov\u00e1d\u011bn\u00e1 t\u0159et\u00edmi stranami nebo neodborn\u00fdm person\u00e1lem.<\/p><p>- P\u0159\u00edtomnost zn\u00e1mek po\u0161kozen\u00ed v d\u016fsledku nedodr\u017een\u00ed doporu\u010den\u00fdch parametr\u016f nap\u00e1jec\u00edch s\u00edt\u00ed, teploty, vlhkosti (m\u00edstnosti, kde je za\u0159\u00edzen\u00ed instalov\u00e1no a provozov\u00e1no) a dal\u0161\u00edch podobn\u00fdch vn\u011bj\u0161\u00edch faktor\u016f.<\/p><p>- P\u0159\u00edtomnost zn\u00e1mek po\u0161kozen\u00ed v d\u016fsledku pou\u017eit\u00ed nekvalitn\u00edho a\/nebo nevyhovuj\u00edc\u00edho spot\u0159ebn\u00edho materi\u00e1lu, chemik\u00e1li\u00ed, p\u0159\u00edslu\u0161enstv\u00ed, n\u00e1hradn\u00edch d\u00edl\u016f.\u00a0<\/p>\n\t\t\t\t\t<\/div>\n\t\t\t\t<\/div>\n\t\t\t\t<\/div>\n\t\t\t\t\t<\/div>\n\t\t\t\t<\/div>\n\t\t<div class=\"wd-negative-gap elementor-element elementor-element-2d54e40 e-flex e-con-boxed wd-section-disabled e-con e-parent\" data-id=\"2d54e40\" data-element_type=\"container\">\n\t\t\t\t\t<div class=\"e-con-inner\">\n\t\t<div class=\"elementor-element elementor-element-b114f23 e-con-full e-flex wd-section-disabled e-con e-child\" data-id=\"b114f23\" data-element_type=\"container\">\n\t\t\t\t<div class=\"elementor-element elementor-element-ffd3f70 elementor-widget elementor-widget-wd_text_block\" data-id=\"ffd3f70\" data-element_type=\"widget\" data-widget_type=\"wd_text_block.default\">\n\t\t\t\t<div class=\"elementor-widget-container\">\n\t\t\t\t\t<div class=\"wd-text-block reset-last-child text-left\">\n\t\t\t\n\t\t\t<p><strong>Poz\u00e1ru\u010dn\u00ed servis <\/strong><\/p><p><strong>CO SLU\u017dBA ZAHRNUJE<\/strong><\/p><p>- \u010ci\u0161t\u011bn\u00ed krytu a p\u0159edn\u00edho panelu vnit\u0159n\u00ed jednotky<\/p><p>- Kontrola t\u011bsnosti spoj\u016f v chladic\u00edm okruhu<\/p><p>- \u010ci\u0161t\u011bn\u00ed filtr\u016f, ob\u011b\u017en\u00e9ho kola a v\u00fdm\u011bn\u00edku tepla vnit\u0159n\u00ed jednotky pomoc\u00ed vysokotlak\u00e9ho vyv\u00edje\u010de p\u00e1ry.<\/p><p>- \u0158\u00edzen\u00ed tlaku v syst\u00e9mu. V p\u0159\u00edpad\u011b pot\u0159eby dopl\u0148te freon do 100 g zdarma, nad 200 g dle cen\u00edku (p\u0159\u00edpustn\u00fd \u00fanik &lt;10%).<\/p><p>- O\u0161et\u0159en\u00ed filtr\u016f klimatizace dezinfek\u010dn\u00edm roztokem<\/p><p>- Kontrola kontakt\u016f elektrick\u00fdch spoj\u016f, kontrola nap\u00e1jec\u00edho nap\u011bt\u00ed<\/p><p>- Kontrola funk\u010dnosti syst\u00e9mu odvodu kondenz\u00e1tu, \u010di\u0161t\u011bn\u00ed a dezinfekce specializovan\u00fdm p\u0159\u00edpravkem.<\/p><p>- M\u011b\u0159en\u00ed teploty vzduchu vych\u00e1zej\u00edc\u00edho z vnit\u0159n\u00ed jednotky<\/p><p>- \u010ci\u0161t\u011bn\u00ed a myt\u00ed v\u00fdm\u011bn\u00edku tepla venkovn\u00ed jednotky<\/p><p>- Kontrola v\u00fdkonu klimatizace v r\u016fzn\u00fdch re\u017eimech<\/p>\n\t\t\t\t\t<\/div>\n\t\t\t\t<\/div>\n\t\t\t\t<\/div>\n\t\t\t\t<\/div>\n\t\t<div class=\"elementor-element elementor-element-828f7d9 e-con-full e-flex wd-section-disabled e-con e-child\" data-id=\"828f7d9\" data-element_type=\"container\">\n\t\t\t\t<div class=\"elementor-element elementor-element-fd0c44c elementor-widget elementor-widget-wd_image_or_svg\" data-id=\"fd0c44c\" data-element_type=\"widget\" data-widget_type=\"wd_image_or_svg.default\">\n\t\t\t\t<div class=\"elementor-widget-container\">\n\t\t\t\n\t\t<div class=\"wd-image text-left\">\n\t\t\t\t\t\t\t\t<img decoding=\"async\" width=\"1066\" height=\"1600\" src=\"https:\/\/www.labklima.sk\/wp-content\/uploads\/2023\/11\/06-1.png\" class=\"attachment-full size-full\" alt=\"\" srcset=\"https:\/\/www.labklima.sk\/wp-content\/uploads\/2023\/11\/06-1.png 1066w, https:\/\/www.labklima.sk\/wp-content\/uploads\/2023\/11\/06-1-75x113.png 75w, https:\/\/www.labklima.sk\/wp-content\/uploads\/2023\/11\/06-1-600x901.png 600w, https:\/\/www.labklima.sk\/wp-content\/uploads\/2023\/11\/06-1-200x300.png 200w, https:\/\/www.labklima.sk\/wp-content\/uploads\/2023\/11\/06-1-682x1024.png 682w, https:\/\/www.labklima.sk\/wp-content\/uploads\/2023\/11\/06-1-768x1153.png 768w, https:\/\/www.labklima.sk\/wp-content\/uploads\/2023\/11\/06-1-1023x1536.png 1023w\" sizes=\"(max-width: 1066px) 100vw, 1066px\" \/>\t\t\t\t\t<\/div>\n\n\t\t\t\t<\/div>\n\t\t\t\t<\/div>\n\t\t\t\t<\/div>\n\t\t\t\t\t<\/div>\n\t\t\t\t<\/div>\n\t\t\t\t<\/div>","protected":false},"excerpt":{"rendered":"<p>Z\u00e1ru\u010dn\u00ed servis V\u0161echny v\u00fdrobky Electrolux nab\u00edzen\u00e9 v na\u0161em obchod\u011b jsou ofici\u00e1ln\u011b dod\u00e1v\u00e1ny do Slovensk\u00e9 republiky a maj\u00ed ofici\u00e1ln\u00ed z\u00e1ruku.<\/p>","protected":false},"author":1,"featured_media":0,"parent":0,"menu_order":0,"comment_status":"closed","ping_status":"closed","template":"","meta":{"footnotes":""},"_links":{"self":[{"href":"https:\/\/www.labklima.sk\/cz\/wp-json\/wp\/v2\/pages\/360"}],"collection":[{"href":"https:\/\/www.labklima.sk\/cz\/wp-json\/wp\/v2\/pages"}],"about":[{"href":"https:\/\/www.labklima.sk\/cz\/wp-json\/wp\/v2\/types\/page"}],"author":[{"embeddable":true,"href":"https:\/\/www.labklima.sk\/cz\/wp-json\/wp\/v2\/users\/1"}],"replies":[{"embeddable":true,"href":"https:\/\/www.labklima.sk\/cz\/wp-json\/wp\/v2\/comments?post=360"}],"version-history":[{"count":6,"href":"https:\/\/www.labklima.sk\/cz\/wp-json\/wp\/v2\/pages\/360\/revisions"}],"predecessor-version":[{"id":1225,"href":"https:\/\/www.labklima.sk\/cz\/wp-json\/wp\/v2\/pages\/360\/revisions\/1225"}],"wp:attachment":[{"href":"https:\/\/www.labklima.sk\/cz\/wp-json\/wp\/v2\/media?parent=360"}],"curies":[{"name":"wp","href":"https:\/\/api.w.org\/{rel}","templated":true}]}}