{"id":358,"date":"2023-11-09T15:09:12","date_gmt":"2023-11-09T14:09:12","guid":{"rendered":"https:\/\/www.labklima.sk\/?page_id=358"},"modified":"2024-04-19T10:03:17","modified_gmt":"2024-04-19T08:03:17","slug":"instalacia","status":"publish","type":"page","link":"https:\/\/www.labklima.sk\/cz\/instalacia\/","title":{"rendered":"Instalace"},"content":{"rendered":"<div data-elementor-type=\"wp-page\" data-elementor-id=\"358\" class=\"elementor elementor-358\" data-elementor-post-type=\"page\">\n\t\t\t\t<div class=\"wd-negative-gap elementor-element elementor-element-b40843b e-flex e-con-boxed wd-section-disabled e-con e-parent\" data-id=\"b40843b\" data-element_type=\"container\">\n\t\t\t\t\t<div class=\"e-con-inner\">\n\t\t<div class=\"elementor-element elementor-element-c4895c1 e-con-full e-flex wd-section-disabled e-con e-child\" data-id=\"c4895c1\" data-element_type=\"container\">\n\t\t\t\t<div class=\"elementor-element elementor-element-1689bc4 elementor-widget elementor-widget-wd_image_or_svg\" data-id=\"1689bc4\" data-element_type=\"widget\" data-widget_type=\"wd_image_or_svg.default\">\n\t\t\t\t<div class=\"elementor-widget-container\">\n\t\t\t\n\t\t<div class=\"wd-image text-left\">\n\t\t\t\t\t\t\t\t<img fetchpriority=\"high\" decoding=\"async\" width=\"1600\" height=\"1066\" src=\"https:\/\/www.labklima.sk\/wp-content\/uploads\/2023\/11\/03.jpeg\" class=\"attachment-full size-full\" alt=\"\" srcset=\"https:\/\/www.labklima.sk\/wp-content\/uploads\/2023\/11\/03.jpeg 1600w, https:\/\/www.labklima.sk\/wp-content\/uploads\/2023\/11\/03-75x50.jpeg 75w, https:\/\/www.labklima.sk\/wp-content\/uploads\/2023\/11\/03-600x400.jpeg 600w, https:\/\/www.labklima.sk\/wp-content\/uploads\/2023\/11\/03-300x200.jpeg 300w, https:\/\/www.labklima.sk\/wp-content\/uploads\/2023\/11\/03-1024x682.jpeg 1024w, https:\/\/www.labklima.sk\/wp-content\/uploads\/2023\/11\/03-768x512.jpeg 768w, https:\/\/www.labklima.sk\/wp-content\/uploads\/2023\/11\/03-1536x1023.jpeg 1536w\" sizes=\"(max-width: 1600px) 100vw, 1600px\" \/>\t\t\t\t\t<\/div>\n\n\t\t\t\t<\/div>\n\t\t\t\t<\/div>\n\t\t\t\t<\/div>\n\t\t<div class=\"elementor-element elementor-element-b6970d8 e-con-full e-flex wd-section-disabled e-con e-child\" data-id=\"b6970d8\" data-element_type=\"container\">\n\t\t\t\t<div class=\"elementor-element elementor-element-c8704b2 elementor-widget elementor-widget-wd_image_or_svg\" data-id=\"c8704b2\" data-element_type=\"widget\" data-widget_type=\"wd_image_or_svg.default\">\n\t\t\t\t<div class=\"elementor-widget-container\">\n\t\t\t\n\t\t<div class=\"wd-image text-left\">\n\t\t\t\t\t\t\t\t<img decoding=\"async\" width=\"1600\" height=\"1066\" src=\"https:\/\/www.labklima.sk\/wp-content\/uploads\/2023\/11\/04.jpeg\" class=\"attachment-full size-full\" alt=\"\" srcset=\"https:\/\/www.labklima.sk\/wp-content\/uploads\/2023\/11\/04.jpeg 1600w, https:\/\/www.labklima.sk\/wp-content\/uploads\/2023\/11\/04-75x50.jpeg 75w, https:\/\/www.labklima.sk\/wp-content\/uploads\/2023\/11\/04-600x400.jpeg 600w, https:\/\/www.labklima.sk\/wp-content\/uploads\/2023\/11\/04-300x200.jpeg 300w, https:\/\/www.labklima.sk\/wp-content\/uploads\/2023\/11\/04-1024x682.jpeg 1024w, https:\/\/www.labklima.sk\/wp-content\/uploads\/2023\/11\/04-768x512.jpeg 768w, https:\/\/www.labklima.sk\/wp-content\/uploads\/2023\/11\/04-1536x1023.jpeg 1536w\" sizes=\"(max-width: 1600px) 100vw, 1600px\" \/>\t\t\t\t\t<\/div>\n\n\t\t\t\t<\/div>\n\t\t\t\t<\/div>\n\t\t\t\t<\/div>\n\t\t<div class=\"elementor-element elementor-element-ddda6b5 e-con-full e-flex wd-section-disabled e-con e-child\" data-id=\"ddda6b5\" data-element_type=\"container\">\n\t\t\t\t<div class=\"elementor-element elementor-element-2d9e1d0 elementor-widget elementor-widget-wd_text_block\" data-id=\"2d9e1d0\" data-element_type=\"widget\" data-widget_type=\"wd_text_block.default\">\n\t\t\t\t<div class=\"elementor-widget-container\">\n\t\t\t\t\t<div class=\"wd-text-block reset-last-child text-left\">\n\t\t\t\n\t\t\t<p>St\u00e1le obl\u00edben\u011bj\u0161\u00ed slu\u017ebou je instalace klimatiza\u010dn\u00edch syst\u00e9m\u016f na kl\u00ed\u010d. Dom\u00e1cnost tak m\u016f\u017ee komplexn\u011b vy\u0159e\u0161it probl\u00e9my s vyt\u00e1p\u011bn\u00edm, chlazen\u00edm a oh\u0159evem vody a v\u00fdrazn\u011b sn\u00ed\u017eit m\u011bs\u00ed\u010dn\u00ed n\u00e1klady na energie. Aby v\u0161ak byly v\u0161echny pr\u00e1ce dob\u0159e odvedeny, m\u011bla by se jich ujmout kvalifikovan\u00e1 pracovn\u00ed s\u00edla. Cena instalace z\u00e1vis\u00ed na po\u017eadovan\u00e9m v\u00fdkonu, klimatick\u00fdch podm\u00ednk\u00e1ch regionu, specifikac\u00edch domu a dal\u0161\u00edch faktorech.<\/p><p>Po dokon\u010den\u00ed v\u00fdpo\u010dt\u016f a v\u00fdb\u011bru za\u0159\u00edzen\u00ed provedou zku\u0161en\u00ed a odborn\u011b vy\u0161kolen\u00ed \u0159emesln\u00edci p\u0159ipojen\u00ed a nastaven\u00ed tak, aby klient nem\u011bl po mnoho let \u017e\u00e1dn\u00e9 probl\u00e9my.<\/p>\n\t\t\t\t\t<\/div>\n\t\t\t\t<\/div>\n\t\t\t\t<\/div>\n\t\t\t\t<\/div>\n\t\t\t\t\t<\/div>\n\t\t\t\t<\/div>\n\t\t\t\t<\/div>","protected":false},"excerpt":{"rendered":"<p>St\u00e1le obl\u00edben\u011bj\u0161\u00ed slu\u017ebou je instalace klimatiza\u010dn\u00edch syst\u00e9m\u016f na kl\u00ed\u010d. Dom\u00e1cnost tak m\u016f\u017ee komplexn\u011b vy\u0159e\u0161it probl\u00e9my s vyt\u00e1p\u011bn\u00edm, chlazen\u00edm a p\u0159it\u00e1p\u011bn\u00edm.<\/p>","protected":false},"author":1,"featured_media":0,"parent":0,"menu_order":0,"comment_status":"closed","ping_status":"closed","template":"","meta":{"footnotes":""},"_links":{"self":[{"href":"https:\/\/www.labklima.sk\/cz\/wp-json\/wp\/v2\/pages\/358"}],"collection":[{"href":"https:\/\/www.labklima.sk\/cz\/wp-json\/wp\/v2\/pages"}],"about":[{"href":"https:\/\/www.labklima.sk\/cz\/wp-json\/wp\/v2\/types\/page"}],"author":[{"embeddable":true,"href":"https:\/\/www.labklima.sk\/cz\/wp-json\/wp\/v2\/users\/1"}],"replies":[{"embeddable":true,"href":"https:\/\/www.labklima.sk\/cz\/wp-json\/wp\/v2\/comments?post=358"}],"version-history":[{"count":6,"href":"https:\/\/www.labklima.sk\/cz\/wp-json\/wp\/v2\/pages\/358\/revisions"}],"predecessor-version":[{"id":1156,"href":"https:\/\/www.labklima.sk\/cz\/wp-json\/wp\/v2\/pages\/358\/revisions\/1156"}],"wp:attachment":[{"href":"https:\/\/www.labklima.sk\/cz\/wp-json\/wp\/v2\/media?parent=358"}],"curies":[{"name":"wp","href":"https:\/\/api.w.org\/{rel}","templated":true}]}}